{"id":244499,"date":"2026-01-02T23:04:58","date_gmt":"2026-01-02T20:04:58","guid":{"rendered":"https:\/\/baldumarket.lt\/product\/szafka-pod-umywalke-90-cm-luxor-black\/"},"modified":"2026-02-11T18:33:27","modified_gmt":"2026-02-11T15:33:27","slug":"szafka-pod-umywalke-90-cm-luxor-black","status":"publish","type":"product","link":"https:\/\/baldumarket.lt\/lt\/product\/szafka-pod-umywalke-90-cm-luxor-black\/","title":{"rendered":"Praustuvo spintel\u0117, 90 cm, juoda, \u201eLuxor\u201c"},"content":{"rendered":"<p>\u201eLuxor Black\u201c 90 cm kriaukl\u0117s spintel\u0117. Moderni \u201eLuxor Black\u201c kriaukl\u0117s spintel\u0117 i\u0161 \u201eComad\u201c. Alyvuoto \u0105\u017euolo ir juodos spalv\u0173 derinys suteikia elegancijos. Pagaminta i\u0161 auk\u0161tos kokyb\u0117s laminuotos plok\u0161t\u0117s ir MDF. \u012erengta 1 lentyna, 2 stal\u010diai su metalin\u0117mis b\u0117gel\u0117mis ir \u0161velnaus u\u017edarymo sistema. Matmenys: Plotis (cm): 90 Gylis (cm): 46 Auk\u0161tis (cm): 57 Techniniai duomenys: Spalva: Alyvuotas \u0105\u017euolas, juoda Med\u017eiaga: LAMINUOTA PLOk\u0161t\u0117 \/ MDF Priekin\u0117s dalys: laminuota plok\u0161t\u0117 Priekin\u0117s dalies spalva: juoda Korpusas: MDF Korpuso spalva: juoda Lentynos: laminuota plok\u0161t\u0117 Lentyn\u0173 skai\u010dius: 1 Stal\u010di\u0173 skai\u010dius: 2 B\u0117geliai: metaliniai, \u0161velnaus u\u017edarymo Rankenos: frezuotos priekyje Surinkimo b\u016bdas: savaranki\u0161kas surinkimas \u201eLuxor Black\u201c praustuvo spintel\u0117 \u2013 tai puikus funkcionalumo ir stiliaus derinys, kuris suteiks charakterio bet kuriam vonios kambariui. Sukurta garsaus prek\u0117s \u017eenklo \u201eComad\u201c, \u0161i eleganti\u0161ka spintel\u0117, kurios plotis yra 90 cm, auk\u0161tis 57 cm ir gylis 46 cm, yra puikus sprendimas tiems, kurie vertina modern\u0173 dizain\u0105 ir prakti\u0161kum\u0105.<\/p>\n<p>I\u0161skirtin\u0117 juoda fasado ir korpuso spalva, pagaminta i\u0161 auk\u0161tos kokyb\u0117s laminuotos plok\u0161t\u0117s ir MDF, suteikia \u201eLuxor Black\u201c spintelei stiling\u0105 ir prabangi\u0105 i\u0161vaizd\u0105. Alyvuotas \u0105\u017euolas suteikia \u0161ilumos ir nat\u016bralumo, kuris puikiai kontrastuoja su ai\u0161kiomis, juodomis linijomis.<\/p>\n<p>\u0160ios praustuvo spintel\u0117s prakti\u0161kum\u0105 padidina apgalvotos detal\u0117s, tokios kaip frezuotos ranken\u0117l\u0117s priekin\u0117je dalyje, kurios suteikia jai minimalistin\u0119 i\u0161vaizd\u0105 ir yra patogios naudoti. \u0160velniai u\u017esidarantys stal\u010diai ir tvirti metaliniai b\u0117geliai u\u017etikrina patog\u0173 kasdien\u012f naudojim\u0105, pa\u0161alina nemalon\u0173 girg\u017ed\u0117jim\u0105 ir u\u017etikrina spintel\u0117s ilgaam\u017ei\u0161kum\u0105.<\/p>\n<p>\u201eLuxor Black\u201c spintel\u0117 turi vien\u0105 lentyn\u0105 ir du erdvius stal\u010dius, kuriuose patogiai laikomi \u012fvair\u016bs vonios kambario aksesuarai. Tai leid\u017eia lengviau palaikyti tvark\u0105 vonios kambaryje, o visi reikalingi daiktai visada yra po ranka. Surinkimas paprastas ir intuityvus, tod\u0117l galite greitai m\u0117gautis moderniu ir funkcionaliu interjero dizaino elementu.<\/p>\n<p>Rinkit\u0117s \u201eLuxor Black\u201c praustuvo spintel\u0119 i\u0161 \u201eComad\u201c, kad suteiktum\u0117te savo vonios kambariui unikalaus stiliaus ir elegancijos. \u0160is baldas derina estetik\u0105 ir prakti\u0161kum\u0105, u\u017etikrindamas auk\u0161\u010diausi\u0105 meistri\u0161kumo kokyb\u0119 ir patogum\u0105 kasdieniam naudojimui.<\/p>","protected":false},"excerpt":{"rendered":"<p>Plotis (cm): 90<br \/>\n\u016agis (cm): 57<br \/>\nGylis (cm): 46<\/p>","protected":false},"featured_media":244500,"comment_status":"open","ping_status":"open","template":"","meta":[],"product_brand":[],"product_cat":[9117,2015,9187],"product_tag":[],"class_list":{"0":"post-244499","1":"product","2":"type-product","3":"status-publish","4":"has-post-thumbnail","6":"product_cat-bathroom","7":"product_cat-comad","8":"product_cat-washbasin-cabinet-comad","10":"first","11":"instock","12":"purchasable","13":"product-type-simple"},"_links":{"self":[{"href":"https:\/\/baldumarket.lt\/lt\/wp-json\/wp\/v2\/product\/244499","targetHints":{"allow":["GET"]}}],"collection":[{"href":"https:\/\/baldumarket.lt\/lt\/wp-json\/wp\/v2\/product"}],"about":[{"href":"https:\/\/baldumarket.lt\/lt\/wp-json\/wp\/v2\/types\/product"}],"replies":[{"embeddable":true,"href":"https:\/\/baldumarket.lt\/lt\/wp-json\/wp\/v2\/comments?post=244499"}],"wp:featuredmedia":[{"embeddable":true,"href":"https:\/\/baldumarket.lt\/lt\/wp-json\/wp\/v2\/media\/244500"}],"wp:attachment":[{"href":"https:\/\/baldumarket.lt\/lt\/wp-json\/wp\/v2\/media?parent=244499"}],"wp:term":[{"taxonomy":"product_brand","embeddable":true,"href":"https:\/\/baldumarket.lt\/lt\/wp-json\/wp\/v2\/product_brand?post=244499"},{"taxonomy":"product_cat","embeddable":true,"href":"https:\/\/baldumarket.lt\/lt\/wp-json\/wp\/v2\/product_cat?post=244499"},{"taxonomy":"product_tag","embeddable":true,"href":"https:\/\/baldumarket.lt\/lt\/wp-json\/wp\/v2\/product_tag?post=244499"}],"curies":[{"name":"wp","href":"https:\/\/api.w.org\/{rel}","templated":true}]}}