{"id":244495,"date":"2026-01-02T23:04:56","date_gmt":"2026-01-02T20:04:56","guid":{"rendered":"https:\/\/baldumarket.lt\/product\/szafka-pod-umywalke-90-cm-luxor-beige\/"},"modified":"2026-02-11T18:33:27","modified_gmt":"2026-02-11T15:33:27","slug":"szafka-pod-umywalke-90-cm-luxor-beige","status":"publish","type":"product","link":"https:\/\/baldumarket.lt\/lt\/product\/szafka-pod-umywalke-90-cm-luxor-beige\/","title":{"rendered":"Praustuvo spintel\u0117, 90 cm, \u201eLuxor Beige\u201c"},"content":{"rendered":"<p>\u201eLuxor Beige\u201c 90 cm kriaukl\u0117s spintel\u0117. Stilinga \u201eLuxor Beige\u201c kriaukl\u0117s spintel\u0117 i\u0161 \u201eComad\u201c. Pagaminta i\u0161 auk\u0161tos kokyb\u0117s MDF ir laminuotos plok\u0161t\u0117s, galima rinktis sm\u0117lio ir alyvuoto \u0105\u017euolo spalv\u0173, su dviem \u0161velniai u\u017esidaran\u010diais stal\u010diais ir frezuotomis ranken\u0117l\u0117mis. Puikiai tinka eleganti\u0161kiems vonios kambariams. Matmenys: Plotis (cm): 90 Gylis (cm): 46 Auk\u0161tis (cm): 57 Techniniai duomenys: Spalva: Alyvuotas \u0105\u017euolas, sm\u0117lio spalvos Med\u017eiaga: LAMINUOTA LENTA \/ MDF Priekin\u0117s dalys: MDF Priekin\u0117s dalies spalva: Sm\u0117lio spalvos Korpusas: Laminuota plok\u0161t\u0117 Korpuso spalva: Alyvuotas \u0105\u017euolas Stal\u010di\u0173 skai\u010dius: 2 B\u0117geliai: \u0160velniai u\u017esidarantys Rankenos: Frezuotos priekyje Surinkimo b\u016bdas: Savaranki\u0161kas surinkimas \u201eComad\u201c \u201eLuxor Beige\u201c praustuvo spintel\u0117 yra puikus sprendimas tiems, kurie ie\u0161ko bald\u0173, kurie derint\u0173 elegancij\u0105 ir funkcionalum\u0105. Jos modernus sm\u0117lio atspalvi\u0173 dizainas puikiai papildo alyvuotus \u0105\u017euolo korpusus, suteikdamas vonios kambariui \u0161ilumos ir rafinuoto stiliaus. Tai unikalus interjero dizaino elementas, kuris tikrai pritrauks ne tik \u0161eimos nari\u0173, bet ir sve\u010di\u0173 d\u0117mes\u012f. Verta atkreipti d\u0117mes\u012f \u012f unikali\u0105 \u201eLuxor Beige\u201c spintel\u0117s estetik\u0105. Grioveliai fasaduose suteikia subtilios elegancijos, o sm\u0117lio spalvos MDF apdaila pabr\u0117\u017eia minimalistin\u012f ir modern\u0173 stili\u0173. Puikiai tinka bet kokiam \u0161iuolaikiniam vonios kambariui, si\u016blydama harmoning\u0105 klasikinio ir modernaus dizaino derin\u012f.<\/p>\n<p>\u0160ios spintel\u0117s privalumai slypi ne tik i\u0161vaizdoje, bet ir funkcionalume. Ji turi du erdvius stal\u010dius su \u0161velnaus u\u017edarymo funkcija, tod\u0117l joje yra daug vietos visiems svarbiausiems vonios kambario aksesuarams susid\u0117ti. Tai leid\u017eia lengviau ir efektyviau palaikyti tvark\u0105 ir organizuotum\u0105 vonios kambaryje.<\/p>\n<p>\u201eComad\u201c \u201eLuxor Beige\u201c spintel\u0119 taip pat lengva surinkti patiems. Profesionaliai suprojektuoti komponentai u\u017etikrina paprast\u0105 montavim\u0105 be profesionalios pagalbos. Tai puikus pasirinkimas tiems, kurie vertina funkcionalius ir eleganti\u0161kus sprendimus, kuriuos gali patys integruoti \u012f savo interjer\u0105.<\/p>\n<p>Trumpai tariant, \u201eLuxor Beige\u201c praustuvo spintel\u0117 \u2013 tai harmoningas stiliaus ir prakti\u0161kumo derinys, suteikiantis bet kokiam vonios kambariui unikalumo. D\u0117l kruop\u0161\u010diai atrinkt\u0173 med\u017eiag\u0173 ir auk\u0161tos kokyb\u0117s gamybos \u0161is baldas pateisins net ir reikliausi\u0173 klient\u0173 l\u016bkes\u010dius, garantuodamas pasitenkinim\u0105 kiekviena naudojimo diena.<\/p>","protected":false},"excerpt":{"rendered":"<p>Plotis (cm): 90<br \/>\n\u016agis (cm): 57<br \/>\nGylis (cm): 46<\/p>","protected":false},"featured_media":244496,"comment_status":"open","ping_status":"open","template":"","meta":[],"product_brand":[],"product_cat":[9117,2015,9187],"product_tag":[],"class_list":{"0":"post-244495","1":"product","2":"type-product","3":"status-publish","4":"has-post-thumbnail","6":"product_cat-bathroom","7":"product_cat-comad","8":"product_cat-washbasin-cabinet-comad","10":"first","11":"instock","12":"purchasable","13":"product-type-simple"},"_links":{"self":[{"href":"https:\/\/baldumarket.lt\/lt\/wp-json\/wp\/v2\/product\/244495","targetHints":{"allow":["GET"]}}],"collection":[{"href":"https:\/\/baldumarket.lt\/lt\/wp-json\/wp\/v2\/product"}],"about":[{"href":"https:\/\/baldumarket.lt\/lt\/wp-json\/wp\/v2\/types\/product"}],"replies":[{"embeddable":true,"href":"https:\/\/baldumarket.lt\/lt\/wp-json\/wp\/v2\/comments?post=244495"}],"wp:featuredmedia":[{"embeddable":true,"href":"https:\/\/baldumarket.lt\/lt\/wp-json\/wp\/v2\/media\/244496"}],"wp:attachment":[{"href":"https:\/\/baldumarket.lt\/lt\/wp-json\/wp\/v2\/media?parent=244495"}],"wp:term":[{"taxonomy":"product_brand","embeddable":true,"href":"https:\/\/baldumarket.lt\/lt\/wp-json\/wp\/v2\/product_brand?post=244495"},{"taxonomy":"product_cat","embeddable":true,"href":"https:\/\/baldumarket.lt\/lt\/wp-json\/wp\/v2\/product_cat?post=244495"},{"taxonomy":"product_tag","embeddable":true,"href":"https:\/\/baldumarket.lt\/lt\/wp-json\/wp\/v2\/product_tag?post=244495"}],"curies":[{"name":"wp","href":"https:\/\/api.w.org\/{rel}","templated":true}]}}