{"id":244478,"date":"2026-01-02T23:04:50","date_gmt":"2026-01-02T20:04:50","guid":{"rendered":"https:\/\/baldumarket.lt\/product\/szafka-pod-umywalke-80-cm-santa-fe-black\/"},"modified":"2026-02-11T18:33:28","modified_gmt":"2026-02-11T15:33:28","slug":"szafka-pod-umywalke-80-cm-santa-fe-black","status":"publish","type":"product","link":"https:\/\/baldumarket.lt\/lt\/product\/szafka-pod-umywalke-80-cm-santa-fe-black\/","title":{"rendered":"SANTA FE BLACK praustuvo spintel\u0117, 80 cm"},"content":{"rendered":"<p>SANTA FE BLACK praustuvo spintel\u0117 80 cm. Eleganti\u0161ka SANTA FE BLACK praustuvo spintel\u0117 i\u0161 \u201eComad\u201c. Pagaminta i\u0161 laminato ir MDF, su matin\u0117s juodos spalvos priekiu ir chromuotomis ranken\u0117l\u0117mis. Turi 2 stal\u010dius su \u0161velnaus u\u017edarymo funkcija. Puikiai tinka moderniems vonios kambariams. Matmenys: Plotis (cm): 80 Gylis (cm): 45,6 Auk\u0161tis (cm): 46 Techniniai duomenys: Korpuso spalva: Matin\u0117 juoda Priekin\u0117s dalies spalva: Matin\u0117 juoda Korpuso med\u017eiaga: Laminuota plok\u0161t\u0117 Priekin\u0117s dalies med\u017eiaga: MDF Ranken\u0117l\u0117s: Chromas Vyriai: \u0160velniai u\u017esidaro Baldo tipas: Pakabinami ant sienos Stal\u010di\u0173 skai\u010dius: 2 SANTA FE BLACK praustuvo spintel\u0117 \u2013 tai modernios elegancijos esencija, puikiai deranti prie minimalistiniu stiliumi dekoruot\u0173 interjero element\u0173. Matin\u0117 juoda spalva suteikia interjerui gylio ir prabangos, sukurdama ry\u0161k\u0173 kontrast\u0105 su \u0161viesiomis erdv\u0117mis. Matin\u0117 juoda spalva yra ne tik ne\u012ftik\u0117tinai madinga, bet ir prakti\u0161ka, puikiai paslepianti \u012fbr\u0117\u017eimus ir ne\u0161varumus.<\/p>\n<p>D\u0117l \u0161ios praustuvo spintel\u0117s \u201epl\u016bduriuojan\u010dios\u201c konstrukcijos vonios kambarys atrodo lengvesnis ir erdvesnis, tod\u0117l lengviau palaikyti \u0161var\u0105 po apa\u010dia. Du erdv\u016bs stal\u010diai pad\u0117s tvarkingai susid\u0117ti visus b\u016btiniausius higienos reikmenis. D\u0117l eleganti\u0161k\u0173 chromuot\u0173 ranken\u0117li\u0173 ir \u0161velnaus u\u017edarymo sistemos naudotis \u0161ia spintele \u2013 tikras malonumas.<\/p>\n<p>\u201eComad\u201c baldai yra \u017einomi d\u0117l auk\u0161tos kokyb\u0117s meistri\u0161kumo, o \u201eSANTA FE BLACK\u201c yra puikus to pavyzdys. Laminuotos plok\u0161t\u0117s korpusas ir MDF fasadai garantuoja ilgaam\u017ei\u0161kum\u0105 ir atsparum\u0105 dr\u0117gmei, kurie yra b\u016btini bet kuriame vonios kambaryje. Tvirt\u0173 med\u017eiag\u0173 naudojimas u\u017etikrina, kad baldas daugel\u012f met\u0173 i\u0161laikys gra\u017ei\u0105 i\u0161vaizd\u0105.<\/p>\n<p>SANTA FE BLACK spintel\u0117 praustuvui \u2013 tai ne tik funkcionalus j\u016bs\u0173 vonios kambario papildymas, bet ir dekoratyvinis elementas, suteiksiantis j\u016bs\u0173 interjerui modernumo. Kiekviena detal\u0117 \u2013 nuo matin\u0117s apdailos iki chromuot\u0173 ranken\u0117li\u0173 \u2013 sukurta taip, kad sukurt\u0173 harmoning\u0105 ir stiling\u0105 vaizd\u0105. \u012esitikinkite patys, kiek daug skirtumo j\u016bs\u0173 vonios kambaryje gali padaryti vienas baldas!<\/p>","protected":false},"excerpt":{"rendered":"<p>Plotis (cm): 80<br \/>\nGylis (cm): 45,6<br \/>\n\u016agis (cm): 46<\/p>","protected":false},"featured_media":244479,"comment_status":"open","ping_status":"open","template":"","meta":[],"product_brand":[],"product_cat":[9117,2015,9187],"product_tag":[],"class_list":{"0":"post-244478","1":"product","2":"type-product","3":"status-publish","4":"has-post-thumbnail","6":"product_cat-bathroom","7":"product_cat-comad","8":"product_cat-washbasin-cabinet-comad","10":"first","11":"instock","12":"purchasable","13":"product-type-simple"},"_links":{"self":[{"href":"https:\/\/baldumarket.lt\/lt\/wp-json\/wp\/v2\/product\/244478","targetHints":{"allow":["GET"]}}],"collection":[{"href":"https:\/\/baldumarket.lt\/lt\/wp-json\/wp\/v2\/product"}],"about":[{"href":"https:\/\/baldumarket.lt\/lt\/wp-json\/wp\/v2\/types\/product"}],"replies":[{"embeddable":true,"href":"https:\/\/baldumarket.lt\/lt\/wp-json\/wp\/v2\/comments?post=244478"}],"wp:featuredmedia":[{"embeddable":true,"href":"https:\/\/baldumarket.lt\/lt\/wp-json\/wp\/v2\/media\/244479"}],"wp:attachment":[{"href":"https:\/\/baldumarket.lt\/lt\/wp-json\/wp\/v2\/media?parent=244478"}],"wp:term":[{"taxonomy":"product_brand","embeddable":true,"href":"https:\/\/baldumarket.lt\/lt\/wp-json\/wp\/v2\/product_brand?post=244478"},{"taxonomy":"product_cat","embeddable":true,"href":"https:\/\/baldumarket.lt\/lt\/wp-json\/wp\/v2\/product_cat?post=244478"},{"taxonomy":"product_tag","embeddable":true,"href":"https:\/\/baldumarket.lt\/lt\/wp-json\/wp\/v2\/product_tag?post=244478"}],"curies":[{"name":"wp","href":"https:\/\/api.w.org\/{rel}","templated":true}]}}