{"id":244473,"date":"2026-01-02T23:04:48","date_gmt":"2026-01-02T20:04:48","guid":{"rendered":"https:\/\/baldumarket.lt\/product\/szafka-pod-umywalke-80-cm-ocean-black\/"},"modified":"2026-02-11T18:33:28","modified_gmt":"2026-02-11T15:33:28","slug":"szafka-pod-umywalke-80-cm-ocean-black","status":"publish","type":"product","link":"https:\/\/baldumarket.lt\/lt\/product\/szafka-pod-umywalke-80-cm-ocean-black\/","title":{"rendered":"Praustuvo spintel\u0117, 80 cm, vandenyno juoda"},"content":{"rendered":"<p>Praustuvo spintel\u0117 80 cm OCEAN BLACK. \u201eComad\u201c OCEAN BLACK praustuvo spintel\u0117 pasi\u017eymi matin\u0117s juodos ir alyvuoto \u0105\u017euolo spalv\u0173 deriniu, suteikian\u010diu jai modern\u0173 ir eleganti\u0161k\u0105 vaizd\u0105. Ji turi du erdvius stal\u010dius su \u0161velniu u\u017edarymu ir integruotomis rankenomis. Matmenys: Plotis (cm): 80 Gylis (cm): 46 Auk\u0161tis (cm): 57 Svoris (kg): 29,5 Techniniai duomenys: Spalva: Matin\u0117 juoda, Alyvuotas \u0105\u017euolas Med\u017eiaga: Laminuota plok\u0161t\u0117 \/ MDF plok\u0161t\u0117 Korpuso med\u017eiaga: Laminuota plok\u0161t\u0117 Korpuso spalva: Alyvuotas \u0105\u017euolas Priekio med\u017eiaga: MDF plok\u0161t\u0117 Priekio spalva: Matin\u0117 juoda Priekio konstrukcija: Frezuotas ra\u0161tas Reikalingas surinkimas: Taip Tvirtinimo kai\u0161\u010diai pridedami: Taip, yra Tvirtinimo pakuot\u0117 \u012ftraukta: Taip Montavimo viduje b\u016bdas: Pakabinimui ant sienos Stal\u010di\u0173 kiekis: 2 stal\u010diai 1 stal\u010dius Konstrukcija: Pilnas dugnas su i\u0161pjova galin\u0117je juostel\u0117je \u2013 Rekomenduojama montuoti \u017eem\u0105 sienin\u012f sifon\u0105 \u2013 1 stal\u010diuje n\u0117ra sifono Prailginimas: 3\/4 prailginimo 2 stal\u010dius Prailginimas: Pilno i\u0161traukimo vir\u0161utinis stal\u010diaus organizatorius: Ne 1 stal\u010dius Svorio talpa: 5 g Vyriai: \u0160velnus u\u017edarymas Rankenos: Integruotos Rankenos med\u017eiaga: MDF Rankenos spalva: Matin\u0117 juoda \u201eComad\u201c OCEAN BLACK praustuvo spintel\u0117 \u2013 puikus sprendimas moderniam vonios kambariui. Eleganti\u0161ka matin\u0117 juoda priekin\u0117 dalis kartu su nat\u016braliu alyvuotu \u0105\u017euolu sukuria harmoning\u0105 ir stiling\u0105 kompozicij\u0105, kuri suteiks \u017eavesio bet kokiam interjerui. \u0160is spalv\u0173 ir tekst\u016br\u0173 derinys suteiks j\u016bs\u0173 vonios kambariui klas\u0117s ir prabangos. \u0160\u012f bald\u0105 i\u0161skiria ne tik estetika. D\u0117l dviej\u0173 erdvi\u0173 stal\u010di\u0173 su tyliais vyriais tur\u0117site vietos visiems svarbiausiems vonios kambario aksesuarams, kurie visada bus po ranka. Gerai apgalvotas pilno i\u0161traukimo stal\u010di\u0173 i\u0161d\u0117stymas supaprastina organizavim\u0105 ir leid\u017eia laikyti dar didesnius daiktus. Sutvarkykite savo erdv\u0119 ir m\u0117gaukit\u0117s tvarkinga, kasdiene aplinka. Spintel\u0117 OCEAN BLACK pagaminta i\u0161 auk\u0161tos kokyb\u0117s med\u017eiag\u0173, toki\u0173 kaip MDF ir laminuota plok\u0161t\u0117, u\u017etikrinanti patvarum\u0105 ir atsparum\u0105 vonios kambariams b\u016bdingai dr\u0117gmei. \u0160is gaminys skirtas ilgalaikiam naudojimui, tod\u0117l jo funkcionalumu d\u017eiaugsit\u0117s ilgus metus. \u0160ios spintel\u0117s surinkimas \u2013 tikras malonumas. Komplekte yra visos reikalingos tvirtinimo prie sienos detal\u0117s, leid\u017eian\u010dios greitai ir be vargo sumontuoti pasirinktoje vietoje. D\u0117l gerai apgalvoto dizaino surinkimas yra paprastas ir intuityvus, o pati spintel\u0117, sumontuota, atrodo itin stabili ir tvirta. D\u0117l integruotos matin\u0117s juodos rankenos visa spintel\u0117 i\u0161laiko vienod\u0105 ir eleganti\u0161k\u0105 i\u0161vaizd\u0105, kuri puikiai dera prie modernaus interjero dizaino. Pasirinkdami OCEAN BLACK spintel\u0119 praustuvui, investuojate \u012f kokyb\u0119, funkcionalum\u0105 ir stili\u0173, kurie neabejotinai pagerins j\u016bs\u0173 vonios kambar\u012f.<\/p>","protected":false},"excerpt":{"rendered":"<p>Plotis (cm): 80<br \/>\nGylis (cm): 46<br \/>\n\u016agis (cm): 57<\/p>","protected":false},"featured_media":244474,"comment_status":"open","ping_status":"open","template":"","meta":[],"product_brand":[],"product_cat":[9117,2015,9187],"product_tag":[],"class_list":{"0":"post-244473","1":"product","2":"type-product","3":"status-publish","4":"has-post-thumbnail","6":"product_cat-bathroom","7":"product_cat-comad","8":"product_cat-washbasin-cabinet-comad","10":"first","11":"instock","12":"purchasable","13":"product-type-simple"},"_links":{"self":[{"href":"https:\/\/baldumarket.lt\/lt\/wp-json\/wp\/v2\/product\/244473","targetHints":{"allow":["GET"]}}],"collection":[{"href":"https:\/\/baldumarket.lt\/lt\/wp-json\/wp\/v2\/product"}],"about":[{"href":"https:\/\/baldumarket.lt\/lt\/wp-json\/wp\/v2\/types\/product"}],"replies":[{"embeddable":true,"href":"https:\/\/baldumarket.lt\/lt\/wp-json\/wp\/v2\/comments?post=244473"}],"wp:featuredmedia":[{"embeddable":true,"href":"https:\/\/baldumarket.lt\/lt\/wp-json\/wp\/v2\/media\/244474"}],"wp:attachment":[{"href":"https:\/\/baldumarket.lt\/lt\/wp-json\/wp\/v2\/media?parent=244473"}],"wp:term":[{"taxonomy":"product_brand","embeddable":true,"href":"https:\/\/baldumarket.lt\/lt\/wp-json\/wp\/v2\/product_brand?post=244473"},{"taxonomy":"product_cat","embeddable":true,"href":"https:\/\/baldumarket.lt\/lt\/wp-json\/wp\/v2\/product_cat?post=244473"},{"taxonomy":"product_tag","embeddable":true,"href":"https:\/\/baldumarket.lt\/lt\/wp-json\/wp\/v2\/product_tag?post=244473"}],"curies":[{"name":"wp","href":"https:\/\/api.w.org\/{rel}","templated":true}]}}