{"id":244468,"date":"2026-01-02T23:04:46","date_gmt":"2026-01-02T20:04:46","guid":{"rendered":"https:\/\/baldumarket.lt\/product\/szafka-pod-umywalke-80-cm-ocean-beige\/"},"modified":"2026-02-11T18:33:28","modified_gmt":"2026-02-11T15:33:28","slug":"szafka-pod-umywalke-80-cm-ocean-beige","status":"publish","type":"product","link":"https:\/\/baldumarket.lt\/lt\/product\/szafka-pod-umywalke-80-cm-ocean-beige\/","title":{"rendered":"Praustuvo spintel\u0117, 80 cm, vandenyno sm\u0117lio spalvos"},"content":{"rendered":"<p>Praustuvo spintel\u0117 80 cm OCEAN BEIGE OCEAN BEIGE praustuvo spintel\u0117, 80 cm plo\u010dio, pagaminta i\u0161 laminuotos plok\u0161t\u0117s ir MDF, sm\u0117lio ir \u0105\u017euolo spalv\u0173. Turi du stal\u010dius su \u0161velnaus u\u017edarymo mechanizmu, integruotas rankenas ir reikalauja tvirtinimo prie sienos. Matmenys: Plotis (cm): 80 Gylis (cm): 46 Auk\u0161tis (cm): 57 Svoris (kg): 29,5 Techniniai duomenys: Spalva: Sm\u0117lio spalvos, Alyvuotas \u0105\u017euolas Med\u017eiaga: Laminuota plok\u0161t\u0117 \/ MDF plok\u0161t\u0117 Korpuso med\u017eiaga: Laminuota plok\u0161t\u0117 Korpuso spalva: Alyvuotas \u0105\u017euolas Priekio med\u017eiaga: MDF plok\u0161t\u0117 Priekio spalva: Sm\u0117lio spalvos Priekio konstrukcija: Frezuotas ra\u0161tas Reikalingas surinkimas: Taip Tvirtinimo kai\u0161\u010diai pridedami: Taip, yra komplekte Tvirtinimo pakuot\u0117 komplekte: Taip Montavimo b\u016bdas patalpoje: Pakabinimui ant sienos Stal\u010di\u0173 kiekis: 2 stal\u010diai 1 stal\u010dius Konstrukcija: Pilnas dugnas su i\u0161pjova galin\u0117je juostel\u0117je \u2013 Rekomenduojama montuoti \u017eem\u0105 sienin\u012f sifon\u0105 \u2013 Komplekte n\u0117ra sifono 1 stal\u010dius Prailginimas: 3\/4 prailginimo 2 stal\u010dius Prailginimas: Pilno i\u0161traukimo Vir\u0161utinis stal\u010diaus organizatorius: Ne 1 stal\u010diaus Maksimali apkrova: 5 Vyriai: \u0160velniai u\u017esidaro Rankenos: Integruotos Rankenos med\u017eiaga: MDF plok\u0161t\u0117 Rankenos spalva: Sm\u0117lio spalvos Atraskite elegancij\u0105 ir funkcionalum\u0105 viename! \u201eComad\u201c praustuvo spintel\u0117 OCEAN BEIGE yra puikus pasirinkimas bet kokiam moderniam vonios kambariui. Matmenys ir svoris: Plotis: 80 cm Gylis: 46 cm Auk\u0161tis: 57 cm Svoris: 29,5 kg Spalvos: Fasadai: Sm\u0117lio spalvos Korpusas: Alyvuotas \u0105\u017euolas Med\u017eiaga: Fasadai: MDF plok\u0161t\u0117 su frezuotu ra\u0161tu Korpusas: Laminuota plok\u0161t\u0117 Funkcionalumas: Stal\u010diai: 2 1 stal\u010dius: 3\/4 i\u0161traukiamas, keliamoji galia 5 kg, pilnas dugnas su i\u0161pjova, idealiai tinka \u017eemam sieniniam sifonui montuoti (sifonas nepridedamas) 2 stal\u010dius: Viso ilgio i\u0161traukiamas Spintel\u0117 turi \u0161velnaus u\u017edarymo funkcij\u0105, kuri padidina naudojimo patogum\u0105. Montavimas: Spintel\u0117 skirta kabinti ant sienos. Tvirtinimo rinkinys ir tvirtinimo kai\u0161\u010diai yra \u012ftraukti, tod\u0117l montavimas yra paprastas. Dizainas: Integruotos sm\u0117lio spalvos ranken\u0117l\u0117s, pagamintos i\u0161 MDF, puikiai dera prie bendro dizaino, suteikdamos spintelei modern\u0173 vaizd\u0105. Rinkit\u0117s \u201eComad\u201c spintel\u0119 OCEAN BEIGE ir m\u0117gaukit\u0117s elegancija bei prakti\u0161kumu kiekvien\u0105 dien\u0105!<\/p>","protected":false},"excerpt":{"rendered":"<p>Plotis (cm): 80<br \/>\nGylis (cm): 46<br \/>\n\u016agis (cm): 57<\/p>","protected":false},"featured_media":244469,"comment_status":"open","ping_status":"open","template":"","meta":[],"product_brand":[],"product_cat":[9117,2015,9187],"product_tag":[],"class_list":{"0":"post-244468","1":"product","2":"type-product","3":"status-publish","4":"has-post-thumbnail","6":"product_cat-bathroom","7":"product_cat-comad","8":"product_cat-washbasin-cabinet-comad","10":"first","11":"instock","12":"purchasable","13":"product-type-simple"},"_links":{"self":[{"href":"https:\/\/baldumarket.lt\/lt\/wp-json\/wp\/v2\/product\/244468","targetHints":{"allow":["GET"]}}],"collection":[{"href":"https:\/\/baldumarket.lt\/lt\/wp-json\/wp\/v2\/product"}],"about":[{"href":"https:\/\/baldumarket.lt\/lt\/wp-json\/wp\/v2\/types\/product"}],"replies":[{"embeddable":true,"href":"https:\/\/baldumarket.lt\/lt\/wp-json\/wp\/v2\/comments?post=244468"}],"wp:featuredmedia":[{"embeddable":true,"href":"https:\/\/baldumarket.lt\/lt\/wp-json\/wp\/v2\/media\/244469"}],"wp:attachment":[{"href":"https:\/\/baldumarket.lt\/lt\/wp-json\/wp\/v2\/media?parent=244468"}],"wp:term":[{"taxonomy":"product_brand","embeddable":true,"href":"https:\/\/baldumarket.lt\/lt\/wp-json\/wp\/v2\/product_brand?post=244468"},{"taxonomy":"product_cat","embeddable":true,"href":"https:\/\/baldumarket.lt\/lt\/wp-json\/wp\/v2\/product_cat?post=244468"},{"taxonomy":"product_tag","embeddable":true,"href":"https:\/\/baldumarket.lt\/lt\/wp-json\/wp\/v2\/product_tag?post=244468"}],"curies":[{"name":"wp","href":"https:\/\/api.w.org\/{rel}","templated":true}]}}