{"id":244426,"date":"2026-01-02T23:04:30","date_gmt":"2026-01-02T20:04:30","guid":{"rendered":"https:\/\/baldumarket.lt\/product\/szafka-pod-umywalke-80-cm-luxor-black\/"},"modified":"2026-02-11T18:33:28","modified_gmt":"2026-02-11T15:33:28","slug":"szafka-pod-umywalke-80-cm-luxor-black","status":"publish","type":"product","link":"https:\/\/baldumarket.lt\/lt\/product\/szafka-pod-umywalke-80-cm-luxor-black\/","title":{"rendered":"Praustuvo spintel\u0117 \u201eLuxor\u201c, juoda, 80 cm"},"content":{"rendered":"<p>\u201eLuxor Black\u201c 80 cm praustuvo spintel\u0117\u201eComad\u201c \u201eLuxor Black\u201c praustuvo spintel\u0117 derina alyvuot\u0105 \u0105\u017euol\u0105 ir juod\u0105 MDF priekin\u0119 dal\u012f. \u012erengta dviem \u0161velniai u\u017esidaran\u010diais stal\u010diais ir eleganti\u0161komis frezuotomis ranken\u0117l\u0117mis. Stiklin\u0117s lentynos ir metaliniai b\u0117geliai suteikia klas\u0117s ir funkcionalumo. Matmenys: Plotis (cm): 80 Gylis (cm): 46 Auk\u0161tis (cm): 57 Techniniai duomenys: Spalva: Alyvuotas \u0105\u017euolas, juoda Med\u017eiaga: LAMINUOTA LENTA \/ MDF Priekiniai elementai: MDF Priekin\u0117s dalies spalva: Juoda Korpusas: Laminuota plok\u0161t\u0117 Korpuso spalva: Alyvuotas \u0105\u017euolas Lentynos: Stiklas Stal\u010di\u0173 skai\u010dius: 2 B\u0117geliai: Metaliniai, \u0161velniai u\u017esidarantys Rankenos: Frezuotos priekyje Surinkimo b\u016bdas: Savaranki\u0161kas surinkimas Elegancija dera su funkcionalumu \u201eComad\u201c \u201eLuxor Black\u201c praustuvo spintel\u0117je. \u0160is unikalus 80 cm plo\u010dio baldas yra puikus sprendimas moderniems vonios kambariams, derinantis stiling\u0105 dizain\u0105 su ne\u012fkainojamu prakti\u0161kumu. Matin\u0117s juodos spalvos MDF priekis suteikia interjerui rafinuoto charakterio ir yra lengvai valomas. \u201eLuxor Black\u201c spintel\u0117 sukurta tiems, kurie vertina estetik\u0105 ir tvirt\u0105 meistri\u0161kum\u0105. Korpusas, pagamintas i\u0161 laminuotos plok\u0161t\u0117s, nat\u016bralios, alyvuotos \u0105\u017euolo spalvos, \u012f vonios kambar\u012f \u012fne\u0161 \u0161ilumos ir gamti\u0161kumo. \u0160is med\u017eio ir juodos spalvos derinys puikiai dera prie \u0161iuolaikini\u0173 interjero dizaino tendencij\u0173, suteikdamas kambariui unikal\u0173 charakter\u012f. Praktiniai \u0161io baldo privalumai apima ne tik gra\u017ei\u0105 i\u0161vaizd\u0105, bet ir ergonomi\u0161k\u0105 naudojim\u0105. Du erdv\u016bs stal\u010diai su \u0161velnaus u\u017edarymo funkcija u\u017etikrina patog\u0173 kasdien\u012f naudojim\u0105 ir leid\u017eia optimaliai valdyti erdv\u0119. Subtiliai \u012f fasadus integruotos frezuotos ranken\u0117l\u0117s suteikia bendram dizainui eleganti\u0161ko paprastumo, tod\u0117l nereikia papildom\u0173 i\u0161siki\u0161usi\u0173 element\u0173. \u201eLuxor Black\u201c spintel\u0117s stiklin\u0117s lentynos yra ne tik stilingos, bet ir labai funkcionalios, leid\u017eian\u010dios greitai ir lengvai susitvarkyti kosmetik\u0105 ir vonios kambario aksesuarus. \u0160io baldo surinkimas yra intuityvus ir nesukels problem\u0173 net ir ma\u017eiau patyrusiems \u201epasidaryk pats\u201c entuziastams. \u201eLuxor Black\u201c praustuvo spintel\u0117 yra puikus pasirinkimas tiems, kurie vertina modern\u0173 dizain\u0105 kartu su prakti\u0161kumu. Stilinga apdaila ir auk\u0161tos kokyb\u0117s meistri\u0161kumas suteiks elegancijos ir funkcionalumo bet kuriam vonios kambariui. Jus su\u017eav\u0117s unikalus med\u017eiag\u0173 ir spalv\u0173 derinys, kuris sukurs unikali\u0105 atmosfer\u0105.<\/p>","protected":false},"excerpt":{"rendered":"<p>Plotis (cm): 80<br \/>\n\u016agis (cm): 57<br \/>\nGylis (cm): 46<\/p>","protected":false},"featured_media":244427,"comment_status":"open","ping_status":"open","template":"","meta":[],"product_brand":[],"product_cat":[9117,2015,9187],"product_tag":[],"class_list":{"0":"post-244426","1":"product","2":"type-product","3":"status-publish","4":"has-post-thumbnail","6":"product_cat-bathroom","7":"product_cat-comad","8":"product_cat-washbasin-cabinet-comad","10":"first","11":"instock","12":"purchasable","13":"product-type-simple"},"_links":{"self":[{"href":"https:\/\/baldumarket.lt\/lt\/wp-json\/wp\/v2\/product\/244426","targetHints":{"allow":["GET"]}}],"collection":[{"href":"https:\/\/baldumarket.lt\/lt\/wp-json\/wp\/v2\/product"}],"about":[{"href":"https:\/\/baldumarket.lt\/lt\/wp-json\/wp\/v2\/types\/product"}],"replies":[{"embeddable":true,"href":"https:\/\/baldumarket.lt\/lt\/wp-json\/wp\/v2\/comments?post=244426"}],"wp:featuredmedia":[{"embeddable":true,"href":"https:\/\/baldumarket.lt\/lt\/wp-json\/wp\/v2\/media\/244427"}],"wp:attachment":[{"href":"https:\/\/baldumarket.lt\/lt\/wp-json\/wp\/v2\/media?parent=244426"}],"wp:term":[{"taxonomy":"product_brand","embeddable":true,"href":"https:\/\/baldumarket.lt\/lt\/wp-json\/wp\/v2\/product_brand?post=244426"},{"taxonomy":"product_cat","embeddable":true,"href":"https:\/\/baldumarket.lt\/lt\/wp-json\/wp\/v2\/product_cat?post=244426"},{"taxonomy":"product_tag","embeddable":true,"href":"https:\/\/baldumarket.lt\/lt\/wp-json\/wp\/v2\/product_tag?post=244426"}],"curies":[{"name":"wp","href":"https:\/\/api.w.org\/{rel}","templated":true}]}}