{"id":244422,"date":"2026-01-02T23:04:28","date_gmt":"2026-01-02T20:04:28","guid":{"rendered":"https:\/\/baldumarket.lt\/product\/szafka-pod-umywalke-80-cm-luxor-beige\/"},"modified":"2026-02-11T18:33:28","modified_gmt":"2026-02-11T15:33:28","slug":"szafka-pod-umywalke-80-cm-luxor-beige","status":"publish","type":"product","link":"https:\/\/baldumarket.lt\/lt\/product\/szafka-pod-umywalke-80-cm-luxor-beige\/","title":{"rendered":"Praustuvo spintel\u0117, 80 cm, \u201eLuxor\u201c sm\u0117lio spalvos"},"content":{"rendered":"<p>\u201eLuxor Beige\u201c 80 cm praustuvo spintel\u0117\u201eComad\u201c \u201eLuxor Beige\u201c praustuvo spintel\u0117 \u2013 eleganti\u0161kas sprendimas moderniems vonios kambariams. Pagaminta i\u0161 laminuotos plok\u0161t\u0117s ir MDF, ji derina sm\u0117lio spalvos fasadus su alyvuoto \u0105\u017euolo korpusu. Matmenys: Plotis (cm): 80 Gylis (cm): 46 Auk\u0161tis (cm): 57 Techniniai duomenys: Spalva: Alyvuotas \u0105\u017euolas, sm\u0117lio spalvos Med\u017eiaga: LAMINUOTA PLOk\u0161t\u0117 \/ MDF Fasadai: MDF Priekin\u0117s dalies spalva: Sm\u0117lio spalvos Korpusas: Laminuota plok\u0161t\u0117 Korpuso spalva: Alyvuotas \u0105\u017euolas Stal\u010di\u0173 skai\u010dius: 2 Vyriai: \u0160velnaus u\u017edarymo Rankenos: Frezuotos priekyje Surinkimo b\u016bdas: Savaranki\u0161kas surinkimas Pakeiskite savo vonios kambar\u012f su eleganti\u0161ka \u201eComad\u201c \u201eLuxor Beige\u201c praustuvo spintele. Jos minimalistinis dizainas sukelia subtili\u0105 prabang\u0105, kuri taps bet kokio interjero akcentu. Puikiai deranti spalv\u0173 gama, paremta kontrastingomis sm\u0117lio ir alyvuoto \u0105\u017euolo spalvomis, suteikia interjerui \u0161ilt\u0105 ir jauk\u0173 charakter\u012f, kartu i\u0161laikant moderni\u0105 estetik\u0105.<\/p>\n<p>Spintel\u0117 sukurta taip, kad b\u016bt\u0173 stilinga ir kartu funkcionali kasdieniam naudojimui. Erdvus dizainas ir du stal\u010diai leid\u017eia papras\u010diau ir tvarkingiau laikyti b\u016btiniausius vonios kambario daiktus. \u0160velnaus u\u017edarymo sistema rei\u0161kia, kad stal\u010diai atsidaro ir u\u017esidaro tyliai, suteikdama vonios kambariui prabangos ir komforto.<\/p>\n<p>Tvirta laminuotos plok\u0161t\u0117s ir MDF konstrukcija garantuoja patvarum\u0105 ir ilgaam\u017ei\u0161kum\u0105. Frezuotos rankenos spinteli\u0173 fasaduose pabr\u0117\u017eia modern\u0173 charakter\u012f ir panaikina papildom\u0173 komponent\u0173 poreik\u012f. Tai taip pat apima lengv\u0105 surinkim\u0105, tod\u0117l \u0161i spintel\u0117 idealiai tinka tiems, kurie nori patys susikurti savo interjer\u0105.<\/p>\n<p>Sm\u0117lio spalvos fasadai ir alyvuotas \u0105\u017euolo korpusas puikiai dera su dauguma vonios kambari\u0173 komplekt\u0173, atverdami plat\u0173 dizaino galimybi\u0173 spektr\u0105. \u201eComad\u201c gaminiai, sukurti atsi\u017evelgiant \u012f stili\u0173 ir funkcionalum\u0105, visada teikia pirmenyb\u0119 auk\u0161\u010diausiai kokybei ir rafinuotam stiliui, kuris patenkins net ir i\u0161rankiausi\u0173 klient\u0173 l\u016bkes\u010dius.<\/p>\n<p>Rinkit\u0117s estetik\u0105 ir prakti\u0161kum\u0105 viename \u2013 \u201eLuxor Beige\u201c praustuvo spintel\u0117. Tai puikus pasirinkimas tiems, kurie vertina eleganti\u0161k\u0105 i\u0161vaizd\u0105 ir prakti\u0161kus sprendimus kasdieniam naudojimui.<\/p>","protected":false},"excerpt":{"rendered":"<p>Plotis (cm): 80<br \/>\n\u016agis (cm): 57<br \/>\nGylis (cm): 46<\/p>","protected":false},"featured_media":244423,"comment_status":"open","ping_status":"open","template":"","meta":[],"product_brand":[],"product_cat":[9117,2015,9187],"product_tag":[],"class_list":{"0":"post-244422","1":"product","2":"type-product","3":"status-publish","4":"has-post-thumbnail","6":"product_cat-bathroom","7":"product_cat-comad","8":"product_cat-washbasin-cabinet-comad","10":"first","11":"instock","12":"purchasable","13":"product-type-simple"},"_links":{"self":[{"href":"https:\/\/baldumarket.lt\/lt\/wp-json\/wp\/v2\/product\/244422","targetHints":{"allow":["GET"]}}],"collection":[{"href":"https:\/\/baldumarket.lt\/lt\/wp-json\/wp\/v2\/product"}],"about":[{"href":"https:\/\/baldumarket.lt\/lt\/wp-json\/wp\/v2\/types\/product"}],"replies":[{"embeddable":true,"href":"https:\/\/baldumarket.lt\/lt\/wp-json\/wp\/v2\/comments?post=244422"}],"wp:featuredmedia":[{"embeddable":true,"href":"https:\/\/baldumarket.lt\/lt\/wp-json\/wp\/v2\/media\/244423"}],"wp:attachment":[{"href":"https:\/\/baldumarket.lt\/lt\/wp-json\/wp\/v2\/media?parent=244422"}],"wp:term":[{"taxonomy":"product_brand","embeddable":true,"href":"https:\/\/baldumarket.lt\/lt\/wp-json\/wp\/v2\/product_brand?post=244422"},{"taxonomy":"product_cat","embeddable":true,"href":"https:\/\/baldumarket.lt\/lt\/wp-json\/wp\/v2\/product_cat?post=244422"},{"taxonomy":"product_tag","embeddable":true,"href":"https:\/\/baldumarket.lt\/lt\/wp-json\/wp\/v2\/product_tag?post=244422"}],"curies":[{"name":"wp","href":"https:\/\/api.w.org\/{rel}","templated":true}]}}