{"id":244416,"date":"2026-01-02T23:04:25","date_gmt":"2026-01-02T20:04:25","guid":{"rendered":"https:\/\/baldumarket.lt\/product\/szafka-pod-umywalke-80-cm-line-reed-green\/"},"modified":"2026-02-11T18:33:28","modified_gmt":"2026-02-11T15:33:28","slug":"szafka-pod-umywalke-80-cm-line-reed-green","status":"publish","type":"product","link":"https:\/\/baldumarket.lt\/lt\/product\/szafka-pod-umywalke-80-cm-line-reed-green\/","title":{"rendered":"Praustuvo spintel\u0117 80 cm LINIJA RED GREEN"},"content":{"rendered":"<p>Praustuvo spintel\u0117 80 cm LINE REED GREENEleganti\u0161ka praustuvo spintel\u0117 80 cm LINE REED GREEN (Comad) su dviem stal\u010diais, pagaminta i\u0161 laminuotos plok\u0161t\u0117s ir MDF, Reed Green spalvos su frezuotais vertikaliais var\u017etais. Puikiai tinka moderniems vonios kambariams, su sieniniu tvirtinimu ir tvirtinimo rinkiniu. Matmenys: Plotis (cm): 80 Gylis (cm): 39 Auk\u0161tis (cm): 57 Svoris (kg): 24 Techniniai duomenys: Spalva: Nendri\u0173 \u017ealia Med\u017eiaga: Laminuota plok\u0161t\u0117 \/ MDF plok\u0161t\u0117 Korpuso med\u017eiaga: Laminuota plok\u0161t\u0117 Korpuso spalva: Nendri\u0173 \u017ealia Fasad\u0173 med\u017eiaga: MDF plok\u0161t\u0117 Fasad\u0173 spalva: Nendri\u0173 \u017ealia Fasad\u0173 konstrukcija: Frezuoti vertikal\u016bs grioveliai Reikalingas surinkimas: Taip Tvirtinimo kai\u0161\u010diai pridedami: Taip \u012etraukta Tvirtinimo rinkinys \u012ftrauktas: Taip Montavimo viduje b\u016bdas: Pakabinimui ant sienos Stal\u010di\u0173 kiekis: 2 stal\u010diai 1 stal\u010dius Konstrukcija: Pilnas dugnas su i\u0161pjova galin\u0117je juostoje \u2013 Rekomenduojama montuoti \u017eem\u0105 sienin\u012f sifon\u0105 \u2013 Sifonas ne\u012ftrauktas 1 stal\u010diaus prailginimas: 3\/4 prailginimo 2 stal\u010diaus prailginimas: Pilno i\u0161traukimo vir\u0161utinis stal\u010diaus organizatorius: Ne 1 stal\u010diaus svorio talpa: 3 Rankenos: Integruota Ranken\u0173 med\u017eiaga: MDF Ranken\u0173 spalva: Nendri\u0173 \u017ealia Pristatome eleganti\u0161k\u0105 ir funkcionali\u0105 \u201eComad\u201c praustuvo spintel\u0119 LINE REED GREEN, kuri puikiai tiks bet kokiam moderniam interjerui. Sukurta su did\u017eiausiu kruop\u0161tumu, kad atitikt\u0173 visus estetikos ir prakti\u0161kumo l\u016bkes\u010dius. Spintel\u0117s matmenys: 24 kg sverianti \u201eReed Green\u201c spintel\u0117 pagaminta i\u0161 auk\u0161tos kokyb\u0117s laminuotos plok\u0161t\u0117s ir MDF. Jos korpusas ir fasadai pasi\u017eymi eleganti\u0161ka frezuot\u0173 vertikali\u0173 grioveli\u0173 strukt\u016bra, suteikian\u010dia jai unikalaus charakterio. Spintel\u0117 turi du erdvius stal\u010dius: kiekviename stal\u010diuje integruota \u201eReed Green\u201c spalvos MDF rankena, pabr\u0117\u017eianti dizaino vientisum\u0105. Spintel\u0117 skirta montuoti prie sienos, o pridedami tvirtinimo kai\u0161\u010diai ir tvirtinimo detal\u0117s, kad b\u016bt\u0173 lengva surinkti patiems. Suteikite savo vonios kambariui elegancijos ir funkcionalumo pasirinkdami \u201eComad\u201c LINE REED GREEN praustuvo spintel\u0119!<\/p>","protected":false},"excerpt":{"rendered":"<p>Plotis (cm): 80<br \/>\nGylis (cm): 39<br \/>\n\u016agis (cm): 57<\/p>","protected":false},"featured_media":244417,"comment_status":"open","ping_status":"open","template":"","meta":[],"product_brand":[],"product_cat":[9117,2015,9187],"product_tag":[],"class_list":{"0":"post-244416","1":"product","2":"type-product","3":"status-publish","4":"has-post-thumbnail","6":"product_cat-bathroom","7":"product_cat-comad","8":"product_cat-washbasin-cabinet-comad","10":"first","11":"instock","12":"purchasable","13":"product-type-simple"},"_links":{"self":[{"href":"https:\/\/baldumarket.lt\/lt\/wp-json\/wp\/v2\/product\/244416","targetHints":{"allow":["GET"]}}],"collection":[{"href":"https:\/\/baldumarket.lt\/lt\/wp-json\/wp\/v2\/product"}],"about":[{"href":"https:\/\/baldumarket.lt\/lt\/wp-json\/wp\/v2\/types\/product"}],"replies":[{"embeddable":true,"href":"https:\/\/baldumarket.lt\/lt\/wp-json\/wp\/v2\/comments?post=244416"}],"wp:featuredmedia":[{"embeddable":true,"href":"https:\/\/baldumarket.lt\/lt\/wp-json\/wp\/v2\/media\/244417"}],"wp:attachment":[{"href":"https:\/\/baldumarket.lt\/lt\/wp-json\/wp\/v2\/media?parent=244416"}],"wp:term":[{"taxonomy":"product_brand","embeddable":true,"href":"https:\/\/baldumarket.lt\/lt\/wp-json\/wp\/v2\/product_brand?post=244416"},{"taxonomy":"product_cat","embeddable":true,"href":"https:\/\/baldumarket.lt\/lt\/wp-json\/wp\/v2\/product_cat?post=244416"},{"taxonomy":"product_tag","embeddable":true,"href":"https:\/\/baldumarket.lt\/lt\/wp-json\/wp\/v2\/product_tag?post=244416"}],"curies":[{"name":"wp","href":"https:\/\/api.w.org\/{rel}","templated":true}]}}