{"id":244397,"date":"2026-01-02T23:04:18","date_gmt":"2026-01-02T20:04:18","guid":{"rendered":"https:\/\/baldumarket.lt\/product\/szafka-pod-umywalke-80-cm-fiji-white\/"},"modified":"2026-02-11T18:33:29","modified_gmt":"2026-02-11T15:33:29","slug":"szafka-pod-umywalke-80-cm-fiji-white","status":"publish","type":"product","link":"https:\/\/baldumarket.lt\/lt\/product\/szafka-pod-umywalke-80-cm-fiji-white\/","title":{"rendered":"Praustuvo spintel\u0117 80 cm FIJI WHITE"},"content":{"rendered":"<p>FIJI WHITE 80 cm plautuv\u0117s spintel\u0117. Eleganti\u0161ka FIJI WHITE 80 cm plo\u010dio \u201eComad\u201c plautuv\u0117s spintel\u0117. Korpusas ir fasadai yra Alpi\u0173 baltos spalvos, pagaminti i\u0161 laminuotos plok\u0161t\u0117s ir MDF. \u012erengta su dviem \u0161velniai u\u017esidaran\u010diais stal\u010diais. Galima kabinti ant sienos arba pastatyti ant grind\u0173 (\u0105\u017euolin\u0117s \u201eCoast Evoke\u201c kojel\u0117s). Matmenys: Plotis (cm): 80 Gylis (cm): 45,8 Auk\u0161tis (cm): 62 Techniniai duomenys: Korpuso spalva: Alpi\u0173 balta Priekin\u0117s dalies spalva: Alpi\u0173 balta Korpuso med\u017eiaga: laminuota plok\u0161t\u0117 Priekin\u0117s dalies med\u017eiaga: MDF Baldo tipas: Pakabinamas ant sienos \/ pastatomas, pastatomai versijai reik\u0117s \u201eCoast Evoke\u201c \u0105\u017euolin\u0117s kojel\u0117s. Rankenos: Integruota rankena. Stal\u010di\u0173 skai\u010dius: 2. B\u0117geliai: \u0160velniai u\u017esidaro. Vyriai: \u0160velniai u\u017esidaro. 80 cm FIJI WHITE \u201eComad\u201c praustuvo spintel\u0117 yra modernaus elegancijos ir funkcionalumo esencija, kuri pavers j\u016bs\u0173 vonios kambar\u012f stilinga ir prakti\u0161ka erdve. Alpi\u0173 balta spalva korpuse ir fasadyje sukuria harmoning\u0105 visum\u0105, suteikian\u010di\u0105 interjerui gaivumo ir erdvumo. D\u0117l to ji puikiai tinka \u012fvairiems interjerams \u2013 nuo minimalistinio iki klasikinio. Pagaminta i\u0161 laminuotos plok\u0161t\u0117s ir MDF, spintel\u0117 yra ne tik gra\u017ei, bet ir patvari, u\u017etikrinanti ilgalaik\u012f naudojim\u0105. Funkcionalumas yra jos antrasis vardas \u2013 nesvarbu, ar pasirinksite pakabinam\u0105, ar laisvai pastatom\u0105 versij\u0105 (su eleganti\u0161komis \u0105\u017euolin\u0117mis kojel\u0117mis), visada galite b\u016bti tikri, kad ji pateisins visus j\u016bs\u0173 l\u016bkes\u010dius. Dvigubi stal\u010diai su \u0161velnaus u\u017edarymo funkcija ir integruotomis rankenomis yra puikus sprendimas visiems vonios kambario aksesuarams laikyti, leid\u017eiantis palaikyti tvark\u0105 be nereikalingo triuk\u0161mo. FIJI WHITE praustuvo spintel\u0117 ne tik palengvina tvark\u0105, bet ir suteikia j\u016bs\u0173 vonios kambariui modernumo. Estetikos ir prakti\u0161kumo derinys paver\u010dia \u0161i\u0105 praustuvo spintel\u0119 nepakei\u010diamu bet kurio vonios kambario elementu. Tai investicija \u012f komfort\u0105 ir stili\u0173, kuris teiks jums d\u017eiaugsmo kiekvien\u0105 dien\u0105. Atraskite nauj\u0105 vonios kambario dizaino kokyb\u0119 ir suteikite jam prabangos su \u201eComad\u201c FIJI WHITE praustuvo spintele.<\/p>","protected":false},"excerpt":{"rendered":"<p>Plotis (cm): 80<br \/>\n\u016agis (cm): 62<br \/>\nGylis (cm): 45,8<\/p>","protected":false},"featured_media":243702,"comment_status":"open","ping_status":"open","template":"","meta":[],"product_brand":[],"product_cat":[9117,2015,9187],"product_tag":[],"class_list":{"0":"post-244397","1":"product","2":"type-product","3":"status-publish","4":"has-post-thumbnail","6":"product_cat-bathroom","7":"product_cat-comad","8":"product_cat-washbasin-cabinet-comad","10":"first","11":"instock","12":"purchasable","13":"product-type-simple"},"_links":{"self":[{"href":"https:\/\/baldumarket.lt\/lt\/wp-json\/wp\/v2\/product\/244397","targetHints":{"allow":["GET"]}}],"collection":[{"href":"https:\/\/baldumarket.lt\/lt\/wp-json\/wp\/v2\/product"}],"about":[{"href":"https:\/\/baldumarket.lt\/lt\/wp-json\/wp\/v2\/types\/product"}],"replies":[{"embeddable":true,"href":"https:\/\/baldumarket.lt\/lt\/wp-json\/wp\/v2\/comments?post=244397"}],"wp:featuredmedia":[{"embeddable":true,"href":"https:\/\/baldumarket.lt\/lt\/wp-json\/wp\/v2\/media\/243702"}],"wp:attachment":[{"href":"https:\/\/baldumarket.lt\/lt\/wp-json\/wp\/v2\/media?parent=244397"}],"wp:term":[{"taxonomy":"product_brand","embeddable":true,"href":"https:\/\/baldumarket.lt\/lt\/wp-json\/wp\/v2\/product_brand?post=244397"},{"taxonomy":"product_cat","embeddable":true,"href":"https:\/\/baldumarket.lt\/lt\/wp-json\/wp\/v2\/product_cat?post=244397"},{"taxonomy":"product_tag","embeddable":true,"href":"https:\/\/baldumarket.lt\/lt\/wp-json\/wp\/v2\/product_tag?post=244397"}],"curies":[{"name":"wp","href":"https:\/\/api.w.org\/{rel}","templated":true}]}}