{"id":244338,"date":"2026-01-02T23:03:56","date_gmt":"2026-01-02T20:03:56","guid":{"rendered":"https:\/\/baldumarket.lt\/product\/szafka-pod-umywalke-80-cm-2-szuflady-nordic-cremona\/"},"modified":"2026-02-11T18:33:29","modified_gmt":"2026-02-11T15:33:29","slug":"szafka-pod-umywalke-80-cm-2-szuflady-nordic-cremona","status":"publish","type":"product","link":"https:\/\/baldumarket.lt\/lt\/product\/szafka-pod-umywalke-80-cm-2-szuflady-nordic-cremona\/","title":{"rendered":"Nordic Cremona praustuvo spintel\u0117 su 2 stal\u010diais, 80 cm"},"content":{"rendered":"<p>\u201eNordic Cremona\u201c 80 cm praustuvo spintel\u0117 su 2 stal\u010diais80 cm praustuvo spintel\u0117 i\u0161 \u201eNordic Cremona\u201c kolekcijos derina modern\u0173 dizain\u0105 ir elegancij\u0105. Su dviem stal\u010diais, \u0161velnaus u\u017edarymo sistema ir dekoratyvine \u201eCremona Oak\u201c apdaila, ji puikiai tiks bet kokiam interjerui. Lengvas surinkimas garantuoja komfort\u0105. Matmenys: Plotis (cm): 80 Gylis (cm): 45,8 Auk\u0161tis (cm): 57 Svoris (kg): 24,4 Techniniai duomenys: Korpuso spalva: \u201eCremona Oak\u201c Priekin\u0117s dalies spalva: \u201eCremona Oak\u201c Korpuso med\u017eiaga: laminuota plok\u0161t\u0117 Priekin\u0117s dalies med\u017eiaga: MDF plok\u0161t\u0117 B\u0117geliai: \u0160velnus u\u017edarymas \u012e komplekt\u0105 \u012feina: Taip Surinkimas: Skirta savaranki\u0161kam surinkimui80 cm praustuvo spintel\u0117 su dviem stal\u010diais i\u0161 \u201eNordic Cremona\u201c kolekcijos yra tobulas modernumo ir elegancijos derinys j\u016bs\u0173 vonios kambaryje. D\u0117l subtili\u0173, vertikali\u0173 grioveli\u0173 fasaduose \u0161is baldas ne tik suteikia lengvumo, bet ir traukia ak\u012f savo unikalia estetika. \u201eCremona Oak\u201c spalva suteikia interjerui \u0161ilumos, harmoningai dera su gamta ir suteikia erdvei jaukumo bei stiliaus poj\u016bt\u012f. Du erdv\u016bs \u0161ios spintel\u0117s stal\u010diai si\u016blo patikim\u0105 sprendim\u0105 laikyti visus b\u016btiniausius vonios kambario aksesuarus, padeda palaikyti tvark\u0105 ir organizuotum\u0105. D\u0117l \u0161velnaus u\u017edarymo sistemos stal\u010di\u0173 naudojimas tampa tikru malonumu, pa\u0161alina triuk\u0161m\u0105 ir suteikia komforto kasdieniame gyvenime. D\u0117mesys detal\u0117ms daro spintel\u0119 ne tik funkcionali\u0105, bet ir esteti\u0161kai patraukli\u0105. Pagaminta i\u0161 auk\u0161tos kokyb\u0117s med\u017eiag\u0173, toki\u0173 kaip MDF ir laminuota plok\u0161t\u0117, praustuvo spintel\u0117 u\u017etikrina ne tik eleganti\u0161k\u0105 i\u0161vaizd\u0105, bet ir ilgaam\u017ei\u0161kum\u0105. Kiekvienas elementas buvo kruop\u0161\u010diai suprojektuotas atsi\u017evelgiant \u012f patvarum\u0105 ir estetik\u0105, k\u0105 patvirtina Lenkijoje pagaminta produkcija, naudojant sertifikuotas med\u017eiagas, atitinkan\u010dias FSC standart\u0105. Tai u\u017etikrina, kad rinkdamiesi \u0161\u012f bald\u0105, renkat\u0117s kokyb\u0119 ir atsaking\u0105 u\u017e aplink\u0105. Lengvas surinkimas yra dar vienas privalumas, i\u0161skiriantis \u0161\u012f gamin\u012f. Spintel\u0117 pristatoma plok\u0161\u010dia, o intuityvus dizainas leid\u017eia lengvai j\u0105 surinkti savaranki\u0161kai. Tai rei\u0161kia, kad galite greitai m\u0117gautis naujais vonios kambario baldais, pritaikydami erdv\u0119 savo poreikiams. Taip pat galite suasmeninti interjer\u0105 pasirinkdami papildomus priedus, kurie puikiai papildys bendr\u0105 dekor\u0105. Investuokite \u012f spintel\u0119, kuri derina funkcionalum\u0105, estetik\u0105 ir modern\u0173 dizain\u0105. \u201eNordic Cremona\u201c kolekcija yra puikus pasirinkimas visiems, norintiems sukurti eleganti\u0161k\u0105 ir prakti\u0161k\u0105 erdv\u0119 savo vonios kambaryje. Nedvejokite \u2013 suteikite savo interjerui naujo spindesio su \u0161iuo unikaliu baldu!<\/p>","protected":false},"excerpt":{"rendered":"<p>Plotis (cm): 80<br \/>\n\u016agis (cm): 57<br \/>\nGylis (cm): 45,8<\/p>","protected":false},"featured_media":244339,"comment_status":"open","ping_status":"open","template":"","meta":[],"product_brand":[],"product_cat":[9117,2015,9187],"product_tag":[],"class_list":{"0":"post-244338","1":"product","2":"type-product","3":"status-publish","4":"has-post-thumbnail","6":"product_cat-bathroom","7":"product_cat-comad","8":"product_cat-washbasin-cabinet-comad","10":"first","11":"instock","12":"purchasable","13":"product-type-simple"},"_links":{"self":[{"href":"https:\/\/baldumarket.lt\/lt\/wp-json\/wp\/v2\/product\/244338","targetHints":{"allow":["GET"]}}],"collection":[{"href":"https:\/\/baldumarket.lt\/lt\/wp-json\/wp\/v2\/product"}],"about":[{"href":"https:\/\/baldumarket.lt\/lt\/wp-json\/wp\/v2\/types\/product"}],"replies":[{"embeddable":true,"href":"https:\/\/baldumarket.lt\/lt\/wp-json\/wp\/v2\/comments?post=244338"}],"wp:featuredmedia":[{"embeddable":true,"href":"https:\/\/baldumarket.lt\/lt\/wp-json\/wp\/v2\/media\/244339"}],"wp:attachment":[{"href":"https:\/\/baldumarket.lt\/lt\/wp-json\/wp\/v2\/media?parent=244338"}],"wp:term":[{"taxonomy":"product_brand","embeddable":true,"href":"https:\/\/baldumarket.lt\/lt\/wp-json\/wp\/v2\/product_brand?post=244338"},{"taxonomy":"product_cat","embeddable":true,"href":"https:\/\/baldumarket.lt\/lt\/wp-json\/wp\/v2\/product_cat?post=244338"},{"taxonomy":"product_tag","embeddable":true,"href":"https:\/\/baldumarket.lt\/lt\/wp-json\/wp\/v2\/product_tag?post=244338"}],"curies":[{"name":"wp","href":"https:\/\/api.w.org\/{rel}","templated":true}]}}