{"id":244326,"date":"2026-01-02T23:03:51","date_gmt":"2026-01-02T20:03:51","guid":{"rendered":"https:\/\/baldumarket.lt\/product\/szafka-pod-umywalke-70-cm-ocean-black\/"},"modified":"2026-02-11T18:33:30","modified_gmt":"2026-02-11T15:33:30","slug":"szafka-pod-umywalke-70-cm-ocean-black","status":"publish","type":"product","link":"https:\/\/baldumarket.lt\/lt\/product\/szafka-pod-umywalke-70-cm-ocean-black\/","title":{"rendered":"Praustuvo spintel\u0117 70 cm, vandenyno juoda"},"content":{"rendered":"<p>70 cm OCEAN BLACK kriaukl\u0117s spintel\u0117. Stilinga OCEAN BLACK kriaukl\u0117s spintel\u0117 i\u0161 Comad. Pagaminta i\u0161 MDF plok\u0161t\u0117s ir laminuota matin\u0117s juodos ir alyvuoto \u0105\u017euolo spalvomis, turi du \u0161velniai u\u017esidaran\u010dius stal\u010dius. Puikiai tinka moderniems vonios kambariams. Tvirtinama prie sienos, pridedami reikalingi priedai. Matmenys: Plotis (cm): 70 Gylis (cm): 46 Auk\u0161tis (cm): 57 Svoris (kg): 27,5 Techniniai duomenys: Spalva: Matin\u0117 juoda, Alyvuotas \u0105\u017euolas Med\u017eiaga: Laminuota plok\u0161t\u0117 \/ MDF plok\u0161t\u0117 Korpuso med\u017eiaga: Laminuota plok\u0161t\u0117 Korpuso spalva: Alyvuotas \u0105\u017euolas Priekio med\u017eiaga: MDF plok\u0161t\u0117 Priekio spalva: Matin\u0117 juoda Priekio konstrukcija: Frezuotas ra\u0161tas Reikalingas surinkimas: Taip Tvirtinimo kai\u0161\u010diai pridedami: Taip Tvirtinimo pakuot\u0117 pridedama: Taip Montavimo viduje b\u016bdas: Pakabinimui ant sienos Stal\u010di\u0173 kiekis: 2 stal\u010diai 1 stal\u010dius Konstrukcija: Pilnas dugnas su i\u0161pjova galin\u0117je juostel\u0117je \u2013 Rekomenduojama montuoti \u017eem\u0105 sienin\u012f sifon\u0105 \u2013 Sifonas nepridedamas 1 stal\u010dius Prailginimas: 3\/4 prailginimas 2 stal\u010dius Prailginimas: Pilnas prailginimas Vir\u0161utinis stal\u010diaus organizatorius: Ne 1 stal\u010diaus talpa: 5 Durys: Universalios Vyriai: \u0160velniai u\u017esidaro Rankenos: Integruotos Ranken\u0173 med\u017eiaga: MDF plok\u0161t\u0117 Ranken\u0173 spalva: Matin\u0117 juoda Fiksuotos lentynos med\u017eiaga: Netaikoma Fiksuotos lentynos spalva: Netaikoma Reguliuojamos lentynos med\u017eiaga: Netaikoma Reguliuojamos lentynos spalva: Netaikoma \u201eComad\u201c praustuvo spintel\u0117 \u201eOCEAN BLACK\u201c \u2013 tai puikus modernaus stiliaus ir funkcionalumo derinys, kuris... Neabejotinai prad\u017eiugins kiekvien\u0105, vertinant\u012f eleganti\u0161k\u0105 vonios kambario dekor\u0105. Matin\u0117s juodos spalvos fasadai kartu su alyvuotu \u0105\u017euolo korpusu sukuria harmoning\u0105 ir rafinuot\u0105 estetik\u0105, idealiai tinkan\u010di\u0105 moderniam interjerui. Minimalistinis dizainas rei\u0161kia, kad OCEAN BLACK praustuvo spintel\u0117 ne tik papuo\u0161 j\u016bs\u0173 vonios kambar\u012f, bet ir suteiks jam unikal\u0173 bei eleganti\u0161k\u0105 charakter\u012f. Frezuota fasad\u0173 strukt\u016bra suteikia spintelei unikali\u0105, ak\u012f traukian\u010di\u0105 i\u0161vaizd\u0105, kuri i\u0161ties pagerina kambar\u012f. Pagaminta i\u0161 auk\u0161tos kokyb\u0117s MDF ir laminuotos plok\u0161t\u0117s, spintel\u0117 yra ne tik patvari, bet ir lengvai valoma. Taip pat verta d\u0117mesio \u0161ios praustuvo spintel\u0117s funkcionalumas. Du erdv\u016bs stal\u010diai su \u0161velnaus u\u017edarymo sistema leid\u017eia tvarkingai ir lengvai laikyti visus b\u016btiniausius vonios kambario aksesuarus. Viename stal\u010diuje yra 3\/4 i\u0161traukiamas stal\u010dius, o kitame \u2013 pilnai i\u0161traukiamas stal\u010dius, tod\u0117l lengva pasiekti laikomus daiktus, o tai dar labiau padidina komfort\u0105. OCEAN BLACK \u2013 tai praustuvo spintel\u0117, kuri d\u0117l savo dizaino ir gerai apgalvotos konstrukcijos puikiai dera prie modernaus vonios kambario. Tvirtinama prie sienos, ji leid\u017eia lanks\u010diai i\u0161naudoti erdv\u0119 po ja, o tai ypa\u010d svarbu ma\u017eesniuose vonios kambariuose. Visos reikalingos tvirtinimo detal\u0117s yra komplekte, tod\u0117l montavimas supaprastinamas. Pasirinkdami \u201eComad\u201c OCEAN BLACK praustuvo spintel\u0119, J\u016bs renkat\u0117s elegancij\u0105, derinam\u0105 su funkcionalumu. \u0160is baldas gerokai pagerins J\u016bs\u0173 vonios kambario estetik\u0105, o auk\u0161tos kokyb\u0117s gamyba u\u017etikrins ilgalaik\u012f naudojim\u0105. Suteikite savo vonios kambariui modern\u0173 ir stiling\u0105 vaizd\u0105 su OCEAN BLACK spintele.<\/p>","protected":false},"excerpt":{"rendered":"<p>Plotis (cm): 70<br \/>\nGylis (cm): 46<br \/>\n\u016agis (cm): 57<\/p>","protected":false},"featured_media":244327,"comment_status":"open","ping_status":"open","template":"","meta":[],"product_brand":[],"product_cat":[9117,2015,9187],"product_tag":[],"class_list":{"0":"post-244326","1":"product","2":"type-product","3":"status-publish","4":"has-post-thumbnail","6":"product_cat-bathroom","7":"product_cat-comad","8":"product_cat-washbasin-cabinet-comad","10":"first","11":"instock","12":"purchasable","13":"product-type-simple"},"_links":{"self":[{"href":"https:\/\/baldumarket.lt\/lt\/wp-json\/wp\/v2\/product\/244326","targetHints":{"allow":["GET"]}}],"collection":[{"href":"https:\/\/baldumarket.lt\/lt\/wp-json\/wp\/v2\/product"}],"about":[{"href":"https:\/\/baldumarket.lt\/lt\/wp-json\/wp\/v2\/types\/product"}],"replies":[{"embeddable":true,"href":"https:\/\/baldumarket.lt\/lt\/wp-json\/wp\/v2\/comments?post=244326"}],"wp:featuredmedia":[{"embeddable":true,"href":"https:\/\/baldumarket.lt\/lt\/wp-json\/wp\/v2\/media\/244327"}],"wp:attachment":[{"href":"https:\/\/baldumarket.lt\/lt\/wp-json\/wp\/v2\/media?parent=244326"}],"wp:term":[{"taxonomy":"product_brand","embeddable":true,"href":"https:\/\/baldumarket.lt\/lt\/wp-json\/wp\/v2\/product_brand?post=244326"},{"taxonomy":"product_cat","embeddable":true,"href":"https:\/\/baldumarket.lt\/lt\/wp-json\/wp\/v2\/product_cat?post=244326"},{"taxonomy":"product_tag","embeddable":true,"href":"https:\/\/baldumarket.lt\/lt\/wp-json\/wp\/v2\/product_tag?post=244326"}],"curies":[{"name":"wp","href":"https:\/\/api.w.org\/{rel}","templated":true}]}}