{"id":244320,"date":"2026-01-02T23:03:49","date_gmt":"2026-01-02T20:03:49","guid":{"rendered":"https:\/\/baldumarket.lt\/product\/szafka-pod-umywalke-70-cm-ocean-beige\/"},"modified":"2026-02-11T18:33:30","modified_gmt":"2026-02-11T15:33:30","slug":"szafka-pod-umywalke-70-cm-ocean-beige","status":"publish","type":"product","link":"https:\/\/baldumarket.lt\/lt\/product\/szafka-pod-umywalke-70-cm-ocean-beige\/","title":{"rendered":"Praustuvo spintel\u0117, 70 cm, vandenyno sm\u0117lio spalvos"},"content":{"rendered":"<p>70 cm OCEAN BEIGE praustuvo spintel\u011770 cm OCEAN BEIGE praustuvo spintel\u0117 i\u0161 \u201eComad\u201c yra sm\u0117lio spalvos, frezuotais priekiais ir alyvuotu \u0105\u017euolo korpusu. Ji turi du \u0161velniai u\u017esidaran\u010dius stal\u010dius su integruotomis rankenomis. Puikiai tinka pakabinti ant sienos. Matmenys: Plotis (cm): 70 Gylis (cm): 46 Auk\u0161tis (cm): 57 Svoris (kg): 27,5 Techniniai duomenys: Spalva: Sm\u0117lio spalvos, Alyvuotas \u0105\u017euolas Med\u017eiaga: Laminuota plok\u0161t\u0117 \/ MDF plok\u0161t\u0117 Korpuso med\u017eiaga: Laminuota plok\u0161t\u0117 Korpuso spalva: Alyvuotas \u0105\u017euolas Priekio med\u017eiaga: MDF plok\u0161t\u0117 Priekio spalva: Sm\u0117lio spalvos Priekio konstrukcija: Frezuotas ra\u0161tas Reikalingas surinkimas: Taip Tvirtinimo kai\u0161\u010diai pridedami: Taip, yra komplekte Tvirtinimo pakuot\u0117 komplekte: Taip Montavimo b\u016bdas patalpoje: Pakabinimui ant sienos Stal\u010di\u0173 kiekis: 2 stal\u010diai 1 stal\u010dius Konstrukcija: Pilnas dugnas su i\u0161pjova galin\u0117je juostel\u0117je \u2013 Rekomenduojama montuoti \u017eem\u0105 sienin\u012f sifon\u0105 \u2013 Sifonas nepridedamas 1 stal\u010dius Prailginimas: Prailginimas 3\/4 ilgio 2 stal\u010diui Prailginimas: Viso ilgio prailginimas Vir\u0161utinio stal\u010diaus organizatorius: Ne 1 stal\u010dius Svorio talpa: 5 g Vyriai: \u0160velniai u\u017esidaro Rankenos: Integruotos Rankenos med\u017eiaga: MDF Rankenos spalva: Sm\u0117lio spalvos Atraskite elegancij\u0105 ir funkcionalum\u0105 viename \u2013 \u201eComad\u201c OCEAN BEIGE kriaukl\u0117s spintel\u0117 yra puikus pasirinkimas j\u016bs\u0173 vonios kambariui. 70 cm plo\u010dio, 46 cm gylio ir 57 cm auk\u0161\u010dio \u0161i spintel\u0117 ne tik tilps visk\u0105, ko jums reikia, bet ir suteiks j\u016bs\u0173 erdvei modernumo. Sm\u0117lio ir alyvuoto \u0105\u017euolo spalv\u0173 gama suteikia interjerui \u0161ilumos, o auk\u0161tos kokyb\u0117s med\u017eiagos \u2013 laminuota plok\u0161t\u0117 ir MDF \u2013 garantuoja patvarum\u0105 ir lengv\u0105 valym\u0105. Korpusas pagamintas i\u0161 alyvuoto \u0105\u017euolo spalvos laminuotos plok\u0161t\u0117s, o frezuoti sm\u0117lio spalvos MDF fasadai sukuria harmoning\u0105 ir stiling\u0105 visum\u0105. \u0160is modelis skirtas kabinti ant sienos, tod\u0117l vonios kambarys atrodo erdvesnis. \u012e komplekt\u0105 \u012feina visi reikalingi tvirtinimo kai\u0161\u010diai ir tvirtinimo rinkinys, tod\u0117l montavimas yra greitas ir paprastas. Spintel\u0117je yra du prakti\u0161ki stal\u010diai: vir\u0161utinis stal\u010dius su tvirtu dugnu ir i\u0161pjova galin\u0117je sienel\u0117je, idealiai tinka montuoti \u017eemo profilio sienin\u012f sifon\u0105 (sifonas nepridedamas), ir apatinis stal\u010dius per vis\u0105 ilg\u012f. Abu stal\u010diai turi \u0161velnaus u\u017edarymo mechanizm\u0105, kad b\u016bt\u0173 patogu naudoti. Vir\u0161utinio stal\u010diaus maksimali apkrova yra 5 kg, tod\u0117l jame galima laikyti dar sunkesnius daiktus. Integruotos sm\u0117lio spalvos MDF ranken\u0117l\u0117s suteikia subtilumo ir elegancijos. Rinkit\u0117s OCEAN BEIGE praustuvo spintel\u0119 ir m\u0117gaukit\u0117s moderniu, funkcionaliu ir esteti\u0161ku sprendimu savo vonios kambariui.<\/p>","protected":false},"excerpt":{"rendered":"<p>Plotis (cm): 70<br \/>\nGylis (cm): 46<br \/>\n\u016agis (cm): 57<\/p>","protected":false},"featured_media":244321,"comment_status":"open","ping_status":"open","template":"","meta":[],"product_brand":[],"product_cat":[9117,2015,9187],"product_tag":[],"class_list":{"0":"post-244320","1":"product","2":"type-product","3":"status-publish","4":"has-post-thumbnail","6":"product_cat-bathroom","7":"product_cat-comad","8":"product_cat-washbasin-cabinet-comad","10":"first","11":"instock","12":"purchasable","13":"product-type-simple"},"_links":{"self":[{"href":"https:\/\/baldumarket.lt\/lt\/wp-json\/wp\/v2\/product\/244320","targetHints":{"allow":["GET"]}}],"collection":[{"href":"https:\/\/baldumarket.lt\/lt\/wp-json\/wp\/v2\/product"}],"about":[{"href":"https:\/\/baldumarket.lt\/lt\/wp-json\/wp\/v2\/types\/product"}],"replies":[{"embeddable":true,"href":"https:\/\/baldumarket.lt\/lt\/wp-json\/wp\/v2\/comments?post=244320"}],"wp:featuredmedia":[{"embeddable":true,"href":"https:\/\/baldumarket.lt\/lt\/wp-json\/wp\/v2\/media\/244321"}],"wp:attachment":[{"href":"https:\/\/baldumarket.lt\/lt\/wp-json\/wp\/v2\/media?parent=244320"}],"wp:term":[{"taxonomy":"product_brand","embeddable":true,"href":"https:\/\/baldumarket.lt\/lt\/wp-json\/wp\/v2\/product_brand?post=244320"},{"taxonomy":"product_cat","embeddable":true,"href":"https:\/\/baldumarket.lt\/lt\/wp-json\/wp\/v2\/product_cat?post=244320"},{"taxonomy":"product_tag","embeddable":true,"href":"https:\/\/baldumarket.lt\/lt\/wp-json\/wp\/v2\/product_tag?post=244320"}],"curies":[{"name":"wp","href":"https:\/\/api.w.org\/{rel}","templated":true}]}}