{"id":244316,"date":"2026-01-02T23:03:47","date_gmt":"2026-01-02T20:03:47","guid":{"rendered":"https:\/\/baldumarket.lt\/product\/szafka-pod-umywalke-70-cm-luxor-black\/"},"modified":"2026-02-11T18:33:30","modified_gmt":"2026-02-11T15:33:30","slug":"szafka-pod-umywalke-70-cm-luxor-black","status":"publish","type":"product","link":"https:\/\/baldumarket.lt\/lt\/product\/szafka-pod-umywalke-70-cm-luxor-black\/","title":{"rendered":"Praustuvo spintel\u0117 70 cm, juoda, \u201eLuxor\u201c"},"content":{"rendered":"<p>\u201eLuxor Black\u201c 70 cm praustuvo spintel\u0117\u201eComad\u201c \u201eLuxor Black\u201c praustuvo spintel\u0117 \u017eavi savo moderniu dizainu, pagamintu i\u0161 juodo MDF ir alyvuoto \u0105\u017euolo. \u012erengta su 2 stal\u010diais su \u0161velnaus u\u017edarymo ir frezuotomis ranken\u0117l\u0117mis. Tvirta laminuota plok\u0161t\u0117 ir metaliniai b\u0117geliai. Matmenys: Plotis (cm): 70 Gylis (cm): 46 Auk\u0161tis (cm): 57 Techniniai duomenys: Spalva: Alyvuotas \u0105\u017euolas, juoda Med\u017eiaga: LAMINUOTA LENTA \/ MDF Priekiniai elementai: MDF Priekin\u0117s dalies spalva: Juoda Korpusas: Laminuota plok\u0161t\u0117 Korpuso spalva: Alyvuotas \u0105\u017euolas Stal\u010di\u0173 skai\u010dius: 2 B\u0117geliai: Metaliniai, \u0161velnaus u\u017edarymo Rankenos: Frezuotos priekyje Surinkimo b\u016bdas: Savaranki\u0161kas surinkimas Atraskite elegancij\u0105 ir modern\u0173 dizain\u0105 su \u201eComad\u201c \u201eLuxor Black\u201c praustuvo spintele. \u0160i stilinga spintel\u0117 yra unikalus dviej\u0173 harmoningai viena kit\u0105 papildan\u010di\u0173 med\u017eiag\u0173 \u2013 alyvuoto \u0105\u017euolo korpuso ir tamsiai juod\u0173 MDF fasad\u0173 \u2013 derinys. D\u0117l universalaus elegancijos ji puikiai tinka bet kuriam vonios kambariui, suteikiant jam unikal\u0173 charakter\u012f.<\/p>\n<p>\u201eLuxor Black\u201c spintel\u0117 ne tik \u017eavi savo i\u0161vaizda, bet ir suteikia kasdieniam naudojimui reikaling\u0173 funkcij\u0173. Du erdv\u016bs stal\u010diai leid\u017eia patogiai laikyti visus svarbiausius vonios kambario aksesuarus. \u0160velniai u\u017esidarantys metaliniai b\u0117geliai garantuoja patog\u0173 naudojim\u0105 ir ilgaam\u017ei\u0161kum\u0105.<\/p>\n<p>Kruop\u0161ti apdaila, \u012fskaitant frezuotas rankenas priekin\u0117se dalyse, pabr\u0117\u017eia modern\u0173 ir eleganti\u0161k\u0105 spintel\u0117s i\u0161vaizd\u0105. Surinkimas yra paprastas ir lengvas, tod\u0117l j\u0105 lengva surinkti, o tai dar labiau padidina jos prakti\u0161kum\u0105 ir prieinamum\u0105.<\/p>\n<p>Alyvuoto \u0105\u017euolo ir juodos spalvos spintel\u0117 suteikia unikal\u0173 charakter\u012f bet kokiam interjerui. Tai puikus pasirinkimas tiems, kurie vertina auk\u0161tos kokyb\u0117s meistri\u0161kum\u0105 ir modernius interjero dizaino sprendimus. Suteikite savo vonios kambariui prabangos su \u201eLuxor Black\u201c praustuvu.<\/p>","protected":false},"excerpt":{"rendered":"<p>Plotis (cm): 70<br \/>\n\u016agis (cm): 57<br \/>\nGylis (cm): 46<\/p>","protected":false},"featured_media":244317,"comment_status":"open","ping_status":"open","template":"","meta":[],"product_brand":[],"product_cat":[9117,2015,9187],"product_tag":[],"class_list":{"0":"post-244316","1":"product","2":"type-product","3":"status-publish","4":"has-post-thumbnail","6":"product_cat-bathroom","7":"product_cat-comad","8":"product_cat-washbasin-cabinet-comad","10":"first","11":"instock","12":"purchasable","13":"product-type-simple"},"_links":{"self":[{"href":"https:\/\/baldumarket.lt\/lt\/wp-json\/wp\/v2\/product\/244316","targetHints":{"allow":["GET"]}}],"collection":[{"href":"https:\/\/baldumarket.lt\/lt\/wp-json\/wp\/v2\/product"}],"about":[{"href":"https:\/\/baldumarket.lt\/lt\/wp-json\/wp\/v2\/types\/product"}],"replies":[{"embeddable":true,"href":"https:\/\/baldumarket.lt\/lt\/wp-json\/wp\/v2\/comments?post=244316"}],"wp:featuredmedia":[{"embeddable":true,"href":"https:\/\/baldumarket.lt\/lt\/wp-json\/wp\/v2\/media\/244317"}],"wp:attachment":[{"href":"https:\/\/baldumarket.lt\/lt\/wp-json\/wp\/v2\/media?parent=244316"}],"wp:term":[{"taxonomy":"product_brand","embeddable":true,"href":"https:\/\/baldumarket.lt\/lt\/wp-json\/wp\/v2\/product_brand?post=244316"},{"taxonomy":"product_cat","embeddable":true,"href":"https:\/\/baldumarket.lt\/lt\/wp-json\/wp\/v2\/product_cat?post=244316"},{"taxonomy":"product_tag","embeddable":true,"href":"https:\/\/baldumarket.lt\/lt\/wp-json\/wp\/v2\/product_tag?post=244316"}],"curies":[{"name":"wp","href":"https:\/\/api.w.org\/{rel}","templated":true}]}}