{"id":244312,"date":"2026-01-02T23:03:45","date_gmt":"2026-01-02T20:03:45","guid":{"rendered":"https:\/\/baldumarket.lt\/product\/szafka-pod-umywalke-70-cm-luxor-beige\/"},"modified":"2026-02-11T18:33:30","modified_gmt":"2026-02-11T15:33:30","slug":"szafka-pod-umywalke-70-cm-luxor-beige","status":"publish","type":"product","link":"https:\/\/baldumarket.lt\/lt\/product\/szafka-pod-umywalke-70-cm-luxor-beige\/","title":{"rendered":"Praustuvo spintel\u0117, 70 cm, \u201eLuxor Beige\u201c"},"content":{"rendered":"<p>70 cm \u201eLuxor Beige\u201c kriaukl\u0117s spintel\u0117. \u201eComad\u201c \u201eLuxor Beige\u201c kriaukl\u0117s spintel\u0117 derina elegancij\u0105 ir funkcionalum\u0105. Sm\u0117lio spalvos MDF fasadai su frezuotomis ranken\u0117l\u0117mis puikiai dera su alyvuotu \u0105\u017euolo korpusu. Su dviem \u0161velniai u\u017esidaran\u010diais stal\u010diais ji puikiai tinka vonios kambariui. Matmenys: Plotis (cm): 70 Gylis (cm): 46 Auk\u0161tis (cm): 57 Techniniai duomenys: Spalva: Alyvuotas \u0105\u017euolas, sm\u0117lio spalvos Med\u017eiaga: LAMINUOTA LENTA \/ MDF Fasadai: MDF Priekin\u0117s dalies spalva: Sm\u0117lio spalvos Korpusas: Laminuota plok\u0161t\u0117 Korpuso spalva: Alyvuotas \u0105\u017euolas Stal\u010di\u0173 skai\u010dius: 2 Rankenos: Frezuotos priekyje B\u0117geliai: \u0160velniai u\u017esidaro Surinkimo b\u016bdas: Savaranki\u0161kas surinkimas. Modernus ir eleganti\u0161kas 70 cm \u201eComad\u201c \u201eLuxor Beige\u201c praustuvo spintel\u0117 yra puikus pasirinkimas bet kokiam vonios kambariui. Subtili sm\u0117lio spalva kartu su alyvuotu \u0105\u017euolo korpusu suteikia interjerui \u0161ilumos ir \u017eavesio, sukurdama atpalaiduojan\u010di\u0105 ir jauki\u0105 atmosfer\u0105. \u0160is spalv\u0173 derinys paver\u010dia spintel\u0119 puikiu tiek modernaus, tiek klasikinio interjero papildymu. \u201eLuxor Beige\u201c praustuvo spintel\u0117 yra ne tik esteti\u0161kai patraukli, bet ir ne\u012ftik\u0117tinai funkcionali. Du erdv\u016bs stal\u010diai suteikia daug vietos visiems svarbiausiems vonios kambario aksesuarams \u2013 nuo rank\u0161luos\u010di\u0173 iki kosmetikos. Frezuotos rankenos priekyje suteikia modernumo ir leid\u017eia lengvai pasiekti laikomus daiktus.<\/p>\n<p>\u201eLuxor Beige\u201c spalvos praustuvo spintel\u0117s kokyb\u0117 ir d\u0117mesys detal\u0117ms neabejotinai patenkins net ir i\u0161rankiausius klientus. Pagaminta i\u0161 patvarios laminuotos plok\u0161t\u0117s ir MDF fasad\u0173, spintel\u0117 yra atspari dr\u0117gmei ir lengvai valoma. Tyli\u0173, \u0161velniai u\u017esidaran\u010di\u0173 b\u0117geli\u0173 naudojimas u\u017etikrina ne tik komfort\u0105, bet ir ilgesn\u012f tarnavimo laik\u0105.<\/p>\n<p>Spintel\u0117 sukurta taip, kad j\u0105 b\u016bt\u0173 galima surinkti savaranki\u0161kai, tod\u0117l j\u0105 galima greitai ir lengvai surinkti be papildomos pagalbos. Visos sudedamosios dalys ir surinkimo instrukcijos yra prid\u0117tos, tod\u0117l procesas yra paprastas ir malonus. Rinkit\u0117s 70 cm \u201eLuxor Beige\u201c spalvos praustuvo spintel\u0119 i\u0161 \u201eComad\u201c ir m\u0117gaukit\u0117s savo vonios kambario gro\u017eiu ir funkcionalumu kiekvien\u0105 dien\u0105.<\/p>","protected":false},"excerpt":{"rendered":"<p>Plotis (cm): 70<br \/>\n\u016agis (cm): 57<br \/>\nGylis (cm): 46<\/p>","protected":false},"featured_media":244313,"comment_status":"open","ping_status":"open","template":"","meta":[],"product_brand":[],"product_cat":[9117,2015,9187],"product_tag":[],"class_list":{"0":"post-244312","1":"product","2":"type-product","3":"status-publish","4":"has-post-thumbnail","6":"product_cat-bathroom","7":"product_cat-comad","8":"product_cat-washbasin-cabinet-comad","10":"first","11":"instock","12":"purchasable","13":"product-type-simple"},"_links":{"self":[{"href":"https:\/\/baldumarket.lt\/lt\/wp-json\/wp\/v2\/product\/244312","targetHints":{"allow":["GET"]}}],"collection":[{"href":"https:\/\/baldumarket.lt\/lt\/wp-json\/wp\/v2\/product"}],"about":[{"href":"https:\/\/baldumarket.lt\/lt\/wp-json\/wp\/v2\/types\/product"}],"replies":[{"embeddable":true,"href":"https:\/\/baldumarket.lt\/lt\/wp-json\/wp\/v2\/comments?post=244312"}],"wp:featuredmedia":[{"embeddable":true,"href":"https:\/\/baldumarket.lt\/lt\/wp-json\/wp\/v2\/media\/244313"}],"wp:attachment":[{"href":"https:\/\/baldumarket.lt\/lt\/wp-json\/wp\/v2\/media?parent=244312"}],"wp:term":[{"taxonomy":"product_brand","embeddable":true,"href":"https:\/\/baldumarket.lt\/lt\/wp-json\/wp\/v2\/product_brand?post=244312"},{"taxonomy":"product_cat","embeddable":true,"href":"https:\/\/baldumarket.lt\/lt\/wp-json\/wp\/v2\/product_cat?post=244312"},{"taxonomy":"product_tag","embeddable":true,"href":"https:\/\/baldumarket.lt\/lt\/wp-json\/wp\/v2\/product_tag?post=244312"}],"curies":[{"name":"wp","href":"https:\/\/api.w.org\/{rel}","templated":true}]}}