{"id":244293,"date":"2026-01-02T23:03:37","date_gmt":"2026-01-02T20:03:37","guid":{"rendered":"https:\/\/baldumarket.lt\/product\/szafka-pod-umywalke-60-cm-twist-white_01\/"},"modified":"2026-02-11T18:33:31","modified_gmt":"2026-02-11T15:33:31","slug":"szafka-pod-umywalke-60-cm-twist-white_01","status":"publish","type":"product","link":"https:\/\/baldumarket.lt\/lt\/product\/szafka-pod-umywalke-60-cm-twist-white_01\/","title":{"rendered":"60 cm \u201eTwist White\u201c praustuvo spintel\u0117_01"},"content":{"rendered":"<p>\u201eTwist White\u201c vonios kambario bald\u0173 kolekcija \u2013 tai unikalus sprendimas madingam vonios kambariui. Universalios baltos spintel\u0117s kartu su paprastomis ranken\u0117l\u0117mis suteiks interjerui modern\u0173, minimalistin\u012f poj\u016bt\u012f. Kolekcij\u0105 sudaro \u012fvairios spintel\u0117s, kuri\u0173 matmenys idealiai tinka ma\u017eiems vonios kambariams. Be auk\u0161t\u0173, \u017eem\u0173 ir prie sienos tvirtinam\u0173 spinteli\u0173, komplekte taip pat yra praustuvo spintel\u0117 ir veidrodin\u0117 spintel\u0117. D\u0117l novatori\u0161ko ir prakti\u0161ko dizaino po\u017ei\u016brio kolekcijos baldai si\u016blo \u012fvairias daikt\u0173 laikymo sistemas ir leis susid\u0117ti vis\u0105 b\u016btiniausi\u0105 kosmetik\u0105 bei vonios kambario aksesuarus. \u201eTwist White\u201c kolekcija \u017eavi ne tik savo forma, bet ir funkcionalumu.<\/p>","protected":false},"excerpt":{"rendered":"<p>Plotis (cm): 60<br \/>\n\u016agis (cm): 52<br \/>\nGylis (cm): 39<\/p>","protected":false},"featured_media":244294,"comment_status":"open","ping_status":"open","template":"","meta":[],"product_brand":[],"product_cat":[9117,2015,9187],"product_tag":[],"class_list":{"0":"post-244293","1":"product","2":"type-product","3":"status-publish","4":"has-post-thumbnail","6":"product_cat-bathroom","7":"product_cat-comad","8":"product_cat-washbasin-cabinet-comad","10":"first","11":"instock","12":"purchasable","13":"product-type-simple"},"_links":{"self":[{"href":"https:\/\/baldumarket.lt\/lt\/wp-json\/wp\/v2\/product\/244293","targetHints":{"allow":["GET"]}}],"collection":[{"href":"https:\/\/baldumarket.lt\/lt\/wp-json\/wp\/v2\/product"}],"about":[{"href":"https:\/\/baldumarket.lt\/lt\/wp-json\/wp\/v2\/types\/product"}],"replies":[{"embeddable":true,"href":"https:\/\/baldumarket.lt\/lt\/wp-json\/wp\/v2\/comments?post=244293"}],"wp:featuredmedia":[{"embeddable":true,"href":"https:\/\/baldumarket.lt\/lt\/wp-json\/wp\/v2\/media\/244294"}],"wp:attachment":[{"href":"https:\/\/baldumarket.lt\/lt\/wp-json\/wp\/v2\/media?parent=244293"}],"wp:term":[{"taxonomy":"product_brand","embeddable":true,"href":"https:\/\/baldumarket.lt\/lt\/wp-json\/wp\/v2\/product_brand?post=244293"},{"taxonomy":"product_cat","embeddable":true,"href":"https:\/\/baldumarket.lt\/lt\/wp-json\/wp\/v2\/product_cat?post=244293"},{"taxonomy":"product_tag","embeddable":true,"href":"https:\/\/baldumarket.lt\/lt\/wp-json\/wp\/v2\/product_tag?post=244293"}],"curies":[{"name":"wp","href":"https:\/\/api.w.org\/{rel}","templated":true}]}}