{"id":244287,"date":"2026-01-02T23:03:34","date_gmt":"2026-01-02T20:03:34","guid":{"rendered":"https:\/\/baldumarket.lt\/product\/szafka-pod-umywalke-60-cm-santa-fe-black\/"},"modified":"2026-02-11T18:33:31","modified_gmt":"2026-02-11T15:33:31","slug":"szafka-pod-umywalke-60-cm-santa-fe-black","status":"publish","type":"product","link":"https:\/\/baldumarket.lt\/lt\/product\/szafka-pod-umywalke-60-cm-santa-fe-black\/","title":{"rendered":"SANTA FE BLACK praustuvo spintel\u0117, 60 cm"},"content":{"rendered":"<p>SANTA FE BLACK 60 cm praustuvo spintel\u0117Stilinga \u201eComad\u201c praustuvo spintel\u0117 \u201eSANTA FE BLACK\u201c derina elegancij\u0105 ir funkcionalum\u0105. Pagaminta i\u0161 laminuotos plok\u0161t\u0117s, turi du stal\u010dius ir \u0161velnaus u\u017edarymo sistem\u0105. Idealiai tinka moderniems vonios kambariams, u\u017etikrina erdv\u0119 ir tvark\u0105. Matmenys: Plotis (cm): 60 Gylis (cm): 45,6 Auk\u0161tis (cm): 46 Techniniai duomenys: Korpuso spalva: Juoda Priekin\u0117s dalies spalva: Juoda Korpuso med\u017eiaga: laminuota plok\u0161t\u0117 Priekin\u0117s dalies med\u017eiaga: laminuota plok\u0161t\u0117 Rankenos: Chromuotos Vyriai: \u0160velniai u\u017esidaro Bald\u0173 tipas: Tvirtinami prie sienos B\u0117geliai: \u0160velniai u\u017esidaro Stal\u010di\u0173 skai\u010dius: 2 Pristatome unikali\u0105 \u201eComad\u201c praustuvo spintel\u0119 \u201eSANTA FE BLACK\u201c, kuri puikiai der\u0117s prie modernaus ir eleganti\u0161ko interjero. Minimalistinis dizainas ir sodri juoda spalva suteikia vonios kambariui charakterio ir prabangos, sukurdama erdv\u0119, kupin\u0105 klas\u0117s ir rafinuotos estetikos. D\u0117l kompakti\u0161k\u0173 matmen\u0173 (60 cm plo\u010dio, 45,6 cm gylio, 46 cm auk\u0161\u010dio) spintel\u0117 puikiai tinka ma\u017eiems vonios kambariams ir si\u016blo optimali\u0105 daikt\u0173 laikymo viet\u0105. Du prakti\u0161ki stal\u010diai su \u0161velnaus u\u017edarymo sistema u\u017etikrina kasdienio naudojimo komfort\u0105 ir patogum\u0105, kartu i\u0161laikant eleganti\u0161k\u0105 i\u0161vaizd\u0105 ir tvark\u0105. Auk\u0161tos kokyb\u0117s med\u017eiagos, tokios kaip laminuota plok\u0161t\u0117, i\u0161 kurios pagamintas tiek spintel\u0117s korpusas, tiek fasadai, garantuoja ilgaam\u017ei\u0161kum\u0105 ir atsparum\u0105 dr\u0117gmei bei kitoms vonios kambario s\u0105lygoms. \u0160is sprendimas yra ne tik funkcionalus, bet ir i\u0161skirtinai esteti\u0161kas, tod\u0117l \u201eComad\u201c spintel\u0117 SANTA FE BLACK yra nepakei\u010diamas bet kurio stilingo vonios kambario elementas. Prie sienos tvirtinama spintel\u0117s konstrukcija ne tik palengvina valym\u0105, bet ir leid\u017eia optimaliai i\u0161naudoti turim\u0105 erdv\u0119. Tai suteikia j\u016bs\u0173 vonios kambariui lengvumo ir erdv\u0117s, taip pat suteikia pakankamai vietos b\u016btiniausiems vonios kambario aksesuarams laikyti. Palepinkite save prabangos prisilietimu ir suteikite savo vonios kambariui unikalaus stiliaus su \u201eSANTA FE BLACK\u201c praustuvo spintele. Tai investicija \u012f kokyb\u0119 ir elegancij\u0105, kuri tarnaus ilgus metus ir bus patikimas j\u016bs\u0173 kasdienio gyvenimo atributas.<\/p>","protected":false},"excerpt":{"rendered":"<p>Plotis (cm): 60<br \/>\nGylis (cm): 45,6<br \/>\n\u016agis (cm): 46<\/p>","protected":false},"featured_media":244288,"comment_status":"open","ping_status":"open","template":"","meta":[],"product_brand":[],"product_cat":[9117,2015,9187],"product_tag":[],"class_list":{"0":"post-244287","1":"product","2":"type-product","3":"status-publish","4":"has-post-thumbnail","6":"product_cat-bathroom","7":"product_cat-comad","8":"product_cat-washbasin-cabinet-comad","10":"first","11":"instock","12":"purchasable","13":"product-type-simple"},"_links":{"self":[{"href":"https:\/\/baldumarket.lt\/lt\/wp-json\/wp\/v2\/product\/244287","targetHints":{"allow":["GET"]}}],"collection":[{"href":"https:\/\/baldumarket.lt\/lt\/wp-json\/wp\/v2\/product"}],"about":[{"href":"https:\/\/baldumarket.lt\/lt\/wp-json\/wp\/v2\/types\/product"}],"replies":[{"embeddable":true,"href":"https:\/\/baldumarket.lt\/lt\/wp-json\/wp\/v2\/comments?post=244287"}],"wp:featuredmedia":[{"embeddable":true,"href":"https:\/\/baldumarket.lt\/lt\/wp-json\/wp\/v2\/media\/244288"}],"wp:attachment":[{"href":"https:\/\/baldumarket.lt\/lt\/wp-json\/wp\/v2\/media?parent=244287"}],"wp:term":[{"taxonomy":"product_brand","embeddable":true,"href":"https:\/\/baldumarket.lt\/lt\/wp-json\/wp\/v2\/product_brand?post=244287"},{"taxonomy":"product_cat","embeddable":true,"href":"https:\/\/baldumarket.lt\/lt\/wp-json\/wp\/v2\/product_cat?post=244287"},{"taxonomy":"product_tag","embeddable":true,"href":"https:\/\/baldumarket.lt\/lt\/wp-json\/wp\/v2\/product_tag?post=244287"}],"curies":[{"name":"wp","href":"https:\/\/api.w.org\/{rel}","templated":true}]}}