{"id":244282,"date":"2026-01-02T23:03:32","date_gmt":"2026-01-02T20:03:32","guid":{"rendered":"https:\/\/baldumarket.lt\/product\/szafka-pod-umywalke-60-cm-ocean-black-2\/"},"modified":"2026-02-11T18:33:31","modified_gmt":"2026-02-11T15:33:31","slug":"szafka-pod-umywalke-60-cm-ocean-black-2","status":"publish","type":"product","link":"https:\/\/baldumarket.lt\/lt\/product\/szafka-pod-umywalke-60-cm-ocean-black-2\/","title":{"rendered":"Praustuvo spintel\u0117, 60 cm, vandenyno juoda"},"content":{"rendered":"<p>60 cm OCEAN BLACK kriaukl\u0117s spintel\u0117. \u201eComad\u201c OCEAN BLACK kriaukl\u0117s spintel\u0117 pagaminta i\u0161 laminuotos plok\u0161t\u0117s ir MDF. Matin\u0117s juodos ir alyvuoto \u0105\u017euolo derinys suteikia elegancijos. Frezuoti fasadai su \u0161velnaus u\u017edarymo mechanizmu suteikia modern\u0173 dizain\u0105. Puikiai tinka kabinti ant sienos. Matmenys: Plotis (cm): 60 Gylis (cm): 46 Auk\u0161tis (cm): 57 Svoris (kg): 15,5 Techniniai duomenys: Spalva: Matin\u0117 juoda, Alyvuotas \u0105\u017euolas Med\u017eiaga: Laminuota plok\u0161t\u0117 \/ MDF plok\u0161t\u0117 Korpuso med\u017eiaga: Laminuota plok\u0161t\u0117 Korpuso spalva: Alyvuotas \u0105\u017euolas Priekio med\u017eiaga: MDF plok\u0161t\u0117 Priekio spalva: Matin\u0117 juoda Priekio konstrukcija: Frezuotas ra\u0161tas Reikalingas surinkimas: Taip Tvirtinimo kai\u0161\u010diai pridedami: Taip, yra komplekte Tvirtinimo pakuot\u0117 komplekte: Taip Montavimo viduje b\u016bdas: Pakabinimui ant sienos Dur\u0173 kiekis: 2 Dur\u0173 skai\u010dius: Universal\u016bs Vyriai: \u0160velniai u\u017esidaro Rankenos: Integruotos Rankenos med\u017eiaga: MDF plok\u0161t\u0117 Rankenos spalva: Matin\u0117 juoda Fiksuot\u0173 lentyn\u0173 med\u017eiaga: netaikoma Fiksuotos lentynos spalva: N\/A Fiksuotos lentynos apkrova (kg): 0 Reguliuojama lentynos med\u017eiaga: N\/A Reguliuojama lentynos spalva: N\/A Reguliuojama lentynos apkrova (kg): 0 Atraskite elegancij\u0105 ir funkcionalum\u0105 su \u201eComad\u201c OCEAN BLACK praustuvo spintele. \u0160is stilingas matin\u0117s juodos ir alyvuoto \u0105\u017euolo spalvos baldas papuo\u0161 bet kur\u012f vonios kambar\u012f, suteikdamas modern\u0173 ir prabang\u0173 charakter\u012f. D\u0117l kruop\u0161\u010diai apgalvoto dizaino \u0161i spintel\u0117 puikiai dera prie \u012fvairi\u0173 interjero dizain\u0173. I\u0161 MDF pagamintos fasadai ir laminuotas korpusas u\u017etikrina patvarum\u0105 ir atsparum\u0105 kasdieniams i\u0161\u0161\u016bkiams. Strukt\u016bri\u0161kai frezuoti fasadai suteikia visam spinteliui unikal\u0173 charakter\u012f, o integruotos matin\u0117s juodos ranken\u0117l\u0117s \u2013 elegancijos. Tai puikus sprendimas ie\u0161kantiems stiling\u0173, ta\u010diau prakti\u0161k\u0173 sprendim\u0173 savo namams. \u201eOCEAN BLACK\u201c praustuvo spintel\u0117s funkcionalumas nustebins net ir reikliausius vartotojus. Spintel\u0117 pasi\u017eymi dviej\u0173 dureli\u0173 konstrukcija su \u0161velnaus u\u017edarymo mechanizmu, tod\u0117l j\u0105 nepaprastai patogu naudoti. Nepaisant minimalistin\u0117s i\u0161vaizdos, ji yra ne\u012ftik\u0117tinai erdvi, tod\u0117l joje tilps visi reikalingi vonios kambario reikmenys. Lengvas surinkimas ir galimyb\u0117 tvirtinti prie sienos daro \u0161i\u0105 spintel\u0119 ideali\u0105 tiek ma\u017eiems, tiek dideliems vonios kambariams. Viskas, ko reikia surinkimui, yra komplekte, tod\u0117l sutaupysite laiko ir vargo. Pasirinkdami \u201eOCEAN BLACK\u201c praustuvo spintel\u0119, investuojate \u012f estetik\u0105 ir funkcionalum\u0105, kurie tarnaus ilgus metus.<\/p>","protected":false},"excerpt":{"rendered":"<p>Plotis (cm): 60<br \/>\nGylis (cm): 46<br \/>\n\u016agis (cm): 57<\/p>","protected":false},"featured_media":244283,"comment_status":"open","ping_status":"open","template":"","meta":[],"product_brand":[],"product_cat":[9117,2015,9187],"product_tag":[],"class_list":{"0":"post-244282","1":"product","2":"type-product","3":"status-publish","4":"has-post-thumbnail","6":"product_cat-bathroom","7":"product_cat-comad","8":"product_cat-washbasin-cabinet-comad","10":"first","11":"instock","12":"purchasable","13":"product-type-simple"},"_links":{"self":[{"href":"https:\/\/baldumarket.lt\/lt\/wp-json\/wp\/v2\/product\/244282","targetHints":{"allow":["GET"]}}],"collection":[{"href":"https:\/\/baldumarket.lt\/lt\/wp-json\/wp\/v2\/product"}],"about":[{"href":"https:\/\/baldumarket.lt\/lt\/wp-json\/wp\/v2\/types\/product"}],"replies":[{"embeddable":true,"href":"https:\/\/baldumarket.lt\/lt\/wp-json\/wp\/v2\/comments?post=244282"}],"wp:featuredmedia":[{"embeddable":true,"href":"https:\/\/baldumarket.lt\/lt\/wp-json\/wp\/v2\/media\/244283"}],"wp:attachment":[{"href":"https:\/\/baldumarket.lt\/lt\/wp-json\/wp\/v2\/media?parent=244282"}],"wp:term":[{"taxonomy":"product_brand","embeddable":true,"href":"https:\/\/baldumarket.lt\/lt\/wp-json\/wp\/v2\/product_brand?post=244282"},{"taxonomy":"product_cat","embeddable":true,"href":"https:\/\/baldumarket.lt\/lt\/wp-json\/wp\/v2\/product_cat?post=244282"},{"taxonomy":"product_tag","embeddable":true,"href":"https:\/\/baldumarket.lt\/lt\/wp-json\/wp\/v2\/product_tag?post=244282"}],"curies":[{"name":"wp","href":"https:\/\/api.w.org\/{rel}","templated":true}]}}