{"id":244277,"date":"2026-01-02T23:03:30","date_gmt":"2026-01-02T20:03:30","guid":{"rendered":"https:\/\/baldumarket.lt\/product\/szafka-pod-umywalke-60-cm-ocean-black\/"},"modified":"2026-02-11T18:33:31","modified_gmt":"2026-02-11T15:33:31","slug":"szafka-pod-umywalke-60-cm-ocean-black","status":"publish","type":"product","link":"https:\/\/baldumarket.lt\/lt\/product\/szafka-pod-umywalke-60-cm-ocean-black\/","title":{"rendered":"Praustuvo spintel\u0117, 60 cm, vandenyno juoda"},"content":{"rendered":"<p>Praustuvo spintel\u0117 60 cm OCEAN BLACK \u201eComad\u201c OCEAN BLACK praustuvo spintel\u0117 \u2013 tai stilingas matin\u0117s juodos ir alyvuoto \u0105\u017euolo derinys. Pagaminta i\u0161 laminuotos plok\u0161t\u0117s ir MDF, turi du stal\u010dius su \u0161velnaus u\u017edarymo sistema ir integruotomis rankenomis. Matmenys: Plotis (cm): 60 Gylis (cm): 46 Auk\u0161tis (cm): 57 Svoris (kg): 15,5 Techniniai duomenys: Spalva: Matin\u0117 juoda, Alyvuotas \u0105\u017euolas Med\u017eiaga: Laminuota plok\u0161t\u0117 \/ MDF plok\u0161t\u0117 Korpuso med\u017eiaga: Laminuota plok\u0161t\u0117 Korpuso spalva: Alyvuotas \u0105\u017euolas Priekio med\u017eiaga: MDF plok\u0161t\u0117 Priekio spalva: Matin\u0117 juoda Priekio konstrukcija: Frezuotas ra\u0161tas Reikalingas surinkimas: Taip Tvirtinimo kai\u0161\u010diai pridedami: Taip Tvirtinimo rinkinys pridedamas: Taip Montavimo viduje b\u016bdas: Pakabinimui ant sienos Stal\u010di\u0173 kiekis: 2 stal\u010diai 1 stal\u010dius Konstrukcija: Tvirtas dugnas su i\u0161pjova galin\u0117je juostel\u0117je \u2013 Rekomenduojama montuoti sifon\u0105 \u017demas Tvirtinamas prie sienos \u2013 Sifonas nepridedamas 1 stal\u010diaus prailginimas: 3\/4 prailginimo 2 stal\u010diaus prailginimas: Pilnas prailginimas Vir\u0161utinio stal\u010diaus organizatorius: Ne 1 stal\u010diaus talpa: 5 Dur\u0173 skai\u010dius: Universal\u016bs Vyriai: \u0160velniai u\u017esidarantys Rankenos: Integruoti Rankenos med\u017eiaga: MDF plok\u0161t\u0117 Rankenos spalva: Matin\u0117 juoda Fiksuotos lentynos Med\u017eiaga: N\u0117ra Fiksuotos lentynos spalva: N\u0117ra Reguliuojamos lentynos spalva: N\u0117ra Praustuvo spintel\u0117 OCEAN BLACK \u201eComad\u201c \u2013 tai unikalus pasi\u016blymas tiems, kurie vertina modern\u0173 dizain\u0105 ir elegancij\u0105. Matin\u0117s juodos spalvos fasadas kartu su alyvuotu \u0105\u017euolo korpusu sukuria rafinuot\u0105 ir stiling\u0105 kompozicij\u0105, kuri suteiks \u017eavesio bet kuriam vonios kambariui. Subtiliai frezuotas fasad\u0173 ra\u0161tas suteikia spintelei unikal\u0173 charakter\u012f, kuris tikrai patrauks ak\u012f. Dar vienas jos privalumas \u2013 funkcionalumas. Du erdv\u016bs stal\u010diai u\u017etikrina patog\u0173 vis\u0173 vonios kambario aksesuar\u0173 laikym\u0105, o \u0161velnaus u\u017edarymo vyriai u\u017etikrina \u0161veln\u0173 ir skland\u0173 u\u017edarym\u0105, padidindami patvarum\u0105 ir komfort\u0105. Pilnai i\u0161traukiamas apatinis stal\u010dius leid\u017eia lengvai pasiekti vis\u0105 jo turin\u012f, o tai itin prakti\u0161ka kasdien\u0117je veikloje. \u0160i prie sienos tvirtinama praustuvo spintel\u0117 yra puikus sprendimas tiems, kurie ie\u0161ko maksimalios erdv\u0117s vonios kambaryje. Tvirtinimo lentyn\u0173 nebuvimas padaro spintel\u0117s vid\u0173 erdvesn\u012f, tod\u0117l patogu laikyti didesnius daiktus. Integruota rankena, taip pat pagaminta i\u0161 MDF su matin\u0117s juodos spalvos apdaila, puikiai papildo minimalistin\u0119 estetik\u0105 ir suteikia spintelei harmoning\u0105 i\u0161vaizd\u0105. \u201eOCEAN BLACK\u201c spintel\u0117 tiekiama su tvirtinimo kai\u0161\u010diais ir surinkimo rinkiniu, kad b\u016bt\u0173 lengva montuoti. Tai prakti\u0161kas ir esteti\u0161kai patrauklus sprendimas bet kuriam vonios kambariui, derinantis elegancij\u0105, modernum\u0105 ir funkcionalum\u0105. Itali\u0161kas minimalizmas kartu su tvirta meistri\u0161kumo kokybe u\u017etikrina, kad spintel\u0117 atrodys puikiai ir tarnaus jums ilgus metus.<\/p>","protected":false},"excerpt":{"rendered":"<p>Plotis (cm): 60<br \/>\nGylis (cm): 46<br \/>\n\u016agis (cm): 57<\/p>","protected":false},"featured_media":244278,"comment_status":"open","ping_status":"open","template":"","meta":[],"product_brand":[],"product_cat":[9117,2015,9187],"product_tag":[],"class_list":{"0":"post-244277","1":"product","2":"type-product","3":"status-publish","4":"has-post-thumbnail","6":"product_cat-bathroom","7":"product_cat-comad","8":"product_cat-washbasin-cabinet-comad","10":"first","11":"instock","12":"purchasable","13":"product-type-simple"},"_links":{"self":[{"href":"https:\/\/baldumarket.lt\/lt\/wp-json\/wp\/v2\/product\/244277","targetHints":{"allow":["GET"]}}],"collection":[{"href":"https:\/\/baldumarket.lt\/lt\/wp-json\/wp\/v2\/product"}],"about":[{"href":"https:\/\/baldumarket.lt\/lt\/wp-json\/wp\/v2\/types\/product"}],"replies":[{"embeddable":true,"href":"https:\/\/baldumarket.lt\/lt\/wp-json\/wp\/v2\/comments?post=244277"}],"wp:featuredmedia":[{"embeddable":true,"href":"https:\/\/baldumarket.lt\/lt\/wp-json\/wp\/v2\/media\/244278"}],"wp:attachment":[{"href":"https:\/\/baldumarket.lt\/lt\/wp-json\/wp\/v2\/media?parent=244277"}],"wp:term":[{"taxonomy":"product_brand","embeddable":true,"href":"https:\/\/baldumarket.lt\/lt\/wp-json\/wp\/v2\/product_brand?post=244277"},{"taxonomy":"product_cat","embeddable":true,"href":"https:\/\/baldumarket.lt\/lt\/wp-json\/wp\/v2\/product_cat?post=244277"},{"taxonomy":"product_tag","embeddable":true,"href":"https:\/\/baldumarket.lt\/lt\/wp-json\/wp\/v2\/product_tag?post=244277"}],"curies":[{"name":"wp","href":"https:\/\/api.w.org\/{rel}","templated":true}]}}