{"id":244272,"date":"2026-01-02T23:03:29","date_gmt":"2026-01-02T20:03:29","guid":{"rendered":"https:\/\/baldumarket.lt\/product\/szafka-pod-umywalke-60-cm-ocean-beige-2\/"},"modified":"2026-02-11T18:33:31","modified_gmt":"2026-02-11T15:33:31","slug":"szafka-pod-umywalke-60-cm-ocean-beige-2","status":"publish","type":"product","link":"https:\/\/baldumarket.lt\/lt\/product\/szafka-pod-umywalke-60-cm-ocean-beige-2\/","title":{"rendered":"Praustuvo spintel\u0117, 60 cm, vandenyno sm\u0117lio spalvos"},"content":{"rendered":"<p>60 cm OCEAN BEIGE kriaukl\u0117s spintel\u0117. 60 cm plo\u010dio OCEAN BEIGE kriaukl\u0117s spintel\u0117 i\u0161 \u201eComad\u201c pagaminta i\u0161 laminuotos MDF plok\u0161t\u0117s, sm\u0117lio ir alyvuoto \u0105\u017euolo spalvos. Ji turi du \u0161velniai u\u017esidaran\u010dius stal\u010dius su integruotomis rankenomis. Puikiai tinka pakabinti ant sienos. Matmenys: Plotis (cm): 60 Gylis (cm): 46 Auk\u0161tis (cm): 57 Svoris (kg): 15,5 Techniniai duomenys: Spalva: Sm\u0117lio spalvos, Alyvuotas \u0105\u017euolas Med\u017eiaga: Laminuota plok\u0161t\u0117 \/ MDF plok\u0161t\u0117 Korpuso med\u017eiaga: Laminuota plok\u0161t\u0117 Korpuso spalva: Alyvuotas \u0105\u017euolas Priekio med\u017eiaga: MDF plok\u0161t\u0117 Priekio spalva: Sm\u0117lio spalvos Priekio konstrukcija: Frezuotas ra\u0161tas Reikalingas surinkimas: Taip Tvirtinimo kai\u0161\u010diai pridedami: Taip, yra komplekte Tvirtinimo pakuot\u0117 komplekte: Taip Montavimo b\u016bdas patalpoje: Pakabinimui ant sienos Stal\u010di\u0173 kiekis: 2 stal\u010diai 1 stal\u010dius Konstrukcija: Pilnas dugnas su i\u0161pjova galin\u0117je juostel\u0117je \u2013 Rekomenduojama montuoti \u017eem\u0105 sienin\u012f sifon\u0105 \u2013 Sifonas nepridedamas 1 stal\u010dius Prailginimas: Prailginimas 3\/4 ilgio 2 stal\u010diui Prailginimas: Viso ilgio prailginimas Vir\u0161utinio stal\u010diaus organizatorius: Ne 1 stal\u010dius Svorio talpa: 5 g Vyriai: \u0160velniai u\u017esidaro Rankenos: Integruotos Rankenos med\u017eiaga: MDF Rankenos spalva: Sm\u0117lio spalvos Atraskite elegancij\u0105 ir funkcionalum\u0105 savo vonios kambaryje su \u201eComad\u201c OCEAN BEIGE praustuvo spintele. \u0160i stilinga spintel\u0117, kurios plotis 60 cm, gylis 46 cm, o auk\u0161tis 57 cm, derina modern\u0173 dizain\u0105 su prakti\u0161kais sprendimais. Pagaminta i\u0161 patvarios laminuotos plok\u0161t\u0117s ir MDF, sm\u0117lio spalvos su alyvuoto \u0105\u017euolo kont\u016bru, spintel\u0117 suteiks \u0161ilumos ir jaukumo bet kuriam vonios kambariui. Frezuotas sm\u0117lio spalvos priekis pabr\u0117\u017eia eleganti\u0161k\u0105 jos charakter\u012f, o integruotos tos pa\u010dios spalvos MDF ranken\u0117l\u0117s yra prakti\u0161kos ir esteti\u0161kos. OCEAN BEIGE spintel\u0117 turi du erdvius stal\u010dius. Pirmasis stal\u010dius turi i\u0161pjov\u0105 galin\u0117je sienel\u0117je, leid\u017eian\u010di\u0105 lengvai sumontuoti prie sienos tvirtinam\u0105 sifon\u0105 (nepridedamas), ir yra 3\/4 i\u0161traukiamas. Antrasis stal\u010dius yra visi\u0161kai i\u0161traukiamas, tod\u0117l lengva pasiekti laikomus daiktus. Abu stal\u010diai turi \u0161velnaus u\u017edarymo mechanizm\u0105, kuris padidina naudotojo patogum\u0105. Komplekte taip pat yra tvirtinimo kai\u0161\u010diai ir visas surinkimo rinkinys, tod\u0117l montavimas yra greitas ir nesud\u0117tingas. Sukurta montuoti prie sienos, ji tinka tiek ma\u017eiems, tiek didesniems vonios kambariams, taupant verting\u0105 viet\u0105. Spintel\u0117 sveria 15,5 kg, o tai rodo jos tvirt\u0105 konstrukcij\u0105. Pasirinkdami OCEAN BEIGE spalvos praustuvo spintel\u0119, renkat\u0117s gamin\u012f, kuris ne tik atrodo gra\u017eiai, bet ir atitinka visus modernaus vonios kambario reikalavimus. Papuo\u0161kite savo vonios kambar\u012f \u0161ia prakti\u0161ka ir stilinga spintele ir m\u0117gaukit\u0117s jos funkcionalumu bei patvarumu ilgus metus!<\/p>","protected":false},"excerpt":{"rendered":"<p>Plotis (cm): 60<br \/>\nGylis (cm): 46<br \/>\n\u016agis (cm): 57<\/p>","protected":false},"featured_media":244273,"comment_status":"open","ping_status":"open","template":"","meta":[],"product_brand":[],"product_cat":[9117,2015,9187],"product_tag":[],"class_list":{"0":"post-244272","1":"product","2":"type-product","3":"status-publish","4":"has-post-thumbnail","6":"product_cat-bathroom","7":"product_cat-comad","8":"product_cat-washbasin-cabinet-comad","10":"first","11":"instock","12":"purchasable","13":"product-type-simple"},"_links":{"self":[{"href":"https:\/\/baldumarket.lt\/lt\/wp-json\/wp\/v2\/product\/244272","targetHints":{"allow":["GET"]}}],"collection":[{"href":"https:\/\/baldumarket.lt\/lt\/wp-json\/wp\/v2\/product"}],"about":[{"href":"https:\/\/baldumarket.lt\/lt\/wp-json\/wp\/v2\/types\/product"}],"replies":[{"embeddable":true,"href":"https:\/\/baldumarket.lt\/lt\/wp-json\/wp\/v2\/comments?post=244272"}],"wp:featuredmedia":[{"embeddable":true,"href":"https:\/\/baldumarket.lt\/lt\/wp-json\/wp\/v2\/media\/244273"}],"wp:attachment":[{"href":"https:\/\/baldumarket.lt\/lt\/wp-json\/wp\/v2\/media?parent=244272"}],"wp:term":[{"taxonomy":"product_brand","embeddable":true,"href":"https:\/\/baldumarket.lt\/lt\/wp-json\/wp\/v2\/product_brand?post=244272"},{"taxonomy":"product_cat","embeddable":true,"href":"https:\/\/baldumarket.lt\/lt\/wp-json\/wp\/v2\/product_cat?post=244272"},{"taxonomy":"product_tag","embeddable":true,"href":"https:\/\/baldumarket.lt\/lt\/wp-json\/wp\/v2\/product_tag?post=244272"}],"curies":[{"name":"wp","href":"https:\/\/api.w.org\/{rel}","templated":true}]}}