{"id":244267,"date":"2026-01-02T23:03:27","date_gmt":"2026-01-02T20:03:27","guid":{"rendered":"https:\/\/baldumarket.lt\/product\/szafka-pod-umywalke-60-cm-ocean-beige\/"},"modified":"2026-02-11T18:33:31","modified_gmt":"2026-02-11T15:33:31","slug":"szafka-pod-umywalke-60-cm-ocean-beige","status":"publish","type":"product","link":"https:\/\/baldumarket.lt\/lt\/product\/szafka-pod-umywalke-60-cm-ocean-beige\/","title":{"rendered":"Praustuvo spintel\u0117, 60 cm, vandenyno sm\u0117lio spalvos"},"content":{"rendered":"<p>60 cm OCEAN BEIGE kriaukl\u0117s spintel\u0117. Eleganti\u0161ka OCEAN BEIGE kriaukl\u0117s spintel\u0117 i\u0161 \u201eComad\u201c pagaminta i\u0161 laminuotos plok\u0161t\u0117s ir MDF, sm\u0117lio ir \u0105\u017euolo spalvos, su frezuotais fasadais. Ji turi dvejas \u0161velniai u\u017esidaran\u010dias dureles su integruotomis rankenomis. Reikia surinkti ir pakabinti ant sienos. Matmenys: Plotis (cm): 60 Gylis (cm): 46 Auk\u0161tis (cm): 57 Svoris (kg): 15,5 Techniniai duomenys: Spalva: Sm\u0117lio spalvos, Alyvuotas \u0105\u017euolas Med\u017eiaga: Laminuota plok\u0161t\u0117 \/ MDF plok\u0161t\u0117 Korpuso med\u017eiaga: Laminuota plok\u0161t\u0117 Korpuso spalva: Alyvuotas \u0105\u017euolas Priekio med\u017eiaga: MDF plok\u0161t\u0117 Priekio spalva: Sm\u0117lio spalvos Priekio konstrukcija: Frezuotas ra\u0161tas Reikalingas surinkimas: Taip Tvirtinimo kai\u0161\u010diai pridedami: Taip, yra Tvirtinimo pakuot\u0117 \u012ftraukta: Taip Montavimo viduje b\u016bdas: Pakabinimui ant sienos Dur\u0173 kiekis: 2 Dur\u0173 skai\u010dius: Universal\u016bs Vyriai: \u0160velniai u\u017esidaro Rankenos: Integruotos Rankenos med\u017eiaga: MDF plok\u0161t\u0117 Rankenos spalva: Sm\u0117lio spalvos Fiksuot\u0173 lentyn\u0173 med\u017eiaga: netaikoma Fiksuotos lentynos spalva: netaikoma Lentynos apkrova (kg): 0Reguliuojama lentynos med\u017eiaga: netaikomaReguliuojama lentynos spalva: netaikomaReguliuojama lentynos apkrova (kg): 0 60 cm \u201eComad\u201c OCEAN BEIGE praustuvo spintel\u0117 yra funkcionalus ir stilingas sprendimas bet kokiam vonios kambariui. Matmenys: Plotis: 60 cm Gylis: 46 cm Auk\u0161tis: 57 cm Svoris: 15,5 kg Med\u017eiagos ir spalvos: Korpusas: laminuota alyvuoto \u0105\u017euolo plok\u0161t\u0117 Priekin\u0117s dalys: frezuota sm\u0117lio spalvos MDF plok\u0161t\u0117 Spintel\u0117 skirta kabinti ant sienos, tod\u0117l vonios kambaryje lengviau palaikyti \u0161var\u0105 ir optimizuojama erdv\u0117. D\u0117l universali\u0173 dureli\u0173 su \u0161velnaus u\u017edarymo sistema spintele naudotis itin patogu. Komplekte yra reikalingi kai\u0161\u010diai ir surinkimo rinkinys, kad b\u016bt\u0173 galima greitai ir lengvai surinkti. Integruotos sm\u0117lio spalvos ranken\u0117l\u0117s suteikia spintelei elegancijos, o kartu yra prakti\u0161kos ir patvarios. Sukurkite moderni\u0105 ir jauki\u0105 erdv\u0119 savo vonios kambaryje su OCEAN BEIGE praustuvo spintele. Eleganti\u0161kas dizainas ir auk\u0161tos kokyb\u0117s med\u017eiagos paver\u010dia \u0161\u012f bald\u0105 puikiu j\u016bs\u0173 interjero papildymu.<\/p>","protected":false},"excerpt":{"rendered":"<p>Plotis (cm): 60<br \/>\nGylis (cm): 46<br \/>\n\u016agis (cm): 57<\/p>","protected":false},"featured_media":244268,"comment_status":"open","ping_status":"open","template":"","meta":[],"product_brand":[],"product_cat":[9117,2015,9187],"product_tag":[],"class_list":{"0":"post-244267","1":"product","2":"type-product","3":"status-publish","4":"has-post-thumbnail","6":"product_cat-bathroom","7":"product_cat-comad","8":"product_cat-washbasin-cabinet-comad","10":"first","11":"instock","12":"purchasable","13":"product-type-simple"},"_links":{"self":[{"href":"https:\/\/baldumarket.lt\/lt\/wp-json\/wp\/v2\/product\/244267","targetHints":{"allow":["GET"]}}],"collection":[{"href":"https:\/\/baldumarket.lt\/lt\/wp-json\/wp\/v2\/product"}],"about":[{"href":"https:\/\/baldumarket.lt\/lt\/wp-json\/wp\/v2\/types\/product"}],"replies":[{"embeddable":true,"href":"https:\/\/baldumarket.lt\/lt\/wp-json\/wp\/v2\/comments?post=244267"}],"wp:featuredmedia":[{"embeddable":true,"href":"https:\/\/baldumarket.lt\/lt\/wp-json\/wp\/v2\/media\/244268"}],"wp:attachment":[{"href":"https:\/\/baldumarket.lt\/lt\/wp-json\/wp\/v2\/media?parent=244267"}],"wp:term":[{"taxonomy":"product_brand","embeddable":true,"href":"https:\/\/baldumarket.lt\/lt\/wp-json\/wp\/v2\/product_brand?post=244267"},{"taxonomy":"product_cat","embeddable":true,"href":"https:\/\/baldumarket.lt\/lt\/wp-json\/wp\/v2\/product_cat?post=244267"},{"taxonomy":"product_tag","embeddable":true,"href":"https:\/\/baldumarket.lt\/lt\/wp-json\/wp\/v2\/product_tag?post=244267"}],"curies":[{"name":"wp","href":"https:\/\/api.w.org\/{rel}","templated":true}]}}