{"id":244229,"date":"2026-01-02T23:03:13","date_gmt":"2026-01-02T20:03:13","guid":{"rendered":"https:\/\/baldumarket.lt\/product\/szafka-pod-umywalke-60-cm-luxor-black-2\/"},"modified":"2026-02-11T18:33:32","modified_gmt":"2026-02-11T15:33:32","slug":"szafka-pod-umywalke-60-cm-luxor-black-2","status":"publish","type":"product","link":"https:\/\/baldumarket.lt\/lt\/product\/szafka-pod-umywalke-60-cm-luxor-black-2\/","title":{"rendered":"60 cm \u201eLuxor\u201c juoda praustuvo spintel\u0117"},"content":{"rendered":"<p>\u201eLuxor Black\u201c 60 cm praustuvo spintel\u0117\u201eComad\u201c \u201eLuxor Black\u201c praustuvo spintel\u0117 \u2013 eleganti\u0161kas ir funkcionalus pasirinkimas bet kokiam vonios kambariui. Pagaminta i\u0161 laminuotos plok\u0161t\u0117s ir MDF, pasi\u017eymi frezuotomis ranken\u0117l\u0117mis fasaduose ir \u0161velnaus u\u017edarymo sistema. Matmenys: Plotis (cm): 60 Gylis (cm): 46 Auk\u0161tis (cm): 57 Techniniai duomenys: Spalva: Alyvuotas \u0105\u017euolas, juoda Med\u017eiaga: LAMINUOTA PLOk\u0161t\u0117 \/ MDF Fasadai: MDF Priekin\u0117s dalies spalva: Juoda Korpusas: Laminuota plok\u0161t\u0117 Korpuso spalva: Alyvuotas \u0105\u017euolas Lentyn\u0173 skai\u010dius: 1 Dureli\u0173 skai\u010dius: 2 Vyriai: Metaliniai, \u0161velnaus u\u017edarymo Rankenos: Frezuotos priekyje Surinkimo b\u016bdas: Savaranki\u0161kas surinkimas\u201eComad\u201c \u201eLuxor Black\u201c praustuvo spintel\u0117 \u2013 tai elegancijos ir modernaus dizaino kvintesencija, kuri papuo\u0161 bet kur\u012f vonios kambar\u012f. 60 cm plo\u010dio ir 57 cm auk\u0161\u010dio \u0161is baldas puikiai tiks net ma\u017eesn\u0117se erdv\u0117se, suteikdamas unikalaus charakterio. Juod\u0173 fasad\u0173 ir alyvuoto \u0105\u017euolo korpuso derinys \u2013 tobulas klasikos ir modernumo balansas. Pagaminta i\u0161 auk\u0161tos kokyb\u0117s laminuotos plok\u0161t\u0117s ir MDF, \u201eLuxor Black\u201c spintel\u0117 garantuoja ne tik estetin\u012f patrauklum\u0105, bet ir ilgaam\u017ei\u0161kum\u0105. Juodi fasadai su frezuotomis rankenomis suteikia elegancijos, o alyvuotas \u0105\u017euolo korpusas vonios kambariui suteikia \u0161ilumos ir nat\u016bralumo. \u0160is baldas tikrai patrauks ak\u012f ir taps bet kokio dizaino traukos centru. Spintel\u0117s vidus sukurtas atsi\u017evelgiant \u012f prakti\u0161kum\u0105. Joje yra viena erdvi lentyna, puikiai tinkanti laikyti b\u016btiniausius vonios kambario aksesuarus. Dviej\u0173 dureli\u0173 konstrukcija suteikia lengv\u0105 prieig\u0105 prie viso vidaus, o metalini\u0173 vyri\u0173, u\u017etikrinan\u010di\u0173 \u0161veln\u0173 u\u017edarym\u0105, naudojimas baldu yra ne tik patogus, bet ir saugus. Surinkimas yra paprastas ir intuityvus, tod\u0117l baldus galite surinkti patys, nereikalaujant profesionalios pagalbos. Tai rei\u0161kia, kad savo nauja spintele galite m\u0117gautis akimirksniu ir minimaliomis pastangomis. \u201eLuxor Black\u201c yra puikus sprendimas tiems, kurie vertina stiling\u0105 dizain\u0105, funkcionalum\u0105 ir auk\u0161\u010diausi\u0105 gamybos kokyb\u0119.<\/p>","protected":false},"excerpt":{"rendered":"<p>Plotis (cm): 60<br \/>\n\u016agis (cm): 57<br \/>\nGylis (cm): 46<\/p>","protected":false},"featured_media":244230,"comment_status":"open","ping_status":"open","template":"","meta":[],"product_brand":[],"product_cat":[9117,2015,9187],"product_tag":[],"class_list":{"0":"post-244229","1":"product","2":"type-product","3":"status-publish","4":"has-post-thumbnail","6":"product_cat-bathroom","7":"product_cat-comad","8":"product_cat-washbasin-cabinet-comad","10":"first","11":"instock","12":"purchasable","13":"product-type-simple"},"_links":{"self":[{"href":"https:\/\/baldumarket.lt\/lt\/wp-json\/wp\/v2\/product\/244229","targetHints":{"allow":["GET"]}}],"collection":[{"href":"https:\/\/baldumarket.lt\/lt\/wp-json\/wp\/v2\/product"}],"about":[{"href":"https:\/\/baldumarket.lt\/lt\/wp-json\/wp\/v2\/types\/product"}],"replies":[{"embeddable":true,"href":"https:\/\/baldumarket.lt\/lt\/wp-json\/wp\/v2\/comments?post=244229"}],"wp:featuredmedia":[{"embeddable":true,"href":"https:\/\/baldumarket.lt\/lt\/wp-json\/wp\/v2\/media\/244230"}],"wp:attachment":[{"href":"https:\/\/baldumarket.lt\/lt\/wp-json\/wp\/v2\/media?parent=244229"}],"wp:term":[{"taxonomy":"product_brand","embeddable":true,"href":"https:\/\/baldumarket.lt\/lt\/wp-json\/wp\/v2\/product_brand?post=244229"},{"taxonomy":"product_cat","embeddable":true,"href":"https:\/\/baldumarket.lt\/lt\/wp-json\/wp\/v2\/product_cat?post=244229"},{"taxonomy":"product_tag","embeddable":true,"href":"https:\/\/baldumarket.lt\/lt\/wp-json\/wp\/v2\/product_tag?post=244229"}],"curies":[{"name":"wp","href":"https:\/\/api.w.org\/{rel}","templated":true}]}}