{"id":244225,"date":"2026-01-02T23:03:12","date_gmt":"2026-01-02T20:03:12","guid":{"rendered":"https:\/\/baldumarket.lt\/product\/szafka-pod-umywalke-60-cm-luxor-black\/"},"modified":"2026-02-11T18:33:32","modified_gmt":"2026-02-11T15:33:32","slug":"szafka-pod-umywalke-60-cm-luxor-black","status":"publish","type":"product","link":"https:\/\/baldumarket.lt\/lt\/product\/szafka-pod-umywalke-60-cm-luxor-black\/","title":{"rendered":"60 cm \u201eLuxor\u201c juoda praustuvo spintel\u0117"},"content":{"rendered":"<p>\u201eLuxor Black\u201c 60 cm kriaukl\u0117s spintel\u0117\u201eComad\u201c \u201eLuxor\u201c po kriaukle montuojama spintel\u0117 derina modern\u0173 dizain\u0105 su funkcionalumu. Pagaminta i\u0161 laminuotos plok\u0161t\u0117s ir MDF plok\u0161t\u0117s, alyvuoto \u0105\u017euolo ir juodos spalvos, turi du prakti\u0161kus stal\u010dius su \u0161velnaus u\u017edarymo sistema. Puikiai tinka eleganti\u0161kam vonios kambariui. Matmenys: Plotis (cm): 60 Gylis (cm): 46 Auk\u0161tis (cm): 57 Techniniai duomenys: Spalva: Alyvuotas \u0105\u017euolas, juoda Med\u017eiaga: LAMINUOTA LENTA \/ MDF Priekin\u0117s dalys: MDF Priekin\u0117s dalies spalva: Juoda Korpusas: Laminuota plok\u0161t\u0117 Korpuso spalva: Alyvuotas \u0105\u017euolas Stal\u010di\u0173 skai\u010dius: 2 Rankenos: Frezuotos priekyje B\u0117geliai: \u0160velniai u\u017edaroma Surinkimo b\u016bdas: Savaranki\u0161kas surinkimasPakelkite savo vonios kambario interjer\u0105 \u012f auk\u0161tesn\u012f elegancijos lyg\u012f su \u201eLuxor Black\u201c po kriaukle montuojama \u201eComad\u201c spintele. \u0160is baldas yra modernaus dizaino kvintesencija, derinanti minimalistin\u012f stili\u0173 su funkcionalumu, kuris patenkins net reikliausius vartotojus. Juodos ir alyvuoto \u0105\u017euolo derinys suteikia spintelei unikal\u0173 charakter\u012f, kuris lengvai tiks prie daugelio interjero dizain\u0173.<\/p>\n<p>\u201eLuxor Black\u201c spintel\u0117 \u2013 puikus sprendimas tiems, kurie vertina ir estetik\u0105, ir prakti\u0161kum\u0105. Du erdv\u016bs stal\u010diai su \u0161velnaus u\u017edarymo sistema u\u017etikrina patog\u0173 naudojim\u0105 ir lengv\u0105 prieig\u0105 prie laikom\u0173 daikt\u0173. Frezuotos ranken\u0117l\u0117s priekyje suteikia subtilaus \u017eavesio ir pabr\u0117\u017eia modern\u0173 bald\u0173 charakter\u012f.<\/p>\n<p>Pagaminta i\u0161 auk\u0161tos kokyb\u0117s laminuotos plok\u0161t\u0117s ir MDF, spintel\u0117 garantuoja ilgaam\u017ei\u0161kum\u0105 ir atsparum\u0105 kasdieniam naudojimui. Alyvuotas \u0105\u017euolas, i\u0161 kurio pagamintas korpusas, suteikia \u0161ilumos ir nat\u016bralios i\u0161vaizdos, sukurdamas jauki\u0105 atmosfer\u0105 vonios kambaryje. Eleganti\u0161kas juodas fasadas puikiai papildo likusi\u0105 spintel\u0117s dal\u012f, sukurdamas harmoning\u0105 visum\u0105.<\/p>\n<p>Su \u201eLuxor Black\u201c spintele j\u016bs\u0173 vonios kambarys taps ne tik prakti\u0161ku daikt\u0173 laikymo sprendimu, bet ir dekoratyviniu elementu. Paprastas surinkimas leid\u017eia greitai surinkti baldus savaranki\u0161kai, taip sutaupant laiko ir leid\u017eiant m\u0117gautis nauja i\u0161vaizda be nereikaling\u0173 komplikacij\u0173. Sukurta atsi\u017evelgiant \u012f funkcionalum\u0105 ir stili\u0173, \u0161i spintel\u0117 atitiks kiekvieno gra\u017eaus ir funkcionalaus interjero m\u0117g\u0117jo l\u016bkes\u010dius.<\/p>","protected":false},"excerpt":{"rendered":"<p>Plotis (cm): 60<br \/>\n\u016agis (cm): 57<br \/>\nGylis (cm): 46<\/p>","protected":false},"featured_media":244226,"comment_status":"open","ping_status":"open","template":"","meta":[],"product_brand":[],"product_cat":[9117,2015,9187],"product_tag":[],"class_list":{"0":"post-244225","1":"product","2":"type-product","3":"status-publish","4":"has-post-thumbnail","6":"product_cat-bathroom","7":"product_cat-comad","8":"product_cat-washbasin-cabinet-comad","10":"first","11":"instock","12":"purchasable","13":"product-type-simple"},"_links":{"self":[{"href":"https:\/\/baldumarket.lt\/lt\/wp-json\/wp\/v2\/product\/244225","targetHints":{"allow":["GET"]}}],"collection":[{"href":"https:\/\/baldumarket.lt\/lt\/wp-json\/wp\/v2\/product"}],"about":[{"href":"https:\/\/baldumarket.lt\/lt\/wp-json\/wp\/v2\/types\/product"}],"replies":[{"embeddable":true,"href":"https:\/\/baldumarket.lt\/lt\/wp-json\/wp\/v2\/comments?post=244225"}],"wp:featuredmedia":[{"embeddable":true,"href":"https:\/\/baldumarket.lt\/lt\/wp-json\/wp\/v2\/media\/244226"}],"wp:attachment":[{"href":"https:\/\/baldumarket.lt\/lt\/wp-json\/wp\/v2\/media?parent=244225"}],"wp:term":[{"taxonomy":"product_brand","embeddable":true,"href":"https:\/\/baldumarket.lt\/lt\/wp-json\/wp\/v2\/product_brand?post=244225"},{"taxonomy":"product_cat","embeddable":true,"href":"https:\/\/baldumarket.lt\/lt\/wp-json\/wp\/v2\/product_cat?post=244225"},{"taxonomy":"product_tag","embeddable":true,"href":"https:\/\/baldumarket.lt\/lt\/wp-json\/wp\/v2\/product_tag?post=244225"}],"curies":[{"name":"wp","href":"https:\/\/api.w.org\/{rel}","templated":true}]}}