{"id":244221,"date":"2026-01-02T23:03:10","date_gmt":"2026-01-02T20:03:10","guid":{"rendered":"https:\/\/baldumarket.lt\/product\/szafka-pod-umywalke-60-cm-luxor-beige-2\/"},"modified":"2026-02-11T18:33:32","modified_gmt":"2026-02-11T15:33:32","slug":"szafka-pod-umywalke-60-cm-luxor-beige-2","status":"publish","type":"product","link":"https:\/\/baldumarket.lt\/lt\/product\/szafka-pod-umywalke-60-cm-luxor-beige-2\/","title":{"rendered":"Praustuvo spintel\u0117, 60 cm, \u201eLuxor\u201c sm\u0117lio spalvos"},"content":{"rendered":"<p>\u201eLuxor Beige\u201c 60 cm praustuvo spintel\u0117. \u201eLuxor\u201c 60 cm praustuvo spintel\u0117 i\u0161 \u201eComad\u201c, sm\u0117lio ir alyvuoto \u0105\u017euolo spalvos. Pagaminta i\u0161 laminuotos plok\u0161t\u0117s ir MDF, su frezuotomis ranken\u0117l\u0117mis, \u0161velnaus u\u017edarymo sistema ir metaliniais vyriais. Stilingas bet kurio vonios kambario papildymas, lengvai surenkama. Matmenys: Plotis (cm): 60 Gylis (cm): 46 Auk\u0161tis (cm): 57 Techniniai duomenys: Spalva: Alyvuotas \u0105\u017euolas, sm\u0117lio spalvos Med\u017eiaga: LAMINUOTA PLOKSTE \/ MDF Priekin\u0117s dalys: MDF Priekin\u0117s dalies spalva: Sm\u0117lio spalvos Korpusas: Laminuota plok\u0161t\u0117 Korpuso spalva: Alyvuotas \u0105\u017euolas Dureli\u0173 skai\u010dius: 2 Vyriai: Metaliniai, \u0161velnaus u\u017edarymo Rankenos: Frezuotos priekyje Surinkimo b\u016bdas: Savaranki\u0161kas surinkimas Norite suteikti savo interjerui prabangos ir elegancijos? \u201eComad\u201c \u201eLuxor Beige\u201c praustuvo spintel\u0117 yra puikus pasirinkimas. Subtili sm\u0117lio spalva kartu su alyvuotu \u0105\u017euolo korpusu sukuria i\u0161skirtinai stiling\u0105 ir modern\u0173 vaizd\u0105, papildant\u012f \u012fvairius vonios kambario dizainus.<\/p>\n<p>\u0160i 60 cm plo\u010dio ir 57 cm auk\u0161\u010dio praustuvo spintel\u0117 buvo sukurta atsi\u017evelgiant \u012f funkcionalum\u0105 ir estetik\u0105. Frezuotos ranken\u0117l\u0117s, idealiai integruotos \u012f MDF fasadus, sukuria harmoning\u0105 ir eleganti\u0161k\u0105 i\u0161vaizd\u0105. Be to, \u0161velniai u\u017esidarantys metaliniai vyriai padidina naudojimo patogum\u0105 ir spintel\u0117s ilgaam\u017ei\u0161kum\u0105.<\/p>\n<p>Prakti\u0161kas \u201eLuxor Beige\u201c spintel\u0117s dizainas kasdien\u012f naudojim\u0105si vonios kambariu paver\u010dia tikru malonumu. Pro duris lengva patekti \u012f erdv\u0173 vid\u0173, kuriame lengvai tilps visi reikalingi vonios kambario aksesuarai. Pagaminta i\u0161 laminuotos plok\u0161t\u0117s ir MDF, spintel\u0117 yra ne tik patvari, bet ir lengvai valoma.<\/p>\n<p>Spintel\u0117s montavimas yra ne\u012ftik\u0117tinai paprastas ir atliekamas patiems, tod\u0117l sutaupysite laiko ir pinig\u0173 montavimo paslaugoms. Su \u201eLuxor Beige\u201c i\u0161 \u201eComad\u201c j\u016bs\u0173 vonios kambarys taps ne tik funkcionalesnis, bet ir esteti\u0161kesnis. \u0160is sprendimas dramati\u0161kai pakeis j\u016bs\u0173 interjer\u0105, suteikdamas elegancijos ir modernumo.<\/p>","protected":false},"excerpt":{"rendered":"<p>Plotis (cm): 60<br \/>\n\u016agis (cm): 57<br \/>\nGylis (cm): 46<\/p>","protected":false},"featured_media":244222,"comment_status":"open","ping_status":"open","template":"","meta":[],"product_brand":[],"product_cat":[9117,2015,9187],"product_tag":[],"class_list":{"0":"post-244221","1":"product","2":"type-product","3":"status-publish","4":"has-post-thumbnail","6":"product_cat-bathroom","7":"product_cat-comad","8":"product_cat-washbasin-cabinet-comad","10":"first","11":"instock","12":"purchasable","13":"product-type-simple"},"_links":{"self":[{"href":"https:\/\/baldumarket.lt\/lt\/wp-json\/wp\/v2\/product\/244221","targetHints":{"allow":["GET"]}}],"collection":[{"href":"https:\/\/baldumarket.lt\/lt\/wp-json\/wp\/v2\/product"}],"about":[{"href":"https:\/\/baldumarket.lt\/lt\/wp-json\/wp\/v2\/types\/product"}],"replies":[{"embeddable":true,"href":"https:\/\/baldumarket.lt\/lt\/wp-json\/wp\/v2\/comments?post=244221"}],"wp:featuredmedia":[{"embeddable":true,"href":"https:\/\/baldumarket.lt\/lt\/wp-json\/wp\/v2\/media\/244222"}],"wp:attachment":[{"href":"https:\/\/baldumarket.lt\/lt\/wp-json\/wp\/v2\/media?parent=244221"}],"wp:term":[{"taxonomy":"product_brand","embeddable":true,"href":"https:\/\/baldumarket.lt\/lt\/wp-json\/wp\/v2\/product_brand?post=244221"},{"taxonomy":"product_cat","embeddable":true,"href":"https:\/\/baldumarket.lt\/lt\/wp-json\/wp\/v2\/product_cat?post=244221"},{"taxonomy":"product_tag","embeddable":true,"href":"https:\/\/baldumarket.lt\/lt\/wp-json\/wp\/v2\/product_tag?post=244221"}],"curies":[{"name":"wp","href":"https:\/\/api.w.org\/{rel}","templated":true}]}}