{"id":244216,"date":"2026-01-02T23:03:08","date_gmt":"2026-01-02T20:03:08","guid":{"rendered":"https:\/\/baldumarket.lt\/product\/szafka-pod-umywalke-60-cm-luxor-beige\/"},"modified":"2026-02-11T18:33:32","modified_gmt":"2026-02-11T15:33:32","slug":"szafka-pod-umywalke-60-cm-luxor-beige","status":"publish","type":"product","link":"https:\/\/baldumarket.lt\/lt\/product\/szafka-pod-umywalke-60-cm-luxor-beige\/","title":{"rendered":"Praustuvo spintel\u0117, 60 cm, \u201eLuxor\u201c sm\u0117lio spalvos"},"content":{"rendered":"<p>\u201eLuxor Beige\u201c 60 cm praustuvo spintel\u0117 Eleganti\u0161ka \u201eComad\u201c \u201eLuxor Beige\u201c praustuvo spintel\u0117 pagaminta i\u0161 laminuotos plok\u0161t\u0117s ir MDF. Sm\u0117lio spalvos fasadai su frezuotomis ranken\u0117l\u0117mis dera su \u0105\u017euoliniu korpusu. \u012erengta dviem \u0161velniai u\u017esidaran\u010diais stal\u010diais. Puikiai tinka moderniems vonios kambariams. Matmenys: Plotis (cm): 60 Gylis (cm): 46 Auk\u0161tis (cm): 57 Techniniai duomenys: Spalva: Alyvuotas \u0105\u017euolas, sm\u0117lio spalvos Med\u017eiaga: LAMINUOTA LENTA \/ MDF Fasadai: MDF Priekin\u0117s dalies spalva: Sm\u0117lio spalvos Korpusas: Laminuota plok\u0161t\u0117 Korpuso spalva: Alyvuotas \u0105\u017euolas Stal\u010di\u0173 skai\u010dius: 2 Rankenos: Frezuotos priekyje B\u0117geliai: \u0160velniai u\u017esidaro Surinkimo b\u016bdas: Savaranki\u0161kas surinkimas Pakeiskite savo vonios kambar\u012f su eleganti\u0161ka \u201eComad\u201c \u201eLuxor Beige\u201c praustuvo spintele. Stilingas dizainas ir apgalvota meistri\u0161kumas suteiks prabangos ir funkcionalumo bet kokiam interjerui. Alyvuoto \u0105\u017euolo ir sm\u0117lio spalvos, kurios dera prie \u012fvairi\u0173 dekoro element\u0173, suteikia erdvei \u0161ilumos ir ramyb\u0117s. \u201eLuxor Beige\u201c spintel\u0117 si\u016blo ne tik estetik\u0105, bet ir prakti\u0161kus sprendimus. Du erdv\u016bs stal\u010diai pad\u0117s palaikyti tvark\u0105, o frezuotos ranken\u0117l\u0117s suteiks modernumo. D\u0117l tyli\u0173 b\u0117geli\u0173* ramyb\u0117 ir sklandus naudojimas tampa kasdienybe. Auk\u0161tos kokyb\u0117s med\u017eiagos, tokios kaip laminuota plok\u0161t\u0117 ir MDF, garantuoja ilgaam\u017ei\u0161kum\u0105 ir atsparum\u0105 dr\u0117gmei. Spintel\u0117 sukurta taip, kad patenkint\u0173 net ir reikliausi\u0173 vartotoj\u0173 reikalavimus, be to, j\u0105 lengva surinkti. Savaranki\u0161kas surinkimas rei\u0161kia, kad galite greitai m\u0117gautis visu jos funkcionalumu. Suteikite savo vonios kambariui elegancijos ir komforto su \u201eLuxor Beige\u201c spintele. Jos plotis \u2013 60 cm, auk\u0161tis \u2013 57 cm, o gylis \u2013 46 cm, tod\u0117l ji puikiai tinka net ir ma\u017eoms erdv\u0117ms. Stulbinanti savo paprastumu ir rafinuotumu, \u201eLuxor Beige\u201c spintel\u0117 yra puikus pasirinkimas visiems, kurie vertina kokyb\u0119 ir dizain\u0105.<\/p>","protected":false},"excerpt":{"rendered":"<p>Plotis (cm): 60<br \/>\n\u016agis (cm): 57<br \/>\nGylis (cm): 46<\/p>","protected":false},"featured_media":244217,"comment_status":"open","ping_status":"open","template":"","meta":[],"product_brand":[],"product_cat":[9117,2015,9187],"product_tag":[],"class_list":{"0":"post-244216","1":"product","2":"type-product","3":"status-publish","4":"has-post-thumbnail","6":"product_cat-bathroom","7":"product_cat-comad","8":"product_cat-washbasin-cabinet-comad","10":"first","11":"instock","12":"purchasable","13":"product-type-simple"},"_links":{"self":[{"href":"https:\/\/baldumarket.lt\/lt\/wp-json\/wp\/v2\/product\/244216","targetHints":{"allow":["GET"]}}],"collection":[{"href":"https:\/\/baldumarket.lt\/lt\/wp-json\/wp\/v2\/product"}],"about":[{"href":"https:\/\/baldumarket.lt\/lt\/wp-json\/wp\/v2\/types\/product"}],"replies":[{"embeddable":true,"href":"https:\/\/baldumarket.lt\/lt\/wp-json\/wp\/v2\/comments?post=244216"}],"wp:featuredmedia":[{"embeddable":true,"href":"https:\/\/baldumarket.lt\/lt\/wp-json\/wp\/v2\/media\/244217"}],"wp:attachment":[{"href":"https:\/\/baldumarket.lt\/lt\/wp-json\/wp\/v2\/media?parent=244216"}],"wp:term":[{"taxonomy":"product_brand","embeddable":true,"href":"https:\/\/baldumarket.lt\/lt\/wp-json\/wp\/v2\/product_brand?post=244216"},{"taxonomy":"product_cat","embeddable":true,"href":"https:\/\/baldumarket.lt\/lt\/wp-json\/wp\/v2\/product_cat?post=244216"},{"taxonomy":"product_tag","embeddable":true,"href":"https:\/\/baldumarket.lt\/lt\/wp-json\/wp\/v2\/product_tag?post=244216"}],"curies":[{"name":"wp","href":"https:\/\/api.w.org\/{rel}","templated":true}]}}