{"id":244212,"date":"2026-01-02T23:03:06","date_gmt":"2026-01-02T20:03:06","guid":{"rendered":"https:\/\/baldumarket.lt\/product\/szafka-pod-umywalke-60-cm-line-reed-green-2\/"},"modified":"2026-02-11T18:33:32","modified_gmt":"2026-02-11T15:33:32","slug":"szafka-pod-umywalke-60-cm-line-reed-green-2","status":"publish","type":"product","link":"https:\/\/baldumarket.lt\/lt\/product\/szafka-pod-umywalke-60-cm-line-reed-green-2\/","title":{"rendered":"Praustuvo spintel\u0117 60 cm LINIJA RED GREEN"},"content":{"rendered":"<p>LINE REED GREEN praustuvo spintel\u0117 60 cm. \u201eComad\u201c LINE REED GREEN praustuvo spintel\u0117, kurios matmenys 60x39x57 cm, madingos \u201eReed Green\u201c spalvos, turi frezuotus MDF fasadus ir du erdvius stal\u010dius. Tvirtinama prie sienos, pagaminta i\u0161 laminuotos plok\u0161t\u0117s. Matmenys: Plotis (cm): 60 Gylis (cm): 39 Auk\u0161tis (cm): 57 Techniniai duomenys: Spalva: Nendri\u0173 \u017ealia Med\u017eiaga: Laminuota plok\u0161t\u0117 \/ MDF plok\u0161t\u0117 Korpuso med\u017eiaga: Laminuota plok\u0161t\u0117 Korpuso spalva: Nendri\u0173 \u017ealia Fasad\u0173 med\u017eiaga: MDF plok\u0161t\u0117 Fasad\u0173 spalva: Nendri\u0173 \u017ealia Fasad\u0173 konstrukcija: Frezuoti vertikaliai grioveliai Reikalingas surinkimas: Taip Tvirtinimo kai\u0161\u010diai pridedami: Taip, yra komplekte Tvirtinimo pakuot\u0117 komplekte: Taip Montavimo b\u016bdas patalpoje: Pakabinimui ant sienos Stal\u010di\u0173 kiekis: 2 stal\u010diai 1 stal\u010dius Konstrukcija: Pilnas dugnas su i\u0161pjova galin\u0117je juostel\u0117je \u2013 Rekomenduojama montuoti \u017eem\u0105 sienin\u012f sifon\u0105 \u2013 Sifonas nepridedamas 1 stal\u010dius Prailginimas: 3\/4 prailginimo 2 stal\u010dius Prailginimas: Viso ilgio i\u0161traukimas Vir\u0161utinis stal\u010diaus organizatorius: Ne 1 stal\u010diaus keliamoji galia: 3 Rankenos: Integruota Ranken\u0173 med\u017eiaga: MDF Ranken\u0173 spalva: Nendri\u0173 \u017ealia 60 cm LINE REED GREEN praustuvo spintel\u0117 i\u0161 \u201eComad\u201c yra puikus sprendimas tiems, kurie vertina modern\u0173 dizain\u0105 ir funkcionalum\u0105. Si\u016bloma gra\u017eios nendri\u0173 \u017ealios spalvos, ji yra stilingas bet kurio vonios kambario papildymas.<\/p>\n<p>Matmenys:<br \/>\n\u2013 Plotis: 60 cm<br \/>\n\u2013 Gylis: 39 cm<br \/>\n\u2013 Auk\u0161tis: 57 cm<\/p>\n<p>Med\u017eiaga ir spalva:<br \/>\n\u2013 Korpusas: Laminuota plok\u0161t\u0117, spalva \u201eReed Green\u201c<br \/>\n\u2013 Priekin\u0117s dalys: MDF plok\u0161t\u0117s su frezuota vertikalia grioveli\u0173 strukt\u016bra, taip pat galima \u012fsigyti nendri\u0173 \u017ealios spalvos<\/p>\n<p>Funkcionalumas:<br \/>\n\u2013 Stal\u010di\u0173 skai\u010dius: 2<br \/>\n\u2013 1 stal\u010dius: Visas dugnas su i\u0161pjova galin\u0117je sienel\u0117je; rekomenduojama \u012fmontuoti \u017eem\u0105 sienin\u012f sifon\u0105. 3\/4 i\u0161traukimo. \u2013 2 stal\u010dius: Viso ilgio i\u0161traukimas leid\u017eia lengvai pasiekti laikomus daiktus.<\/p>\n<p>Lengvas surinkimas:<br \/>\n\u2013 Prie sienos tvirtinama spintel\u0117<br \/>\n\u2013 Pridedami tvirtinimo kai\u0161\u010diai ir tvirtinimo detal\u0117s<\/p>\n<p>Papildoma informacija:<br \/>\n\u2013 Svoris: 20 kg<br \/>\n\u2013 Integruotos MDF rankenos, Reed Green apdaila<\/p>\n<p>60 cm LINE REED GREEN praustuvo spintel\u0117 taps funkcionaliu ir eleganti\u0161ku j\u016bs\u0173 vonios kambario papildymu, sukurian\u010diu unikali\u0105 atmosfer\u0105. U\u017esisakykite dabar ir m\u0117gaukit\u0117s prakti\u0161ku sprendimu su stilingu dizainu!<\/p>","protected":false},"excerpt":{"rendered":"<p>Plotis (cm): 60<br \/>\nGylis (cm): 39<br \/>\n\u016agis (cm): 57<\/p>","protected":false},"featured_media":244213,"comment_status":"open","ping_status":"open","template":"","meta":[],"product_brand":[],"product_cat":[9117,2015,9187],"product_tag":[],"class_list":{"0":"post-244212","1":"product","2":"type-product","3":"status-publish","4":"has-post-thumbnail","6":"product_cat-bathroom","7":"product_cat-comad","8":"product_cat-washbasin-cabinet-comad","10":"first","11":"instock","12":"purchasable","13":"product-type-simple"},"_links":{"self":[{"href":"https:\/\/baldumarket.lt\/lt\/wp-json\/wp\/v2\/product\/244212","targetHints":{"allow":["GET"]}}],"collection":[{"href":"https:\/\/baldumarket.lt\/lt\/wp-json\/wp\/v2\/product"}],"about":[{"href":"https:\/\/baldumarket.lt\/lt\/wp-json\/wp\/v2\/types\/product"}],"replies":[{"embeddable":true,"href":"https:\/\/baldumarket.lt\/lt\/wp-json\/wp\/v2\/comments?post=244212"}],"wp:featuredmedia":[{"embeddable":true,"href":"https:\/\/baldumarket.lt\/lt\/wp-json\/wp\/v2\/media\/244213"}],"wp:attachment":[{"href":"https:\/\/baldumarket.lt\/lt\/wp-json\/wp\/v2\/media?parent=244212"}],"wp:term":[{"taxonomy":"product_brand","embeddable":true,"href":"https:\/\/baldumarket.lt\/lt\/wp-json\/wp\/v2\/product_brand?post=244212"},{"taxonomy":"product_cat","embeddable":true,"href":"https:\/\/baldumarket.lt\/lt\/wp-json\/wp\/v2\/product_cat?post=244212"},{"taxonomy":"product_tag","embeddable":true,"href":"https:\/\/baldumarket.lt\/lt\/wp-json\/wp\/v2\/product_tag?post=244212"}],"curies":[{"name":"wp","href":"https:\/\/api.w.org\/{rel}","templated":true}]}}