{"id":244206,"date":"2026-01-02T23:03:04","date_gmt":"2026-01-02T20:03:04","guid":{"rendered":"https:\/\/baldumarket.lt\/product\/szafka-pod-umywalke-60-cm-line-reed-green\/"},"modified":"2026-02-11T18:33:32","modified_gmt":"2026-02-11T15:33:32","slug":"szafka-pod-umywalke-60-cm-line-reed-green","status":"publish","type":"product","link":"https:\/\/baldumarket.lt\/lt\/product\/szafka-pod-umywalke-60-cm-line-reed-green\/","title":{"rendered":"Praustuvo spintel\u0117 60 cm LINIJA RED GREEN"},"content":{"rendered":"<p>LINE REED GREEN praustuvo spintel\u0117 60 cm\u201eComad\u201c LINE 60 cm praustuvo spintel\u0117 \u201eReed Green\u201c spalvos pasi\u017eymi eleganti\u0161kais, frezuotais fasadais ir \u0161velnaus u\u017edarymo sistema. Pagaminta i\u0161 laminuotos plok\u0161t\u0117s ir MDF, turi 2 duris, integruot\u0105 ranken\u0105 ir lentynas, kuri\u0173 keliamoji galia yra iki 5 kg. Matmenys: Plotis (cm): 60 Gylis (cm): 39 Auk\u0161tis (cm): 57 Svoris (kg): 16 Techniniai duomenys: Spalva: Nendri\u0173 \u017ealia Med\u017eiaga: Laminuota plok\u0161t\u0117 \/ MDF plok\u0161t\u0117 Korpuso med\u017eiaga: Laminuota plok\u0161t\u0117 Korpuso spalva: Nendri\u0173 \u017ealia Priekio med\u017eiaga: MDF plok\u0161t\u0117 Priekio spalva: Nendri\u0173 \u017ealia Priekio konstrukcija: Frezuoti vertikal\u016bs grioveliai Reikalingas surinkimas: Taip Tvirtinimo kai\u0161\u010diai \u012ftraukti: Taip \u012etraukta Tvirtinimo pakuot\u0117 \u012ftraukta: Taip Montavimo viduje b\u016bdas: Pakabinimui ant sienos Dur\u0173 kiekis: 2 Dur\u0173 skai\u010dius: Universal\u016bs Vyriai: \u0160velniai u\u017esidaro Rankenos: Integruotos Ranken\u0173 med\u017eiaga: MDF plok\u0161t\u0117 Ranken\u0173 spalva: Nendri\u0173 \u017ealia Fiksuot\u0173 lentyn\u0173 kiekis: 1 fiksuota lentyna Fiksuot\u0173 lentyn\u0173 med\u017eiaga: Laminuota plok\u0161t\u0117 Fiksuotos lentynos spalva: Nendri\u0173 \u017ealia Fiksuotos lentynos apkrova (kg): 5 Reguliuojam\u0173 lentyn\u0173 kiekis: 1 reguliuojama lentyna Reguliuojamos lentynos med\u017eiaga: Laminuota plok\u0161t\u0117 Reguliuojamos lentynos spalva: Nendri\u0173 \u017ealia Reguliuojamos lentynos apkrova (kg): 5 60 cm LINE REED GREEN praustuvo spintel\u0117 i\u0161 \u201eComad\u201c yra eleganti\u0161kas ir funkcionalus baldas, kuris puikiai tiks... Modernus vonios kambario interjeras. Pagrindin\u0117s gaminio savyb\u0117s: Spalva: Nendri\u0173 \u017ealia \u2013 unikalus \u017ealios spalvos atspalvis, kuris bet kokiam interjerui suteiks gaivumo ir modernumo. Med\u017eiaga: Laminuota plok\u0161t\u0117 \/ MDF \u2013 auk\u0161tos kokyb\u0117s med\u017eiagos garantuoja ilgaam\u017ei\u0161kum\u0105 ir atsparum\u0105 dr\u0117gmei, o tai itin svarbu vonios kambaryje. Matmenys: Plotis: 60 cm Gylis: 39 cm Auk\u0161tis: 57 cm Svoris: 16 kg Spintel\u0117 turi 2 duris su frezuotais vertikaliais grioveliais ir universaliais \u0161velnaus u\u017edarymo vyriais. Integruotos Nendri\u0173 \u017ealios rankenos suteikia estetinio patrauklumo ir patogumo naudoti. Viduje yra viena fiksuota lentyna ir viena reguliuojamo auk\u0161\u010dio lentyna, kuriose galima susid\u0117ti \u012fvairius vonios kambario aksesuarus. Kiekvienos lentynos apkrova yra iki 5 kg. Gamin\u012f reikia surinkti, ta\u010diau pridedami sieniniai kai\u0161\u010diai ir tvirtinimo detal\u0117s palengvina \u0161\u012f proces\u0105. Spintel\u0117 skirta montuoti prie sienos, tod\u0117l maksimaliai i\u0161naudosite erdv\u0119 vonios kambaryje. Rinkit\u0117s tvirt\u0105 ir stiling\u0105 \u201eComad\u201c LINE REED GREEN praustuvo spintel\u0119, kuri pateisins visus j\u016bs\u0173 dizaino ir funkcionalumo l\u016bkes\u010dius!<\/p>","protected":false},"excerpt":{"rendered":"<p>Plotis (cm): 60<br \/>\nGylis (cm): 39<br \/>\n\u016agis (cm): 57<\/p>","protected":false},"featured_media":244207,"comment_status":"open","ping_status":"open","template":"","meta":[],"product_brand":[],"product_cat":[9117,2015,9187],"product_tag":[],"class_list":{"0":"post-244206","1":"product","2":"type-product","3":"status-publish","4":"has-post-thumbnail","6":"product_cat-bathroom","7":"product_cat-comad","8":"product_cat-washbasin-cabinet-comad","10":"first","11":"instock","12":"purchasable","13":"product-type-simple"},"_links":{"self":[{"href":"https:\/\/baldumarket.lt\/lt\/wp-json\/wp\/v2\/product\/244206","targetHints":{"allow":["GET"]}}],"collection":[{"href":"https:\/\/baldumarket.lt\/lt\/wp-json\/wp\/v2\/product"}],"about":[{"href":"https:\/\/baldumarket.lt\/lt\/wp-json\/wp\/v2\/types\/product"}],"replies":[{"embeddable":true,"href":"https:\/\/baldumarket.lt\/lt\/wp-json\/wp\/v2\/comments?post=244206"}],"wp:featuredmedia":[{"embeddable":true,"href":"https:\/\/baldumarket.lt\/lt\/wp-json\/wp\/v2\/media\/244207"}],"wp:attachment":[{"href":"https:\/\/baldumarket.lt\/lt\/wp-json\/wp\/v2\/media?parent=244206"}],"wp:term":[{"taxonomy":"product_brand","embeddable":true,"href":"https:\/\/baldumarket.lt\/lt\/wp-json\/wp\/v2\/product_brand?post=244206"},{"taxonomy":"product_cat","embeddable":true,"href":"https:\/\/baldumarket.lt\/lt\/wp-json\/wp\/v2\/product_cat?post=244206"},{"taxonomy":"product_tag","embeddable":true,"href":"https:\/\/baldumarket.lt\/lt\/wp-json\/wp\/v2\/product_tag?post=244206"}],"curies":[{"name":"wp","href":"https:\/\/api.w.org\/{rel}","templated":true}]}}