{"id":244186,"date":"2026-01-02T23:02:56","date_gmt":"2026-01-02T20:02:56","guid":{"rendered":"https:\/\/baldumarket.lt\/product\/szafka-pod-umywalke-60-cm-fiji-white\/"},"modified":"2026-02-11T18:33:32","modified_gmt":"2026-02-11T15:33:32","slug":"szafka-pod-umywalke-60-cm-fiji-white","status":"publish","type":"product","link":"https:\/\/baldumarket.lt\/lt\/product\/szafka-pod-umywalke-60-cm-fiji-white\/","title":{"rendered":"Praustuvo spintel\u0117 60 cm FIJI WHITE"},"content":{"rendered":"<p>FIJI WHITE 60 cm kriaukl\u0117s spintel\u0117. FIJI WHITE 60 cm kriaukl\u0117s spintel\u0117, gamintojas \u201eComad\u201c. Balta, pagaminta i\u0161 laminuotos plok\u0161t\u0117s ir MDF. Galima rinktis pakabinam\u0105 arba laisvai pastatom\u0105 spintel\u0119 (kojos \u201eCoast Evoke Oak\u201c). 2 stal\u010diai su \u0161velniu u\u017edarymu, integruota rankena. Eleganti\u0161ka ir funkcionali. Matmenys: Plotis (cm): 60 Gylis (cm): 45,8 Auk\u0161tis (cm): 62 Techniniai duomenys: Korpuso spalva: Balta Priekio spalva: Balta Korpuso med\u017eiaga: Laminuota plok\u0161t\u0117 Priekio med\u017eiaga: MDF Baldo tipas: Pakabinamas \/ Pastatomas, pastatomam variantui reik\u0117s \u201eCoast Evoke Oak\u201c kojeli\u0173 Rankenos: Integruota traukimo ranken\u0117l\u0117 Stal\u010di\u0173 skai\u010dius: 2 B\u0117geliai: \u0160velniai u\u017esidaro Vyriai: \u0160velniai u\u017esidaro Suteikite savo vonios kambariui elegancijos ir funkcionalumo su \u201eComad\u201c praustuvo spintele FIJI WHITE. \u0160i stilinga 60 cm plo\u010dio spintel\u0117 \u017eavi minimalistiniu baltos spalvos dizainu, kuris puikiai tinka moderniam interjerui. Subtilus baltos apdailos estetika suteikia erdvei lengvumo ir elegancijos poj\u016bt\u012f, sukurdama unikali\u0105 atsipalaidavimo ir \u0161varos atmosfer\u0105. Prakti\u0161kas FIJI WHITE spintel\u0117s dizainas puikiai derina estetik\u0105 ir funkcionalum\u0105. D\u0117l kompakti\u0161kos formos ji puikiai tinka net ir ma\u017eesniems vonios kambariams, u\u017etikrindama tvark\u0105 ir paprast\u0105 naudojim\u0105. Du erdv\u016bs stal\u010diai su \u0161velnaus u\u017edarymo funkcija suteikia daug vietos b\u016btiniausiems aksesuarams ir kosmetikai laikyti, i\u0161laikant estetin\u012f kambario patrauklum\u0105. Vienas did\u017eiausi\u0173 \u0161ios spintel\u0117s privalum\u0173 \u2013 universalus surinkimas. FIJI WHITE spintel\u0119 galima lengvai montuoti tiek kaip sienin\u012f, tiek kaip laisvai pastatom\u0105 bald\u0105. Sumontuota ant \u201eCoast Evoke Oak\u201c kojeli\u0173, ji suteikia baldams nat\u016bralaus \u017eavesio ir \u0161ilumos, puikiai papildydama baltus fasadus. Integruotos rankenos pabr\u0117\u017eia modern\u0173 spintel\u0117s charakter\u012f ir palengvina kasdien\u012f naudojim\u0105. \u201eComad\u201c spintel\u0117 FIJI WHITE garantuoja patvarum\u0105 ir kokyb\u0119. Laminuotos plok\u0161t\u0117s korpusas ir MDF fasadai u\u017etikrina patvarum\u0105 ir atsparum\u0105 dr\u0117gmei, kurie yra labai svarb\u016bs vonios kambaryje. Subtilios detal\u0117s ir auk\u0161tos kokyb\u0117s apdaila daro spintel\u0119 nuostabi\u0105 tiek i\u0161vaizda, tiek funkcionalumu, tapdama nepakei\u010diamu j\u016bs\u0173 modernaus interjero elementu.<\/p>","protected":false},"excerpt":{"rendered":"<p>Plotis (cm): 60<br \/>\n\u016agis (cm): 62<br \/>\nGylis (cm): 45,8<\/p>","protected":false},"featured_media":244187,"comment_status":"open","ping_status":"open","template":"","meta":[],"product_brand":[],"product_cat":[9117,2015,9187],"product_tag":[],"class_list":{"0":"post-244186","1":"product","2":"type-product","3":"status-publish","4":"has-post-thumbnail","6":"product_cat-bathroom","7":"product_cat-comad","8":"product_cat-washbasin-cabinet-comad","10":"first","11":"instock","12":"purchasable","13":"product-type-simple"},"_links":{"self":[{"href":"https:\/\/baldumarket.lt\/lt\/wp-json\/wp\/v2\/product\/244186","targetHints":{"allow":["GET"]}}],"collection":[{"href":"https:\/\/baldumarket.lt\/lt\/wp-json\/wp\/v2\/product"}],"about":[{"href":"https:\/\/baldumarket.lt\/lt\/wp-json\/wp\/v2\/types\/product"}],"replies":[{"embeddable":true,"href":"https:\/\/baldumarket.lt\/lt\/wp-json\/wp\/v2\/comments?post=244186"}],"wp:featuredmedia":[{"embeddable":true,"href":"https:\/\/baldumarket.lt\/lt\/wp-json\/wp\/v2\/media\/244187"}],"wp:attachment":[{"href":"https:\/\/baldumarket.lt\/lt\/wp-json\/wp\/v2\/media?parent=244186"}],"wp:term":[{"taxonomy":"product_brand","embeddable":true,"href":"https:\/\/baldumarket.lt\/lt\/wp-json\/wp\/v2\/product_brand?post=244186"},{"taxonomy":"product_cat","embeddable":true,"href":"https:\/\/baldumarket.lt\/lt\/wp-json\/wp\/v2\/product_cat?post=244186"},{"taxonomy":"product_tag","embeddable":true,"href":"https:\/\/baldumarket.lt\/lt\/wp-json\/wp\/v2\/product_tag?post=244186"}],"curies":[{"name":"wp","href":"https:\/\/api.w.org\/{rel}","templated":true}]}}