{"id":244127,"date":"2026-01-02T23:02:35","date_gmt":"2026-01-02T20:02:35","guid":{"rendered":"https:\/\/baldumarket.lt\/product\/szafka-pod-umywalke-60-cm-2-szuflady-talia-casella\/"},"modified":"2026-02-11T18:33:33","modified_gmt":"2026-02-11T15:33:33","slug":"szafka-pod-umywalke-60-cm-2-szuflady-talia-casella","status":"publish","type":"product","link":"https:\/\/baldumarket.lt\/lt\/product\/szafka-pod-umywalke-60-cm-2-szuflady-talia-casella\/","title":{"rendered":"Talia Casella praustuvo spintel\u0117 su 60 cm 2 stal\u010diais"},"content":{"rendered":"<p>\u201eTalia Casella\u201c 60 cm praustuvo spintel\u0117 su 2 stal\u010diais. \u201eTalia Casella\u201c praustuvo spintel\u0117 derina klasikin\u0119 elegancij\u0105 su moderniu stiliumi. Subtilus frezuotas r\u0117mas ir \u201eCasella Oak\u201c apdaila suteikia jaukumo bet kokiam interjerui. Du stal\u010diai su \u0161velnaus u\u017edarymo sistema suteikia funkcionalumo ir tvarkos. Matmenys: Plotis (cm): 60 Gylis (cm): 45,6 Auk\u0161tis (cm): 50 Svoris (kg): 15,5 Techniniai duomenys: Korpuso spalva: matin\u0117 juoda Priekin\u0117s dalies spalva: \u201eCasella Oak\u201c Rankenos spalva: blizgi auksin\u0117, matin\u0117 juoda, blizgus chromas Korpuso med\u017eiaga: laminuota plok\u0161t\u0117 Priekin\u0117 dalis: MDF plok\u0161t\u0117 Rankenos med\u017eiaga: plastikas B\u0117geliai: \u0161velnaus u\u017edarymo sistema \u012e komplekt\u0105 \u012feina surinkimo rinkinys: taip Surinkimas: savaranki\u0161kas surinkimas \u201eTalia Casella\u201c 60 cm praustuvo spintel\u0117 \u2013 tai tobulas klasikos ir modernumo derinys, puikiai derantis prie \u0161iuolaikini\u0173 interjero tendencij\u0173. I\u0161skirtiniai fasadai su frezuotu r\u0117mu pabr\u0117\u017eia elegancij\u0105, o \u201eCasella Oak\u201c dekoras suteikia j\u016bs\u0173 interjerui nat\u016bralios \u0161ilumos ir harmonijos. Matin\u0117s juodos spalvos korpusas, pasi\u017eymintis gyliu ir ai\u0161kumu, suteikia modern\u0173 kontrast\u0105 subtilioms detal\u0117ms, tod\u0117l spintel\u0117 yra ne tik funkcionali, bet ir esteti\u0161kai patraukli. Dviejuose erdviuose spintel\u0117s stal\u010diuose yra daug vietos svarbiausiems vonios kambario aksesuarams laikyti, tod\u0117l tvarkos palaikymas yra lengvesnis nei bet kada anks\u010diau. Ergonomi\u0161kas 50 cm auk\u0161tis suteikia spintelei vizualinio lengvumo, tod\u0117l vonios kambarys atrodo erdvesnis. Be to, \u0161velniai u\u017esidaranti stal\u010di\u0173 sistema u\u017etikrina komfort\u0105, pa\u0161alindama triuk\u0161m\u0105 ir suteikdama kasdieniam naudojimui prabangos. Kiekviena \u201eTalia Casella\u201c kolekcijos detal\u0117 sukurta su did\u017eiausiu kruop\u0161tumu. Naudotos med\u017eiagos, tokios kaip MDF ir laminuota plok\u0161t\u0117, ne tik pagerina estetik\u0105, bet ir garantuoja bald\u0173 patvarum\u0105 bei ilgaam\u017ei\u0161kum\u0105. Be to, galimyb\u0117 rinktis i\u0161 trij\u0173 ranken\u0117li\u0173 spalv\u0173 (blizgaus aukso, blizgaus chromo ir matin\u0117s juodos) leid\u017eia suasmeninti ir pritaikyti spintel\u0119 prie individuali\u0173 kiekvieno naudotojo pageidavim\u0173. Greitas ir paprastas surinkimas yra dar vienas \u0161io gaminio privalumas. Spintel\u0117 pristatoma plok\u0161\u010dia, o intuityvus dizainas rei\u0161kia, kad surinkimui nereikia speciali\u0173 \u012fg\u016bd\u017ei\u0173. D\u0117l 2 met\u0173 garantijos galite b\u016bti tikri, kad renkat\u0117s ilgalaik\u012f vonios kambario bald\u0105. Jei svajojate apie baldus, kurie derina elegancij\u0105 ir modernum\u0105, \u201eTalia Casella\u201c spintel\u0117 yra puikus sprendimas, kuris pateisins j\u016bs\u0173 l\u016bkes\u010dius.<\/p>","protected":false},"excerpt":{"rendered":"<p>Plotis (cm): 60<br \/>\n\u016agis (cm): 50<br \/>\nGylis (cm): 45,6<\/p>","protected":false},"featured_media":244128,"comment_status":"open","ping_status":"open","template":"","meta":[],"product_brand":[],"product_cat":[9117,2015,9187],"product_tag":[],"class_list":{"0":"post-244127","1":"product","2":"type-product","3":"status-publish","4":"has-post-thumbnail","6":"product_cat-bathroom","7":"product_cat-comad","8":"product_cat-washbasin-cabinet-comad","10":"first","11":"instock","12":"purchasable","13":"product-type-simple"},"_links":{"self":[{"href":"https:\/\/baldumarket.lt\/lt\/wp-json\/wp\/v2\/product\/244127","targetHints":{"allow":["GET"]}}],"collection":[{"href":"https:\/\/baldumarket.lt\/lt\/wp-json\/wp\/v2\/product"}],"about":[{"href":"https:\/\/baldumarket.lt\/lt\/wp-json\/wp\/v2\/types\/product"}],"replies":[{"embeddable":true,"href":"https:\/\/baldumarket.lt\/lt\/wp-json\/wp\/v2\/comments?post=244127"}],"wp:featuredmedia":[{"embeddable":true,"href":"https:\/\/baldumarket.lt\/lt\/wp-json\/wp\/v2\/media\/244128"}],"wp:attachment":[{"href":"https:\/\/baldumarket.lt\/lt\/wp-json\/wp\/v2\/media?parent=244127"}],"wp:term":[{"taxonomy":"product_brand","embeddable":true,"href":"https:\/\/baldumarket.lt\/lt\/wp-json\/wp\/v2\/product_brand?post=244127"},{"taxonomy":"product_cat","embeddable":true,"href":"https:\/\/baldumarket.lt\/lt\/wp-json\/wp\/v2\/product_cat?post=244127"},{"taxonomy":"product_tag","embeddable":true,"href":"https:\/\/baldumarket.lt\/lt\/wp-json\/wp\/v2\/product_tag?post=244127"}],"curies":[{"name":"wp","href":"https:\/\/api.w.org\/{rel}","templated":true}]}}