{"id":244120,"date":"2026-01-02T23:02:32","date_gmt":"2026-01-02T20:02:32","guid":{"rendered":"https:\/\/baldumarket.lt\/product\/szafka-pod-umywalke-60-cm-2-szuflady-nordic-cremona\/"},"modified":"2026-02-11T18:33:33","modified_gmt":"2026-02-11T15:33:33","slug":"szafka-pod-umywalke-60-cm-2-szuflady-nordic-cremona","status":"publish","type":"product","link":"https:\/\/baldumarket.lt\/lt\/product\/szafka-pod-umywalke-60-cm-2-szuflady-nordic-cremona\/","title":{"rendered":"Nordic Cremona praustuvo spintel\u0117 su 2 stal\u010diais, 60 cm"},"content":{"rendered":"<p>\u201eNordic Cremona\u201c 60 cm plo\u010dio praustuvo spintel\u0117 su 2 stal\u010diais. Atraskite \u201eNordic Cremona\u201c 60 cm plo\u010dio praustuvo spintel\u0119 su 2 stal\u010diais. Subtil\u016bs vertikal\u016bs grioveliai ir nat\u016brali \u201eCremona\u201c \u0105\u017euolo apdaila suteiks j\u016bs\u0173 vonios kambariui elegancijos. \u0160velnaus u\u017edarymo sistema ir patvarios med\u017eiagos u\u017etikrina komfort\u0105 ir ilgaam\u017ei\u0161kum\u0105. Matmenys: Plotis (cm): 60 Gylis (cm): 45,8 Auk\u0161tis (cm): 57 Svoris (kg): 20,5 Techniniai duomenys: Korpuso spalva: \u201eCremona\u201c \u0105\u017euolas Priekio spalva: \u201eCremona\u201c \u0105\u017euolas Korpuso med\u017eiaga: laminuota plok\u0161t\u0117 Priekio med\u017eiaga: MDF plok\u0161t\u0117 B\u0117geliai: \u0160velnaus u\u017edarymo sistema \u012e komplekt\u0105 \u012feina: Taip Surinkimas: Savaranki\u0161kas surinkimas 60 cm praustuvo spintel\u0117 su dviem stal\u010diais i\u0161 \u201eNordic Cremona\u201c kolekcijos yra puikus sprendimas tiems, kurie vertina modern\u0173 stili\u0173 ir elegancij\u0105 savo interjere. Minimalistin\u0117 forma, derinama su subtiliais, vertikaliais grioveliais fasaduose, suteikia bet kokiai patalpai lengvumo ir rafinuotumo. Aksominis \u201eCremona\u201c \u0105\u017euolo dekoras ne tik su\u0161ildo erdv\u0119, bet ir suteikia vonios kambariui harmoning\u0105 atmosfer\u0105, i\u0161rei\u0161kiant\u012f nat\u016bral\u0173 med\u017eio gro\u017e\u012f. Erdv\u016bs stal\u010diai leid\u017eia vonios kambario aksesuarus laikyti paprastai ir maloniai. J\u0173 talpa ir apgalvota strukt\u016bra leid\u017eia tvarkingai laikyti da\u017eniausiai naudojamus daiktus. Be to, \u0161velnaus u\u017edarymo sistema leid\u017eia stal\u010dius naudoti itin patogiai, suma\u017einant triuk\u0161m\u0105 ir tausojant jautrias med\u017eiagas. D\u0117mesys detal\u0117ms kasdien naudojant pabr\u0117\u017eia auk\u0161t\u0105 bald\u0173 kokyb\u0119. Tvirta bald\u0173 konstrukcija, pagaminta i\u0161 auk\u0161tos kokyb\u0117s MDF ir laminuotos plok\u0161t\u0117s, u\u017etikrina ilgalaik\u012f naudojim\u0105 ir esteti\u0161k\u0105 i\u0161vaizd\u0105 ilgus metus. D\u0117l tinkam\u0173 med\u017eiag\u0173 naudojimo spintel\u0117 ne tik atrodo gra\u017eiai, bet ir yra atspari kasdieniam d\u0117v\u0117jimuisi. \u0160is baldas tikrai atitiks modernaus vonios kambario reikalavimus ir taps neatsiejama jo dalimi. \u201eNordic Cremona\u201c kolekcija buvo sukurta atsi\u017evelgiant \u012f prakti\u0161kum\u0105 ir estetik\u0105. Lenki\u0161ka gamyba, pagr\u012fsta FSC sertifikuotomis med\u017eiagomis, u\u017etikrina, kad pasirinkdami \u0161\u012f gamin\u012f investuojate \u012f ekologin\u0119 kokyb\u0119. Lengvas surinkimas leid\u017eia patiems susiprojektuoti erdv\u0119, o tai dar labiau padidina pasitenkinim\u0105 kuriant svajoni\u0173 vonios kambar\u012f. 60 cm praustuvo spintel\u0117 i\u0161 \u201eNordic Cremona\u201c kolekcijos yra puikus pasirinkimas tiems, kurie siekia suderinti estetik\u0105 su funkcionalumu. Ji pad\u0117s sukurti stiling\u0105 ir prakti\u0161k\u0105 interjer\u0105, kuris tikrai su\u017eav\u0117s kiekvien\u0105 sve\u010di\u0105. Atraskite, kokia gra\u017ei ir eleganti\u0161ka gali b\u016bti j\u016bs\u0173 poilsio erdv\u0117, pasirinkdami baldus, kurie kalba patys u\u017e save.<\/p>","protected":false},"excerpt":{"rendered":"<p>Plotis (cm): 60<br \/>\n\u016agis (cm): 57<br \/>\nGylis (cm): 45,8<\/p>","protected":false},"featured_media":244121,"comment_status":"open","ping_status":"open","template":"","meta":[],"product_brand":[],"product_cat":[9117,2015,9187],"product_tag":[],"class_list":{"0":"post-244120","1":"product","2":"type-product","3":"status-publish","4":"has-post-thumbnail","6":"product_cat-bathroom","7":"product_cat-comad","8":"product_cat-washbasin-cabinet-comad","10":"first","11":"instock","12":"purchasable","13":"product-type-simple"},"_links":{"self":[{"href":"https:\/\/baldumarket.lt\/lt\/wp-json\/wp\/v2\/product\/244120","targetHints":{"allow":["GET"]}}],"collection":[{"href":"https:\/\/baldumarket.lt\/lt\/wp-json\/wp\/v2\/product"}],"about":[{"href":"https:\/\/baldumarket.lt\/lt\/wp-json\/wp\/v2\/types\/product"}],"replies":[{"embeddable":true,"href":"https:\/\/baldumarket.lt\/lt\/wp-json\/wp\/v2\/comments?post=244120"}],"wp:featuredmedia":[{"embeddable":true,"href":"https:\/\/baldumarket.lt\/lt\/wp-json\/wp\/v2\/media\/244121"}],"wp:attachment":[{"href":"https:\/\/baldumarket.lt\/lt\/wp-json\/wp\/v2\/media?parent=244120"}],"wp:term":[{"taxonomy":"product_brand","embeddable":true,"href":"https:\/\/baldumarket.lt\/lt\/wp-json\/wp\/v2\/product_brand?post=244120"},{"taxonomy":"product_cat","embeddable":true,"href":"https:\/\/baldumarket.lt\/lt\/wp-json\/wp\/v2\/product_cat?post=244120"},{"taxonomy":"product_tag","embeddable":true,"href":"https:\/\/baldumarket.lt\/lt\/wp-json\/wp\/v2\/product_tag?post=244120"}],"curies":[{"name":"wp","href":"https:\/\/api.w.org\/{rel}","templated":true}]}}