{"id":244051,"date":"2026-01-02T23:02:00","date_gmt":"2026-01-02T20:02:00","guid":{"rendered":"https:\/\/baldumarket.lt\/product\/szafka-pod-umywalke-2s-80-cm-ovalia-cremona\/"},"modified":"2026-02-11T18:33:34","modified_gmt":"2026-02-11T15:33:34","slug":"szafka-pod-umywalke-2s-80-cm-ovalia-cremona","status":"publish","type":"product","link":"https:\/\/baldumarket.lt\/lt\/product\/szafka-pod-umywalke-2s-80-cm-ovalia-cremona\/","title":{"rendered":"Praustuvo spintel\u0117 2S 80 cm Ovalia Cremona"},"content":{"rendered":"<p>Ovalia Cremona 80 cm dviej\u0173 kriaukli\u0173 spintel\u0117. Ovalia Cremona 80 cm kriaukl\u0117s spintel\u0117 pasi\u017eymi eleganti\u0161ka, harmoninga forma su u\u017eapvalintais kampais. Pagaminta i\u0161 MDF ir laminuotos plok\u0161t\u0117s, \u0161ilto Cremona \u0105\u017euolo atspalvio. Du \u0161velniai u\u017esidarantys stal\u010diai suteikia daug vietos vonios kambario aksesuarams. Matmenys: Plotis (cm): 80 Gylis (cm): 46 Auk\u0161tis (cm): 52 Svoris (kg): 28 Techniniai duomenys: Korpuso spalva: Cremona \u0105\u017euolas Priekin\u0117s dalies spalva: Cremona \u0105\u017euolas Rankenos spalva: Matin\u0117 juoda Korpuso med\u017eiaga: laminuota plok\u0161t\u0117 Priekin\u0117 dalis: MDF plok\u0161t\u0117 Rankenos med\u017eiaga: Metalas B\u0117geliai: \u0160velniai u\u017esidarantys Tvirtinimo rinkinys komplekte: Taip Surinkimas: Skirta savaranki\u0161kam surinkimui Ovalia Cremona 2S 80 cm praustuvo spintel\u0117 yra tikras j\u016bs\u0173 vonios kambario perlas, derinantis estetik\u0105 su funkcionalumu. Unikal\u0173 dizain\u0105 pasi\u017eymi u\u017eapvalinti kampai, suteikiantys baldui lengvumo ir modernumo. Cremona \u0105\u017euolo dekoras atspindi nat\u016bral\u0173 med\u017eio gro\u017e\u012f, suteikia interjerui \u0161ilumos ir jaukumo, o eleganti\u0161kos juodos metalin\u0117s ranken\u0117l\u0117s sukuria ry\u0161k\u0173 kontrast\u0105, kuris papildys bet kok\u012f interjero dizaino stili\u0173. \u0160i spintel\u0117 praustuvui si\u016blo prakti\u0161kus sprendimus, kurie supaprastins kasdien\u012f gyvenim\u0105. Du erdv\u016bs stal\u010diai pad\u0117s tvarkingai laikyti vonios kambario aksesuarus ir u\u017etikrins greit\u0105 prieig\u0105 prie b\u016btiniausi\u0173 daikt\u0173. Auk\u0161tos kokyb\u0117s med\u017eiag\u0173, toki\u0173 kaip MDF ir laminuota plok\u0161t\u0117, naudojimas garantuoja esteti\u0161kai patraukli\u0105 i\u0161vaizd\u0105, kuri tarnaus ilgus metus. Be to, \u0161velnaus u\u017edarymo sistema u\u017etikrina komfort\u0105, pa\u0161alindama triuk\u0161m\u0105 ir leisdama skland\u017eiai atidaryti ir u\u017edaryti stal\u010dius. Verta pamin\u0117ti, kad kiekviena spintel\u0117s detal\u0117 buvo kruop\u0161\u010diai apgalvota. Gra\u017e\u016bs vertikal\u016bs grioveliai ir i\u0161lenkti fasadai ne tik traukia ak\u012f, bet ir suteikia spintelei unikal\u0173 charakter\u012f, kuris neabejotinai taps j\u016bs\u0173 vonios kambario traukos centru. \u201ePure\u201c praustuv\u0173 ir prie j\u0173 deran\u010di\u0173 stalvir\u0161i\u0173 \u012fvairov\u0117 leid\u017eia jums sukurti tobul\u0105 derin\u012f, kuris puikiai atitiks j\u016bs\u0173 individualius poreikius ir stili\u0173. D\u0117l lenki\u0161kos gamybos, pagr\u012fstos FSC sertifikuotomis med\u017eiagomis, galite b\u016bti tikri ne tik d\u0117l kokyb\u0117s, bet ir d\u0117l aplinkai nekenksming\u0173 sprendim\u0173. Spintel\u0117 pristatoma savaranki\u0161kai surenkamose pakuot\u0117se \u2013 intuityvus dizainas rei\u0161kia, kad surinkimui nereikia speciali\u0173 \u017eini\u0173, tod\u0117l galite greitai susikurti savo svajoni\u0173 vonios kambario erdv\u0119. Nelaukite, kol paversite savo vonios kambar\u012f eleganti\u0161ka erdve, kuri d\u017eiugins ir stiliumi, ir prakti\u0161kumu. Praustuvo spintel\u0117 \u201eOvalia Cremona 2S 80 cm\u201c tampa ne tik baldu, bet ir elementu, kuris suteiks \u017eavesio j\u016bs\u0173 interjerui, derindamas modernum\u0105 su jaukumu. Investuokite \u012f kokyb\u0119 ir gro\u017e\u012f jau \u0161iandien!<\/p>","protected":false},"excerpt":{"rendered":"<p>Plotis (cm): 80<br \/>\n\u016agis (cm): 52<br \/>\nGylis (cm): 46<\/p>","protected":false},"featured_media":244052,"comment_status":"open","ping_status":"open","template":"","meta":[],"product_brand":[],"product_cat":[9117,2015,9187],"product_tag":[],"class_list":{"0":"post-244051","1":"product","2":"type-product","3":"status-publish","4":"has-post-thumbnail","6":"product_cat-bathroom","7":"product_cat-comad","8":"product_cat-washbasin-cabinet-comad","10":"first","11":"instock","12":"purchasable","13":"product-type-simple"},"_links":{"self":[{"href":"https:\/\/baldumarket.lt\/lt\/wp-json\/wp\/v2\/product\/244051","targetHints":{"allow":["GET"]}}],"collection":[{"href":"https:\/\/baldumarket.lt\/lt\/wp-json\/wp\/v2\/product"}],"about":[{"href":"https:\/\/baldumarket.lt\/lt\/wp-json\/wp\/v2\/types\/product"}],"replies":[{"embeddable":true,"href":"https:\/\/baldumarket.lt\/lt\/wp-json\/wp\/v2\/comments?post=244051"}],"wp:featuredmedia":[{"embeddable":true,"href":"https:\/\/baldumarket.lt\/lt\/wp-json\/wp\/v2\/media\/244052"}],"wp:attachment":[{"href":"https:\/\/baldumarket.lt\/lt\/wp-json\/wp\/v2\/media?parent=244051"}],"wp:term":[{"taxonomy":"product_brand","embeddable":true,"href":"https:\/\/baldumarket.lt\/lt\/wp-json\/wp\/v2\/product_brand?post=244051"},{"taxonomy":"product_cat","embeddable":true,"href":"https:\/\/baldumarket.lt\/lt\/wp-json\/wp\/v2\/product_cat?post=244051"},{"taxonomy":"product_tag","embeddable":true,"href":"https:\/\/baldumarket.lt\/lt\/wp-json\/wp\/v2\/product_tag?post=244051"}],"curies":[{"name":"wp","href":"https:\/\/api.w.org\/{rel}","templated":true}]}}