{"id":244044,"date":"2026-01-02T23:01:57","date_gmt":"2026-01-02T20:01:57","guid":{"rendered":"https:\/\/baldumarket.lt\/product\/szafka-pod-umywalke-2s-80-cm-dalia-cashmere\/"},"modified":"2026-02-11T18:33:35","modified_gmt":"2026-02-11T15:33:35","slug":"szafka-pod-umywalke-2s-80-cm-dalia-cashmere","status":"publish","type":"product","link":"https:\/\/baldumarket.lt\/lt\/product\/szafka-pod-umywalke-2s-80-cm-dalia-cashmere\/","title":{"rendered":"2S Praustuvo spintel\u0117 80 cm Dalia Ka\u0161myras"},"content":{"rendered":"<p>Dalia Cashmere 2 kriaukli\u0173 spintel\u0117, 80 cm. Dalia Cashmere spintel\u0117 \u2013 tai eleganti\u0161kas minimalizmo ir funkcionalumo derinys. Matinis ka\u0161myro fasadas suteikia \u0161ilumos, o \u0161velniai u\u017esidarantys stal\u010diai \u2013 komfort\u0105. Auksin\u0117s, juodos ir chromuotos ranken\u0117l\u0117s leid\u017eia suasmeninti baldus. Matmenys: Plotis (cm): 80 Gylis (cm): 46 Auk\u0161tis (cm): 50 Svoris (kg): 18,5 Techniniai duomenys: Korpuso spalva: Matin\u0117 ka\u0161myro spalva Priekin\u0117s dalies spalva: Matin\u0117 ka\u0161myro spalva Ranken\u0117l\u0117s spalva: Blizgi auksin\u0117, matin\u0117 juoda, blizgus chromas Korpuso med\u017eiaga: Laminuota plok\u0161t\u0117 Priekin\u0117 dalis: Laminuota plok\u0161t\u0117 Ranken\u0117l\u0117s med\u017eiaga: Plastikas Praustuvas komplekte: Ne Stal\u010di\u0173 b\u0117geliai: \u0160velniai u\u017esidaro Pakabinimo ant sienos rinkinys: komplekte Surinkimas: Savaranki\u0161kas surinkimas Atraskite elegancij\u0105 ir funkcionalum\u0105 su 80 cm plo\u010dio Dalia Cashmere praustuvo spintele i\u0161 \u201eComad\u201c. \u0160is baldas yra minimalistinio stiliaus kvintesencija, tod\u0117l puikiai tinka moderniems vonios kambariams. Jis pasi\u017eymi lygiais ka\u0161myro fasadais, kurie suteikia interjerui subtilios elegancijos, kartu u\u017etikrindami \u0161ilum\u0105 ir ramyb\u0119. \u0160i\u0105 spintel\u0119 i\u0161skiria jos pritaikymo galimyb\u0117s. Pridedamos ranken\u0117l\u0117s, kurias galima rinktis i\u0161 trij\u0173 spalv\u0173 \u2013 blizgios auksin\u0117s, matin\u0117s juodos ir blizgaus chromo \u2013 leid\u017eia pritaikyti spintel\u0117s i\u0161vaizd\u0105 pagal j\u016bs\u0173 pageidavimus ir vonios kambario stili\u0173. D\u0117l \u0161io universalumo \u0161i praustuvo spintel\u0117 puikiai tinka tiek klasikiniam, tiek modernesniam interjerui. Funkcionalumas dera su estetika. Du erdv\u016bs stal\u010diai su \u0161velnaus u\u017edarymo sistema suteikia vietos svarbiausiems aksesuarams susid\u0117ti, i\u0161laikant tvark\u0105. Vos 50 cm auk\u0161\u010dio spintel\u0117 suteikia interjerui lengvumo, o laminuota plok\u0161t\u0117, i\u0161 kurios ji pagaminta, u\u017etikrina patvarum\u0105 ir atsparum\u0105 kasdieniam naudojimui. Kiekviena \u201eDalia Cashmere\u201c spintel\u0117s detal\u0117 yra kruop\u0161\u010diai sukurta \u2013 nuo med\u017eiag\u0173 kokyb\u0117s iki tikslios apdailos. Spintel\u0117 tiekiama su lengvai surenkamu rinkiniu, tod\u0117l tai prakti\u0161kas pasirinkimas kiekvienam. Pasirinkdami \u0161\u012f gamin\u012f, investuojate \u012f elegancij\u0105 ir komfort\u0105 daugeliui met\u0173.<\/p>","protected":false},"excerpt":{"rendered":"<p>Plotis (cm): 80<br \/>\n\u016agis (cm): 50<br \/>\nGylis (cm): 46<\/p>","protected":false},"featured_media":244045,"comment_status":"open","ping_status":"open","template":"","meta":[],"product_brand":[],"product_cat":[9117,2015,9187],"product_tag":[],"class_list":{"0":"post-244044","1":"product","2":"type-product","3":"status-publish","4":"has-post-thumbnail","6":"product_cat-bathroom","7":"product_cat-comad","8":"product_cat-washbasin-cabinet-comad","10":"first","11":"instock","12":"purchasable","13":"product-type-simple"},"_links":{"self":[{"href":"https:\/\/baldumarket.lt\/lt\/wp-json\/wp\/v2\/product\/244044","targetHints":{"allow":["GET"]}}],"collection":[{"href":"https:\/\/baldumarket.lt\/lt\/wp-json\/wp\/v2\/product"}],"about":[{"href":"https:\/\/baldumarket.lt\/lt\/wp-json\/wp\/v2\/types\/product"}],"replies":[{"embeddable":true,"href":"https:\/\/baldumarket.lt\/lt\/wp-json\/wp\/v2\/comments?post=244044"}],"wp:featuredmedia":[{"embeddable":true,"href":"https:\/\/baldumarket.lt\/lt\/wp-json\/wp\/v2\/media\/244045"}],"wp:attachment":[{"href":"https:\/\/baldumarket.lt\/lt\/wp-json\/wp\/v2\/media?parent=244044"}],"wp:term":[{"taxonomy":"product_brand","embeddable":true,"href":"https:\/\/baldumarket.lt\/lt\/wp-json\/wp\/v2\/product_brand?post=244044"},{"taxonomy":"product_cat","embeddable":true,"href":"https:\/\/baldumarket.lt\/lt\/wp-json\/wp\/v2\/product_cat?post=244044"},{"taxonomy":"product_tag","embeddable":true,"href":"https:\/\/baldumarket.lt\/lt\/wp-json\/wp\/v2\/product_tag?post=244044"}],"curies":[{"name":"wp","href":"https:\/\/api.w.org\/{rel}","templated":true}]}}