{"id":244037,"date":"2026-01-02T23:01:54","date_gmt":"2026-01-02T20:01:54","guid":{"rendered":"https:\/\/baldumarket.lt\/product\/szafka-pod-umywalke-2s-60-cm-dalia-cashmere\/"},"modified":"2026-02-11T18:33:35","modified_gmt":"2026-02-11T15:33:35","slug":"szafka-pod-umywalke-2s-60-cm-dalia-cashmere","status":"publish","type":"product","link":"https:\/\/baldumarket.lt\/lt\/product\/szafka-pod-umywalke-2s-60-cm-dalia-cashmere\/","title":{"rendered":"2S Praustuvo spintel\u0117 60 cm Dalia Ka\u0161myras"},"content":{"rendered":"<p>60 cm plo\u010dio kriaukl\u0117s spintel\u0117 \u201eDalia Cashmere\u201c 2S. 60 cm plo\u010dio spintel\u0117 \u201eDalia Cashmere\u201c yra minimalizmo esm\u0117. Matinis ka\u0161myro pavir\u0161ius pabr\u0117\u017eia interjero \u0161ilum\u0105, o trij\u0173 tip\u0173 ranken\u0117l\u0117s leid\u017eia suasmeninti spintel\u0119. Du \u0161velniai u\u017esidarantys stal\u010diai ir paprastas surinkimas garantuoja naudojimo komfort\u0105. Matmenys: Plotis (cm): 60 Gylis (cm): 46 Auk\u0161tis (cm): 50 Svoris (kg): 15,5 Techniniai duomenys: Korpuso spalva: matin\u0117 ka\u0161myro spalva Priekin\u0117 spalva: matin\u0117 ka\u0161myro spalva Ranken\u0117l\u0117s spalva: blizgi auksin\u0117, matin\u0117 juoda, blizgus chromas Korpuso med\u017eiaga: laminuota plok\u0161t\u0117 Priekin\u0117 med\u017eiaga: laminuota plok\u0161t\u0117 Ranken\u0117l\u0117s med\u017eiaga: plastikas Praustuvas komplekte: ne Stal\u010di\u0173 b\u0117geliai: \u0161velniai u\u017esidarantys Surinkimo rinkinys pakabinamam prie sienos: komplekte Surinkimas: savaranki\u0161kas surinkimas 60 cm plo\u010dio praustuvo spintel\u0117 \u201e2S\u201c i\u0161 \u201eComad\u201c kolekcijos \u201eDalia Cashmere\u201c yra tikras minimalizmo pasaulio perlas. Jos lyg\u016bs fasadai, eleganti\u0161ko matinio ka\u0161myro atspalvio, traukia d\u0117mes\u012f savo nesenstan\u010diu paprastumu. \u0160i subtili spalv\u0173 gama sukuria atpalaiduojan\u010di\u0105 atmosfer\u0105 vonios kambaryje, puikiai tinkan\u010di\u0105 kasdieniam poilsiui. Trys ranken\u0117li\u0173 variantai \u2013 blizgios auksin\u0117s, matin\u0117s juodos ir blizgaus chromo \u2013 suteikia spintelei unikalumo. Tai leid\u017eia priderinti spintel\u0117s i\u0161vaizd\u0105 prie j\u016bs\u0173 pageidavim\u0173 ir likusio interjero. Spintel\u0117 yra ne tik stilinga, bet ir funkcionali, nes du erdv\u016bs stal\u010diai pad\u0117s susitvarkyti kasdienius vonios kambario aksesuarus. Taip pat verta pamin\u0117ti praktin\u012f \u0161io baldo aspekt\u0105. Stal\u010diai turi \u0161velnaus u\u017edarymo sistem\u0105, kuri \u017eymiai padidina komfort\u0105. Puikus stabilumas ir atsparumas pa\u017eeidimams pasiekiami d\u0117l tvirtos laminuotos plok\u0161t\u0117s konstrukcijos, kuri tarnaus ilgus metus. 50 cm auk\u0161tis suteikia spintelei lengvumo poj\u016bt\u012f, tod\u0117l kambarys tampa erdvesnis. \u201eDalia Cashmere\u201c vonios spintel\u0117 yra ne tik gra\u017ei, bet ir ne\u012ftik\u0117tinai funkcionali. Lengvai surenkamas komplektas, pristatomas plok\u0161\u010diai, u\u017etikrina lengv\u0105 montavim\u0105 net ir neturint speciali\u0173 \u012fg\u016bd\u017ei\u0173. D\u0117l kruop\u0161taus apdailos ir d\u0117mesio detal\u0117ms \u0161is baldas tikrai patenkins net ir i\u0161rankiausi\u0105 skon\u012f, puikiai der\u0117damas prie j\u016bs\u0173 vonios kambario dizaino.<\/p>","protected":false},"excerpt":{"rendered":"<p>Plotis (cm): 60<br \/>\n\u016agis (cm): 50<br \/>\nGylis (cm): 46<\/p>","protected":false},"featured_media":244038,"comment_status":"open","ping_status":"open","template":"","meta":[],"product_brand":[],"product_cat":[9117,2015,9187],"product_tag":[],"class_list":{"0":"post-244037","1":"product","2":"type-product","3":"status-publish","4":"has-post-thumbnail","6":"product_cat-bathroom","7":"product_cat-comad","8":"product_cat-washbasin-cabinet-comad","10":"first","11":"instock","12":"purchasable","13":"product-type-simple"},"_links":{"self":[{"href":"https:\/\/baldumarket.lt\/lt\/wp-json\/wp\/v2\/product\/244037","targetHints":{"allow":["GET"]}}],"collection":[{"href":"https:\/\/baldumarket.lt\/lt\/wp-json\/wp\/v2\/product"}],"about":[{"href":"https:\/\/baldumarket.lt\/lt\/wp-json\/wp\/v2\/types\/product"}],"replies":[{"embeddable":true,"href":"https:\/\/baldumarket.lt\/lt\/wp-json\/wp\/v2\/comments?post=244037"}],"wp:featuredmedia":[{"embeddable":true,"href":"https:\/\/baldumarket.lt\/lt\/wp-json\/wp\/v2\/media\/244038"}],"wp:attachment":[{"href":"https:\/\/baldumarket.lt\/lt\/wp-json\/wp\/v2\/media?parent=244037"}],"wp:term":[{"taxonomy":"product_brand","embeddable":true,"href":"https:\/\/baldumarket.lt\/lt\/wp-json\/wp\/v2\/product_brand?post=244037"},{"taxonomy":"product_cat","embeddable":true,"href":"https:\/\/baldumarket.lt\/lt\/wp-json\/wp\/v2\/product_cat?post=244037"},{"taxonomy":"product_tag","embeddable":true,"href":"https:\/\/baldumarket.lt\/lt\/wp-json\/wp\/v2\/product_tag?post=244037"}],"curies":[{"name":"wp","href":"https:\/\/api.w.org\/{rel}","templated":true}]}}