{"id":244030,"date":"2026-01-02T23:01:52","date_gmt":"2026-01-02T20:01:52","guid":{"rendered":"https:\/\/baldumarket.lt\/product\/szafka-pod-umywalke-2s-50-cm-dalia-cashmere\/"},"modified":"2026-02-11T18:33:35","modified_gmt":"2026-02-11T15:33:35","slug":"szafka-pod-umywalke-2s-50-cm-dalia-cashmere","status":"publish","type":"product","link":"https:\/\/baldumarket.lt\/lt\/product\/szafka-pod-umywalke-2s-50-cm-dalia-cashmere\/","title":{"rendered":"2S Praustuvo spintel\u0117 50 cm Dalia Ka\u0161myras"},"content":{"rendered":"<p>Dalia Cashmere 2S 50 cm kriaukl\u0117s spintel\u0117. Dalia Cashmere 50 cm kriaukl\u0117s spintel\u0117 derina minimalistin\u012f dizain\u0105 ir funkcionalum\u0105. Lyg\u016bs subtilaus ka\u0161myro atspalvio fasadai ir stilingos trij\u0173 spalv\u0173 ranken\u0117l\u0117s leid\u017eia suasmeninti spintel\u0119. Du erdv\u016bs stal\u010diai su \u0161velnaus u\u017edarymo sistema. Matmenys: Plotis (cm): 50 Gylis (cm): 46 Auk\u0161tis (cm): 50 Svoris (kg): 15 Techniniai duomenys: Priekin\u0117s dalies med\u017eiaga: Laminuota plok\u0161t\u0117 Korpuso med\u017eiaga: Laminuota plok\u0161t\u0117 Priekin\u0117s dalies spalva: Matin\u0117 ka\u0161myro spalva Korpuso spalva: Matin\u0117 ka\u0161myro spalva Rankenos spalva: Pakuot\u0117je \u2013 blizgi auksin\u0117, matin\u0117 juoda, blizgus chromas Rankenos med\u017eiaga: Plastikas B\u0117geliai: \u0160velnus u\u017edarymas Montavimas viduje: Tvirtinimas prie sienos \u012e komplekt\u0105 \u012feina: Taip Surinkimas: Surinkimui savaranki\u0161kai \u201eComad\u201c 2S 50 cm Dalia Cashmere praustuvo spintel\u0117 yra puikus pasirinkimas minimalistinio stiliaus m\u0117g\u0117jams. D\u0117l lygi\u0173 ka\u0161myro fasad\u0173 spintel\u0117 suteikia vonios kambariui \u0161ilt\u0105 ir jauki\u0105 atmosfer\u0105. Kiekvienas \u0161io baldo elementas buvo sukurtas atsi\u017evelgiant \u012f harmoning\u0105 i\u0161vaizd\u0105, o subtili apdaila suteikia interjerui elegancijos ir modernumo. Funkcionalumas yra pagrindinis \u0161io gaminio privalumas. Su dviem erdviais stal\u010diais, spintel\u0117 veiksmingai pad\u0117s jums sutvarkyti visus vonios kambario aksesuarus, u\u017etikrinant, kad visada b\u016bt\u0173 tvarka. 50 cm auk\u0161tis rei\u0161kia, kad spintel\u0117 neu\u017egriozdina interjero; prie\u0161ingai, ji suteikia lengvumo. Tai suteiks j\u016bs\u0173 vonios kambariui erdv\u0117s poj\u016bt\u012f, kur\u012f tikrai \u012fvertinsite atlikdami kasdienius gro\u017eio ritualus. Spintel\u0117 pagaminta i\u0161 laminuotos plok\u0161t\u0117s, u\u017etikrinan\u010dios patvarum\u0105 ir atsparum\u0105 pa\u017eeidimams, taip pat lengv\u0105 valym\u0105. Be to, \u0161velniai u\u017esidarantys stal\u010diai yra ne\u012ftik\u0117tinai patogus sprendimas, kuris tikrai leis maloniau naudotis baldais rytinio skub\u0117jimo metu. Kruop\u0161tus meistri\u0161kumas ir d\u0117mesys detal\u0117ms u\u017etikrina, kad kiekvienas elementas puikiai papildo vienas kit\u0105, prisidedant prie baldo stabilumo ir estetikos. Be to, galimyb\u0117 suasmeninti j\u0105 trij\u0173 skirting\u0173 spalv\u0173 ranken\u0117l\u0117mis suteikia spintelei dar unikalesn\u0119 i\u0161vaizd\u0105. Galite j\u0105 pritaikyti pagal savo stili\u0173 ir pageidavimus, tod\u0117l ji taps ne tik prakti\u0161ku baldu, bet ir \u012fdomiu dekoratyviniu elementu. Spintel\u0119 lengva surinkti, o pridedamas surinkimo rinkinys leid\u017eia j\u0105 greitai surinkti, nereikia samdyti specialisto.<\/p>","protected":false},"excerpt":{"rendered":"<p>Plotis (cm): 50<br \/>\n\u016agis (cm): 50<br \/>\nGylis (cm): 46<\/p>","protected":false},"featured_media":244031,"comment_status":"open","ping_status":"open","template":"","meta":[],"product_brand":[],"product_cat":[9117,2015,9187],"product_tag":[],"class_list":{"0":"post-244030","1":"product","2":"type-product","3":"status-publish","4":"has-post-thumbnail","6":"product_cat-bathroom","7":"product_cat-comad","8":"product_cat-washbasin-cabinet-comad","10":"first","11":"instock","12":"purchasable","13":"product-type-simple"},"_links":{"self":[{"href":"https:\/\/baldumarket.lt\/lt\/wp-json\/wp\/v2\/product\/244030","targetHints":{"allow":["GET"]}}],"collection":[{"href":"https:\/\/baldumarket.lt\/lt\/wp-json\/wp\/v2\/product"}],"about":[{"href":"https:\/\/baldumarket.lt\/lt\/wp-json\/wp\/v2\/types\/product"}],"replies":[{"embeddable":true,"href":"https:\/\/baldumarket.lt\/lt\/wp-json\/wp\/v2\/comments?post=244030"}],"wp:featuredmedia":[{"embeddable":true,"href":"https:\/\/baldumarket.lt\/lt\/wp-json\/wp\/v2\/media\/244031"}],"wp:attachment":[{"href":"https:\/\/baldumarket.lt\/lt\/wp-json\/wp\/v2\/media?parent=244030"}],"wp:term":[{"taxonomy":"product_brand","embeddable":true,"href":"https:\/\/baldumarket.lt\/lt\/wp-json\/wp\/v2\/product_brand?post=244030"},{"taxonomy":"product_cat","embeddable":true,"href":"https:\/\/baldumarket.lt\/lt\/wp-json\/wp\/v2\/product_cat?post=244030"},{"taxonomy":"product_tag","embeddable":true,"href":"https:\/\/baldumarket.lt\/lt\/wp-json\/wp\/v2\/product_tag?post=244030"}],"curies":[{"name":"wp","href":"https:\/\/api.w.org\/{rel}","templated":true}]}}