{"id":244023,"date":"2026-01-02T23:01:49","date_gmt":"2026-01-02T20:01:49","guid":{"rendered":"https:\/\/baldumarket.lt\/product\/szafka-pod-umywalke-2s-120-cm-ovalia-cremona\/"},"modified":"2026-02-11T18:33:35","modified_gmt":"2026-02-11T15:33:35","slug":"szafka-pod-umywalke-2s-120-cm-ovalia-cremona","status":"publish","type":"product","link":"https:\/\/baldumarket.lt\/lt\/product\/szafka-pod-umywalke-2s-120-cm-ovalia-cremona\/","title":{"rendered":"Praustuvo spintel\u0117 2S 120 cm Ovalia Cremona"},"content":{"rendered":"<p>2S Praustuvo spintel\u0117 120 cm Ovalia Cremona\u201eOvalia Cremona\u201c kolekcijos 2S praustuvo spintel\u0117 120 cm \u2013 tai harmoningas modernios formos ir nesenstan\u010dio elegancijos derinys. \u0160iltas Cremona \u0105\u017euolo dekoras, \u012fsp\u016bdingi grioveliai ir u\u017eapvalinti kampai sukuria unikal\u0173 bald\u0105, kuris d\u017eiugina stiliumi. Matmenys: Plotis (cm): 120 Gylis (cm): 46 Auk\u0161tis (cm): 52 Svoris (kg): 32,5 Techniniai duomenys: Korpuso spalva: Cremona \u0105\u017euolas Priekin\u0117s dalies spalva: Cremona \u0105\u017euolas Rankenos spalva: Matin\u0117 juoda Korpuso med\u017eiaga: laminuota plok\u0161t\u0117 Priekin\u0117 dalis: MDF plok\u0161t\u0117 Rankenos med\u017eiaga: Metalas B\u0117geliai: \u0160velniai u\u017esidaro Surinkimo pakuot\u0117 \u012ftraukta: Taip Surinkimas: Skirta savaranki\u0161kam surinkimui \u201eOvalia Cremona\u201c kolekcijos 2S 120 cm praustuvo spintel\u0117 \u2013 tai baldas, kuriame derinamas unikalus dizainas ir auk\u0161tas funkcionalumas, si\u016blantis eleganti\u0161k\u0105 ir prakti\u0161k\u0105 sprendim\u0105 moderniam vonios kambariui. Subtili forma, \u012fkv\u0117pta gamtos ir \u0161iuolaikinio dizaino, suteikia dizainui stiling\u0105 akcent\u0105. Charakteringi u\u017eapvalinti kampai suteikia baldui vizualinio lengvumo, o ry\u0161k\u016bs vertikal\u016bs grioveliai, puo\u0161iantys tiek priekin\u0119, tiek \u0161onin\u0119 pus\u0119, pabr\u0117\u017eia i\u0161rai\u0161king\u0105, ta\u010diau harmoning\u0105 jo charakter\u012f. \u0160ilta \u201eCremona Oak\u201c apdaila puikiai atkartoja nat\u016bralios medienos tekst\u016br\u0105, sukurdama jauki\u0105 ir eleganti\u0161k\u0105 atmosfer\u0105 interjere. Spintel\u0117 turi du erdvius stal\u010dius, kuriuose yra daug vietos vonios kambario aksesuarams laikyti ir palaikyti kasdien\u0119 tvark\u0105. \u0160velnaus u\u017edarymo sistema u\u017etikrina skland\u0173, patog\u0173 ir prakti\u0161kai tyl\u0173 stal\u010di\u0173 veikim\u0105, pagerindama kasdienio naudojimo kokyb\u0119. Spintel\u0117 pagaminta i\u0161 MDF ir laminuotos plok\u0161t\u0117s, u\u017etikrinan\u010dios patvarum\u0105, atsparum\u0105 dr\u0117gmei ir ilgalaik\u0119 estetik\u0105. Tokios detal\u0117s kaip eleganti\u0161kos, juodos metalin\u0117s ranken\u0117l\u0117s suteikia modernumo ir kontrasto, harmoningai susiliejan\u010dios su nat\u016braliu medienos atspalviu. Spintel\u0119 galima lengvai derinti su specialiais, u\u017eapvalintais \u201ePure\u201c serijos praustuvais ir deran\u010diais stalvir\u0161iais, sukuriant darn\u0173, funkcional\u0173 komplekt\u0105. D\u0117l modulinio dizaino ir pritaikymo galimybi\u0173 baldai puikiai dera prie \u012fvairi\u0173 poreiki\u0173 ir interjero stili\u0173. \u201eOvalia Cremona\u201c kolekcija gaminama Lenkijoje, naudojant sertifikuotas med\u017eiagas, atitinkan\u010dias FSC standart\u0105, garantuojant\u012f ne tik kokyb\u0119 ir ilgaam\u017ei\u0161kum\u0105, bet ir ekologi\u0161kum\u0105. Spintel\u0117 pristatoma surenkama savaranki\u0161kai, o intuityvus dizainas leid\u017eia j\u0105 greitai ir lengvai surinkti. \u201eOvalia Cremona 120 cm\u201c yra ne tik baldas \u2013 tai gerai apgalvotas dizaino elementas, kuriame derinama forma ir funkcija, suteikiant vonios kambariui unikal\u0173 charakter\u012f ir stili\u0173.<\/p>","protected":false},"excerpt":{"rendered":"<p>Plotis (cm): 120<br \/>\n\u016agis (cm): 52<br \/>\nGylis (cm): 46<\/p>","protected":false},"featured_media":244024,"comment_status":"open","ping_status":"open","template":"","meta":[],"product_brand":[],"product_cat":[9117,2015,9187],"product_tag":[],"class_list":{"0":"post-244023","1":"product","2":"type-product","3":"status-publish","4":"has-post-thumbnail","6":"product_cat-bathroom","7":"product_cat-comad","8":"product_cat-washbasin-cabinet-comad","10":"first","11":"instock","12":"purchasable","13":"product-type-simple"},"_links":{"self":[{"href":"https:\/\/baldumarket.lt\/lt\/wp-json\/wp\/v2\/product\/244023","targetHints":{"allow":["GET"]}}],"collection":[{"href":"https:\/\/baldumarket.lt\/lt\/wp-json\/wp\/v2\/product"}],"about":[{"href":"https:\/\/baldumarket.lt\/lt\/wp-json\/wp\/v2\/types\/product"}],"replies":[{"embeddable":true,"href":"https:\/\/baldumarket.lt\/lt\/wp-json\/wp\/v2\/comments?post=244023"}],"wp:featuredmedia":[{"embeddable":true,"href":"https:\/\/baldumarket.lt\/lt\/wp-json\/wp\/v2\/media\/244024"}],"wp:attachment":[{"href":"https:\/\/baldumarket.lt\/lt\/wp-json\/wp\/v2\/media?parent=244023"}],"wp:term":[{"taxonomy":"product_brand","embeddable":true,"href":"https:\/\/baldumarket.lt\/lt\/wp-json\/wp\/v2\/product_brand?post=244023"},{"taxonomy":"product_cat","embeddable":true,"href":"https:\/\/baldumarket.lt\/lt\/wp-json\/wp\/v2\/product_cat?post=244023"},{"taxonomy":"product_tag","embeddable":true,"href":"https:\/\/baldumarket.lt\/lt\/wp-json\/wp\/v2\/product_tag?post=244023"}],"curies":[{"name":"wp","href":"https:\/\/api.w.org\/{rel}","templated":true}]}}