{"id":244009,"date":"2026-01-02T23:01:44","date_gmt":"2026-01-02T20:01:44","guid":{"rendered":"https:\/\/baldumarket.lt\/product\/szafka-pod-umywalke-2d-60-cm-nova-black\/"},"modified":"2026-02-11T18:33:36","modified_gmt":"2026-02-11T15:33:36","slug":"szafka-pod-umywalke-2d-60-cm-nova-black","status":"publish","type":"product","link":"https:\/\/baldumarket.lt\/lt\/product\/szafka-pod-umywalke-2d-60-cm-nova-black\/","title":{"rendered":"2D praustuvo spintel\u0117 60 cm NOVA BLACK"},"content":{"rendered":"<p>NOVA BLACK 2-D praustuvo spintel\u0117 60 cm. Eleganti\u0161ka ir funkcionali NOVA BLACK praustuvo spintel\u0117, pagaminta \u201eComad\u201c. Pagaminta i\u0161 matin\u0117s juodos MDF ir laminuotos plok\u0161t\u0117s, su vertikaliais frezuotais grioveliais priekyje. Turi \u0161velnaus u\u017edarymo sistem\u0105, integruotas rankenas ir lentynas. Puikiai tinka moderniam interjerui. Matmenys: Plotis (cm): 60 Gylis (cm): 39 Auk\u0161tis (cm): 57 Svoris (kg): 15,5 Techniniai duomenys: Spalva: Matin\u0117 juoda Med\u017eiaga: Laminuota plok\u0161t\u0117 \/ MDF plok\u0161t\u0117 Korpuso med\u017eiaga: Laminuota plok\u0161t\u0117 Korpuso spalva: Matin\u0117 juoda Priekin\u0117s dalies med\u017eiaga: MDF plok\u0161t\u0117 Priekin\u0117s dalies spalva: Matin\u0117 juoda Priekin\u0117s dalies konstrukcija: Frezuoti vertikal\u016bs grioveliai Reikalingas surinkimas: Taip Tvirtinimo kai\u0161\u010diai pridedami: Taip, yra komplekte Tvirtinimo pakuot\u0117 komplekte: Taip Montavimo viduje b\u016bdas: Pakabinimui ant sienos Dur\u0173 kiekis: 2 Dur\u0173 skai\u010dius: Universal\u016bs Vyriai: \u0160velniai u\u017esidarantis Rankenos: Integruotos Ranken\u0173 med\u017eiaga: MDF plok\u0161t\u0117 Ranken\u0173 spalva: Matin\u0117 juoda Fiksuota lentyna Kiekis: 1 Fiksuota lentyna Fiksuotos lentynos Med\u017eiaga: Laminuota plok\u0161t\u0117, Fiksuota lentyna, Spalva: Matin\u0117 juoda, Fiksuota lentyna, Maksimali apkrova (kg): 10, Reguliuojama lentyna Kiekis: 1, Reguliuojama lentyna, Reguliuojama lentyna, Med\u017eiaga: Laminuota plok\u0161t\u0117, Reguliuojama lentyna, Spalva: Matin\u0117 juoda, Reguliuojama lentyna, Maksimali apkrova (kg): 5, Reikalingas viet\u0105 taupantis sifonas: Taip. \u201eComad\u201c praustuvo spintel\u0117 NOVA BLACK 60 cm \u2013 tai modernaus elegancijos esencija, suteikianti vonios kambariui prabangos. Matin\u0117 juoda spalva puikiai tinka minimalistiniam interjerui, suteikiant erdvei rafinuoto stiliaus. Vertikal\u016bs frezuoti grioveliai fasaduose suteikia unikalaus charakterio, i\u0161skirdami \u0161\u012f bald\u0105 i\u0161 kit\u0173 sprendim\u0173. \u0160ios spintel\u0117s funkcionalumas toks pat \u012fsp\u016bdingas kaip ir jos i\u0161vaizda. D\u0117l galimyb\u0117s j\u0105 pakabinti ant sienos, \u0161i spintel\u0117 ne tik taupo viet\u0105, bet ir palengvina tvarkos palaikym\u0105 vonios kambaryje. Tai puikus sprendimas tiems, kurie vertina erdv\u0119 ir patogum\u0105, u\u017etikrindama lengv\u0105 prieig\u0105 prie b\u016btiniausi\u0173 daikt\u0173. Spintel\u0117 turi dvi duris su integruotomis rankenomis, kurios suteikia jai moderni\u0105 i\u0161vaizd\u0105 ir u\u017etikrina patog\u0173 naudojim\u0105. \u0160velnaus u\u017edarymo sistema dar labiau padidina komfort\u0105, pa\u0161alindama triuk\u0161m\u0105. Viduje rasite ir fiksuot\u0105, ir reguliuojam\u0105 lentyn\u0105, leid\u017eian\u010di\u0105 organizuoti erdv\u0119 pagal savo poreikius. Pagaminta i\u0161 auk\u0161tos kokyb\u0117s MDF ir laminuotos plok\u0161t\u0117s, NOVA BLACK spintel\u0117 garantuoja patvarum\u0105 ir tvirtum\u0105. Tvirta konstrukcija ir eleganti\u0161kas dizainas paver\u010dia j\u0105 ilgalaike investicija. Rinkit\u0117s stili\u0173 ir funkcionalum\u0105, pasirinkdami spintel\u0119, kuri puikiai papildys j\u016bs\u0173 vonios kambar\u012f. Nelaukite, suteikite savo vonios kambariui elegancijos ir rinkit\u0117s NOVA BLACK praustuvo spintel\u0119. \u0160is nesenstantis estetikos ir prakti\u0161kumo derinys tikrai patenkins net ir reikliausius vartotojus. Pa\u017ei\u016br\u0117kite, kaip lengvai galite pakeisti savo vonios kambario interjer\u0105 su \u0161iuo unikaliu baldu.<\/p>","protected":false},"excerpt":{"rendered":"<p>Plotis (cm): 60<br \/>\nGylis (cm): 39<br \/>\n\u016agis (cm): 57<\/p>","protected":false},"featured_media":244010,"comment_status":"open","ping_status":"open","template":"","meta":[],"product_brand":[],"product_cat":[9117,2015,9187],"product_tag":[],"class_list":{"0":"post-244009","1":"product","2":"type-product","3":"status-publish","4":"has-post-thumbnail","6":"product_cat-bathroom","7":"product_cat-comad","8":"product_cat-washbasin-cabinet-comad","10":"first","11":"instock","12":"purchasable","13":"product-type-simple"},"_links":{"self":[{"href":"https:\/\/baldumarket.lt\/lt\/wp-json\/wp\/v2\/product\/244009","targetHints":{"allow":["GET"]}}],"collection":[{"href":"https:\/\/baldumarket.lt\/lt\/wp-json\/wp\/v2\/product"}],"about":[{"href":"https:\/\/baldumarket.lt\/lt\/wp-json\/wp\/v2\/types\/product"}],"replies":[{"embeddable":true,"href":"https:\/\/baldumarket.lt\/lt\/wp-json\/wp\/v2\/comments?post=244009"}],"wp:featuredmedia":[{"embeddable":true,"href":"https:\/\/baldumarket.lt\/lt\/wp-json\/wp\/v2\/media\/244010"}],"wp:attachment":[{"href":"https:\/\/baldumarket.lt\/lt\/wp-json\/wp\/v2\/media?parent=244009"}],"wp:term":[{"taxonomy":"product_brand","embeddable":true,"href":"https:\/\/baldumarket.lt\/lt\/wp-json\/wp\/v2\/product_brand?post=244009"},{"taxonomy":"product_cat","embeddable":true,"href":"https:\/\/baldumarket.lt\/lt\/wp-json\/wp\/v2\/product_cat?post=244009"},{"taxonomy":"product_tag","embeddable":true,"href":"https:\/\/baldumarket.lt\/lt\/wp-json\/wp\/v2\/product_tag?post=244009"}],"curies":[{"name":"wp","href":"https:\/\/api.w.org\/{rel}","templated":true}]}}