{"id":244001,"date":"2026-01-02T23:01:40","date_gmt":"2026-01-02T20:01:40","guid":{"rendered":"https:\/\/baldumarket.lt\/product\/szafka-pod-umywalke-2-drzwiowa-60-cm-viva-cashmere\/"},"modified":"2026-02-11T18:33:36","modified_gmt":"2026-02-11T15:33:36","slug":"szafka-pod-umywalke-2-drzwiowa-60-cm-viva-cashmere","status":"publish","type":"product","link":"https:\/\/baldumarket.lt\/lt\/product\/szafka-pod-umywalke-2-drzwiowa-60-cm-viva-cashmere\/","title":{"rendered":"2 dur\u0173 praustuvo spintel\u0117 60 cm Viva Cashmere"},"content":{"rendered":"<p>\u201eViva Cashmere\u201c 60 cm dviej\u0173 dur\u0173 praustuvo spintel\u0117. \u201eViva Cashmere\u201c 60 cm praustuvo spintel\u0117 derina elegancij\u0105 ir funkcionalum\u0105. Subtil\u016bs, trima\u010diai \u201esilk\u0117s kaulo\u201c ra\u0161to fasadai ir eleganti\u0161kos auksin\u0117s, juodos ir chromuotos ranken\u0117l\u0117s leid\u017eia lengvai \u012fsilieti \u012f j\u016bs\u0173 interjer\u0105. \u0160velniai u\u017esidarantys vyriai. Matmenys: Plotis (cm): 60 Gylis (cm): 39 Auk\u0161tis (cm): 57 Svoris (kg): 15 Techniniai duomenys: Korpuso spalva: matin\u0117 ka\u0161myro spalva; Priekin\u0117s dalies spalva: matin\u0117 ka\u0161myro spalva; Rankenos spalva: blizgi auksin\u0117, matin\u0117 juoda, blizgus chromas; Korpuso med\u017eiaga: laminuota plok\u0161t\u0117; Priekin\u0117 dalis: MDF; Rankenos med\u017eiaga: plastikas; Vyriai: \u0161velniai u\u017esidarantys; Praustuvas pridedamas: ne; Tvirtinimo rinkinys pridedamas: taip; Surinkimas: skirta savaranki\u0161kam surinkimui. \u201eComad\u201c \u201eViva Cashmere\u201c dviej\u0173 dur\u0173 praustuvo spintel\u0117, 60 cm, yra puikus pasirinkimas tiems, kurie nori savo vonios kambariui suteikti elegancijos ir modernumo. Subtili ka\u0161myro spalva kartu su trima\u010diais, frezuotais \u201esilk\u0117s kaulo\u201c ra\u0161to fasadais paver\u010dia \u0161\u012f bald\u0105 tikra interjero puo\u0161mena. I\u0161skirtin\u0117s detal\u0117s, tokios kaip blizgaus aukso, chromo ir matin\u0117s juodos spalvos ranken\u0117l\u0117s, suteikia pritaikymo galimybi\u0173, leid\u017eian\u010di\u0173 suasmeninti erdv\u0119 ir derinti j\u0105 prie bet kokio interjero. \u0160i erdvi praustuvo spintel\u0117 ne tik atrodo stilingai, bet ir si\u016blo prakti\u0161kus kasdienius sprendimus. Dviej\u0173 dureli\u0173 konstrukcija leid\u017eia efektyviai laikyti vonios kambario aksesuarus, o \u0161velnaus u\u017edarymo dureli\u0173 sistema u\u017etikrina komfort\u0105, pa\u0161alindama dureli\u0173 u\u017edarymo gars\u0105. Auk\u0161tos kokyb\u0117s med\u017eiag\u0173, toki\u0173 kaip MDF ir laminuota plok\u0161t\u0117, naudojimas daro spintel\u0119 ne tik esteti\u0161kai patraukli\u0105, bet ir patvari\u0105 bei ilgaam\u017e\u0119. 39 cm gylio \u201eViva Cashmere\u201c spintel\u0117 puikiai tinka net ir ma\u017eesniems vonios kambariams, si\u016blydama ergonominius sprendimus neaukodama stiliaus. Jos gerai apgalvotas dizainas leid\u017eia maksimaliai i\u0161naudoti turim\u0105 erdv\u0119, o lengvas surinkimas leid\u017eia lengvai j\u0105 \u012frengti kiekvienam. Be to, \u0161is baldas dera su kitomis kolekcijomis, tokiomis kaip \u201eNova Oak\u201c, \u201eNova White\u201c ir \u201eNova Cashmere\u201c, leisdamas sukurti darni\u0105 ir unikali\u0105 i\u0161vaizd\u0105. Pasirink\u0119 \u201eViva Cashmere\u201c praustuvo spintel\u0119, gaunate ne tik bald\u0105, bet ir stiling\u0105 funkcionalum\u0105. Suteikdami 2 met\u0173 garantij\u0105, galite b\u016bti tikri, kad ilgai liksite patenkinti savo pirkiniu. I\u0161bandykite begales dizaino galimybi\u0173 pasirinkdami \u0161\u012f nepaprast\u0105 vonios kambario \u012frangos element\u0105, kuriame dera i\u0161skirtinis stilius ir auk\u0161tos kokyb\u0117s meistri\u0161kumas.<\/p>","protected":false},"excerpt":{"rendered":"<p>Plotis (cm): 60<br \/>\n\u016agis (cm): 57<br \/>\nGylis (cm): 39<\/p>","protected":false},"featured_media":244002,"comment_status":"open","ping_status":"open","template":"","meta":[],"product_brand":[],"product_cat":[9117,2015,9187],"product_tag":[],"class_list":{"0":"post-244001","1":"product","2":"type-product","3":"status-publish","4":"has-post-thumbnail","6":"product_cat-bathroom","7":"product_cat-comad","8":"product_cat-washbasin-cabinet-comad","10":"first","11":"instock","12":"purchasable","13":"product-type-simple"},"_links":{"self":[{"href":"https:\/\/baldumarket.lt\/lt\/wp-json\/wp\/v2\/product\/244001","targetHints":{"allow":["GET"]}}],"collection":[{"href":"https:\/\/baldumarket.lt\/lt\/wp-json\/wp\/v2\/product"}],"about":[{"href":"https:\/\/baldumarket.lt\/lt\/wp-json\/wp\/v2\/types\/product"}],"replies":[{"embeddable":true,"href":"https:\/\/baldumarket.lt\/lt\/wp-json\/wp\/v2\/comments?post=244001"}],"wp:featuredmedia":[{"embeddable":true,"href":"https:\/\/baldumarket.lt\/lt\/wp-json\/wp\/v2\/media\/244002"}],"wp:attachment":[{"href":"https:\/\/baldumarket.lt\/lt\/wp-json\/wp\/v2\/media?parent=244001"}],"wp:term":[{"taxonomy":"product_brand","embeddable":true,"href":"https:\/\/baldumarket.lt\/lt\/wp-json\/wp\/v2\/product_brand?post=244001"},{"taxonomy":"product_cat","embeddable":true,"href":"https:\/\/baldumarket.lt\/lt\/wp-json\/wp\/v2\/product_cat?post=244001"},{"taxonomy":"product_tag","embeddable":true,"href":"https:\/\/baldumarket.lt\/lt\/wp-json\/wp\/v2\/product_tag?post=244001"}],"curies":[{"name":"wp","href":"https:\/\/api.w.org\/{rel}","templated":true}]}}