{"id":243994,"date":"2026-01-02T23:01:37","date_gmt":"2026-01-02T20:01:37","guid":{"rendered":"https:\/\/baldumarket.lt\/product\/szafka-pod-umywalke-2-szuflady-80-cm-viva-cashmere\/"},"modified":"2026-02-11T18:33:36","modified_gmt":"2026-02-11T15:33:36","slug":"szafka-pod-umywalke-2-szuflady-80-cm-viva-cashmere","status":"publish","type":"product","link":"https:\/\/baldumarket.lt\/lt\/product\/szafka-pod-umywalke-2-szuflady-80-cm-viva-cashmere\/","title":{"rendered":"Viva Cashmere praustuvo spintel\u0117 su 2 stal\u010diais, 80 cm"},"content":{"rendered":"<p>\u201eViva Cashmere\u201c dviej\u0173 stal\u010di\u0173 praustuvo spintel\u0117, 80 cm. \u201eViva Cashmere\u201c praustuvo spintel\u0117 \u2013 tai tobulas stiliaus ir funkcionalumo derinys. Ka\u0161myro gylis ir trima\u010diai \u201eeglut\u0117s\u201c ra\u0161to fasadai suteikia elegancijos. Du erdv\u016bs stal\u010diai su \u0161velniu u\u017edarymu pad\u0117s palaikyti tvark\u0105. Matmenys: Plotis (cm): 80 Gylis (cm): 39,1 Auk\u0161tis (cm): 57 Svoris (kg): 24 Techniniai duomenys: Korpuso spalva: matin\u0117 ka\u0161myro spalva Priekin\u0117s dalies spalva: matin\u0117 ka\u0161myro spalva Rankenos spalva: blizgi auksin\u0117, matin\u0117 juoda, blizgus chromas Korpuso med\u017eiaga: laminuota plok\u0161t\u0117 Priekin\u0117 dalis: MDF Rankenos med\u017eiaga: plastikas Stal\u010di\u0173 b\u0117geliai: \u0161velnus u\u017edarymas Praustuvas pridedamas: ne Surinkimo rinkinys pridedamas: taip Surinkimas: skirta savaranki\u0161kam surinkimui \u201eViva Cashmere\u201c dviej\u0173 stal\u010di\u0173 praustuvo spintel\u0117, 80 cm, yra eleganti\u0161kas pasi\u016blymas \u017emon\u0117ms, norintiems savo vonios kambariui suteikti stilingo ir rafinuoto dizaino. Matin\u0117 ka\u0161myro apdaila leid\u017eia \u0161iam baldui skland\u017eiai dera su \u012fvairiais interjerais, suteikdama ne tik klas\u0117s, bet ir subtilaus \u0161ilumos. Spalv\u0173 sodrumas ir trima\u010diai, frezuoti \u201esilk\u0117s kaulo\u201c ra\u0161to fasadai sukuria unikal\u0173 akcent\u0105, kuris traukia ak\u012f ir suteikia interjerui harmonijos. \u0160io baldo funkcionalumas yra toks pat \u012fsp\u016bdingas, kaip ir jo i\u0161vaizda. Du erdv\u016bs stal\u010diai leid\u017eia patogiai laikyti vonios kambario aksesuarus \u2013 ne\u012fkainojam\u0105 turt\u0105 kasdieniame naudojime. D\u0117l novatori\u0161kos \u0161velnaus u\u017edarymo sistemos spintel\u0117s naudojimas yra grynas malonumas, nes ji pa\u0161alina triuk\u0161m\u0105 ir u\u017etikrina komfort\u0105. Pagaminta i\u0161 auk\u0161tos kokyb\u0117s med\u017eiag\u0173, toki\u0173 kaip MDF ir laminuota plok\u0161t\u0117, ji garantuoja ne tik estetik\u0105, bet ir patvarum\u0105 bei ilgaam\u017ei\u0161kum\u0105. Be to, 40 cm gylio spintel\u0117 puikiai dera tarp funkcionalumo ir vietos taupymo dizaino, tod\u0117l puikiai tinka ma\u017eesniems vonios kambariams. Komplekte yra ranken\u0117l\u0117s su trimis eleganti\u0161komis apdailomis \u2013 blizgaus aukso, blizgaus chromo ir matin\u0117s juodos \u2013 kurios leid\u017eia pritaikyti baldus pagal individualius estetinius pageidavimus. Tokios detal\u0117s yra labai svarbios norint suasmeninti ir sukurti unikali\u0105 atmosfer\u0105 bet kuriame interjere. Nepamir\u0161kime ir lengvo surinkimo, \u012f kur\u012f buvo atsi\u017evelgta projektavimo procese. Spintel\u0117 pristatoma savaranki\u0161kai surenkamose pakuot\u0117se, o tai rei\u0161kia, kad kiekvienas gali j\u0105 greitai ir efektyviai surinkti namuose, nereikalaudamas specialisto pagalbos. Be to, gamintojas suteikia 2 met\u0173 garantij\u0105, patvirtinan\u010di\u0105 auk\u0161t\u0105 kokyb\u0119 ir \u012fsipareigojim\u0105 klient\u0173 pasitenkinimui. Rinkit\u0117s \u201eViva Cashmere\u201c 80 cm praustuvo spintel\u0119 ir m\u0117gaukit\u0117s elegancija bei funkcionalumu savo vonios kambaryje!<\/p>","protected":false},"excerpt":{"rendered":"<p>Plotis (cm): 80<br \/>\n\u016agis (cm): 57<br \/>\nGylis (cm): 39,1<\/p>","protected":false},"featured_media":243995,"comment_status":"open","ping_status":"open","template":"","meta":[],"product_brand":[],"product_cat":[9117,2015,9187],"product_tag":[],"class_list":{"0":"post-243994","1":"product","2":"type-product","3":"status-publish","4":"has-post-thumbnail","6":"product_cat-bathroom","7":"product_cat-comad","8":"product_cat-washbasin-cabinet-comad","10":"first","11":"instock","12":"purchasable","13":"product-type-simple"},"_links":{"self":[{"href":"https:\/\/baldumarket.lt\/lt\/wp-json\/wp\/v2\/product\/243994","targetHints":{"allow":["GET"]}}],"collection":[{"href":"https:\/\/baldumarket.lt\/lt\/wp-json\/wp\/v2\/product"}],"about":[{"href":"https:\/\/baldumarket.lt\/lt\/wp-json\/wp\/v2\/types\/product"}],"replies":[{"embeddable":true,"href":"https:\/\/baldumarket.lt\/lt\/wp-json\/wp\/v2\/comments?post=243994"}],"wp:featuredmedia":[{"embeddable":true,"href":"https:\/\/baldumarket.lt\/lt\/wp-json\/wp\/v2\/media\/243995"}],"wp:attachment":[{"href":"https:\/\/baldumarket.lt\/lt\/wp-json\/wp\/v2\/media?parent=243994"}],"wp:term":[{"taxonomy":"product_brand","embeddable":true,"href":"https:\/\/baldumarket.lt\/lt\/wp-json\/wp\/v2\/product_brand?post=243994"},{"taxonomy":"product_cat","embeddable":true,"href":"https:\/\/baldumarket.lt\/lt\/wp-json\/wp\/v2\/product_cat?post=243994"},{"taxonomy":"product_tag","embeddable":true,"href":"https:\/\/baldumarket.lt\/lt\/wp-json\/wp\/v2\/product_tag?post=243994"}],"curies":[{"name":"wp","href":"https:\/\/api.w.org\/{rel}","templated":true}]}}