{"id":243986,"date":"2026-01-02T23:01:33","date_gmt":"2026-01-02T20:01:33","guid":{"rendered":"https:\/\/baldumarket.lt\/product\/szafka-pod-umywalke-2-szuflady-60-cm-viva-cashmere\/"},"modified":"2026-02-11T18:33:36","modified_gmt":"2026-02-11T15:33:36","slug":"szafka-pod-umywalke-2-szuflady-60-cm-viva-cashmere","status":"publish","type":"product","link":"https:\/\/baldumarket.lt\/lt\/product\/szafka-pod-umywalke-2-szuflady-60-cm-viva-cashmere\/","title":{"rendered":"Viva Cashmere praustuvo spintel\u0117 su 2 stal\u010diais, 60 cm"},"content":{"rendered":"<p>\u201eViva Cashmere\u201c 60 cm dviej\u0173 stal\u010di\u0173 praustuvo spintel\u0117. \u201eViva Cashmere\u201c 60 cm praustuvo spintel\u0117 \u2013 tai eleganti\u0161kas baldas su dviem erdviais stal\u010diais, pagamintas i\u0161 patvari\u0173 med\u017eiag\u0173. Subtil\u016bs frezuoti \u201esilk\u0117s kaulo\u201c formos ka\u0161myro atspalvio fasadai ir \u012fvairios ranken\u0117l\u0117s leid\u017eia suasmeninti bald\u0105. \u0160velnaus u\u017edarymo sistema. Matmenys: Plotis (cm): 60 Gylis (cm): 39,1 Auk\u0161tis (cm): 57 Svoris (kg): 20 Techniniai duomenys: Korpuso spalva: matin\u0117 ka\u0161myro spalva Priekin\u0117s dalies spalva: matin\u0117 ka\u0161myro spalva Ranken\u0117l\u0117s spalva: blizgi auksin\u0117, matin\u0117 juoda, blizgus chromas Korpuso med\u017eiaga: laminuota plok\u0161t\u0117 Priekin\u0117 dalis: MDF Ranken\u0117l\u0117s med\u017eiaga: plastikas Stal\u010di\u0173 b\u0117geliai: \u0161velnaus u\u017edarymo sistema Praustuvas pridedamas: ne Surinkimo rinkinys pridedamas: taip Surinkimas: savaranki\u0161kas surinkimas Atraskite \u201eViva Cashmere\u201c praustuvo spintel\u0119, kurioje derinamas elegancija, funkcionalumas ir patvarumas. Pagaminta i\u0161 madingo ka\u0161myro atspalvio, pastatyta ant dviej\u0173 stabili\u0173 kojeli\u0173, ji atitinka naujausias interjero dizaino tendencijas. \u012edom\u016bs, frezuoti, \u201esilk\u0117s kaulo\u201c formos fasadai suteikia spintelei unikalaus charakterio, pritraukdami kiekvieno \u012feinan\u010dio \u012f j\u016bs\u0173 vonios kambar\u012f ak\u012f. \u0160i spintel\u0117 \u2013 ne tik baldas, bet ir elementas, kuris j\u016bs\u0173 interjerui suteiks elegancijos ir rafinuotumo. \u201eViva Cashmere\u201c spintel\u0117s prakti\u0161kumas slypi dviejuose erdviuose stal\u010diuose, kurie pad\u0117s palaikyti tvark\u0105 j\u016bs\u0173 vonios kambaryje. D\u0117l \u0161velnaus u\u017edarymo sistemos galite m\u0117gautis kasdieniu naudojimu be joki\u0173 nemaloni\u0173 gars\u0173. Spintel\u0117 pagaminta i\u0161 auk\u0161tos kokyb\u0117s med\u017eiag\u0173, toki\u0173 kaip MDF ir laminatas, u\u017etikrinan\u010di\u0173 ilgalaik\u012f patvarum\u0105. Idealiai tinka ma\u017eesn\u0117ms erdv\u0117ms, vos 39,1 cm gylio spintel\u0117 yra prakti\u0161kas sprendimas tiems, kurie vertina erdv\u0117s efektyvum\u0105. \u0160i unikali spintel\u0117 sukurta atsi\u017evelgiant \u012f individualias pritaikymo galimybes. D\u0117l \u012fvairi\u0173 ranken\u0117li\u0173 spalv\u0173 \u2013 blizgaus aukso, matin\u0117s juodos ir blizgaus chromo \u2013 j\u0105 galite priderinti prie bet kokio interjero stiliaus. Subtilus ka\u0161myro spalvos derinys su eleganti\u0161komis detal\u0117mis pavers j\u0105 j\u016bs\u0173 vonios kambario traukos centru. \u201eViva Cashmere\u201c puikiai dera su kitomis kolekcijomis, tokiomis kaip \u201eNova Oak\u201c, \u201eNova White\u201c ir \u201eNova Cashmere\u201c, atverdamas galimyb\u0119 kurti unikalius i\u0161d\u0117stymus. Kiekvienas \u0161ios spintel\u0117s elementas yra apgalvoto dizaino rezultatas, u\u017etikrinantis auk\u0161t\u0105 naudojimo komfort\u0105, o 2 met\u0173 garantija pabr\u0117\u017eia jos kokyb\u0119. \u0160ie baldai pristatomi plok\u0161\u010diai supakuoti ir lengvai surenkami, tod\u0117l keisti j\u0173 i\u0161vaizd\u0105 yra lengviau nei bet kada anks\u010diau.<\/p>","protected":false},"excerpt":{"rendered":"<p>Plotis (cm): 60<br \/>\n\u016agis (cm): 57<br \/>\nGylis (cm): 39,1<\/p>","protected":false},"featured_media":243987,"comment_status":"open","ping_status":"open","template":"","meta":[],"product_brand":[],"product_cat":[9117,2015,9187],"product_tag":[],"class_list":{"0":"post-243986","1":"product","2":"type-product","3":"status-publish","4":"has-post-thumbnail","6":"product_cat-bathroom","7":"product_cat-comad","8":"product_cat-washbasin-cabinet-comad","10":"first","11":"instock","12":"purchasable","13":"product-type-simple"},"_links":{"self":[{"href":"https:\/\/baldumarket.lt\/lt\/wp-json\/wp\/v2\/product\/243986","targetHints":{"allow":["GET"]}}],"collection":[{"href":"https:\/\/baldumarket.lt\/lt\/wp-json\/wp\/v2\/product"}],"about":[{"href":"https:\/\/baldumarket.lt\/lt\/wp-json\/wp\/v2\/types\/product"}],"replies":[{"embeddable":true,"href":"https:\/\/baldumarket.lt\/lt\/wp-json\/wp\/v2\/comments?post=243986"}],"wp:featuredmedia":[{"embeddable":true,"href":"https:\/\/baldumarket.lt\/lt\/wp-json\/wp\/v2\/media\/243987"}],"wp:attachment":[{"href":"https:\/\/baldumarket.lt\/lt\/wp-json\/wp\/v2\/media?parent=243986"}],"wp:term":[{"taxonomy":"product_brand","embeddable":true,"href":"https:\/\/baldumarket.lt\/lt\/wp-json\/wp\/v2\/product_brand?post=243986"},{"taxonomy":"product_cat","embeddable":true,"href":"https:\/\/baldumarket.lt\/lt\/wp-json\/wp\/v2\/product_cat?post=243986"},{"taxonomy":"product_tag","embeddable":true,"href":"https:\/\/baldumarket.lt\/lt\/wp-json\/wp\/v2\/product_tag?post=243986"}],"curies":[{"name":"wp","href":"https:\/\/api.w.org\/{rel}","templated":true}]}}