{"id":243981,"date":"2026-01-02T23:01:31","date_gmt":"2026-01-02T20:01:31","guid":{"rendered":"https:\/\/baldumarket.lt\/product\/szafka-pod-umywalke-120-cm-ocean-black\/"},"modified":"2026-02-11T18:33:36","modified_gmt":"2026-02-11T15:33:36","slug":"szafka-pod-umywalke-120-cm-ocean-black","status":"publish","type":"product","link":"https:\/\/baldumarket.lt\/lt\/product\/szafka-pod-umywalke-120-cm-ocean-black\/","title":{"rendered":"Praustuvo spintel\u0117 120 cm, vandenyno juoda"},"content":{"rendered":"<p>Praustuvo spintel\u0117 120 cm OCEAN BLACK \u201eComad\u201c OCEAN BLACK praustuvo spintel\u0117 yra eleganti\u0161kas ir funkcionalus baldas, pagamintas i\u0161 MDF ir laminuotos plok\u0161t\u0117s. Matin\u0117s juodos spalvos priekis su frezuotu ra\u0161tu, alyvuotas \u0105\u017euolo korpusas ir \u0161velnaus u\u017edarymo mechanizmas idealiai tinka moderniam vonios kambariui. Matmenys: Plotis (cm): 120 Gylis (cm): 46 Auk\u0161tis (cm): 57 Svoris (kg): 39,5 Techniniai duomenys: Spalva: Matin\u0117 juoda, Alyvuotas \u0105\u017euolas Med\u017eiaga: Laminuota plok\u0161t\u0117 \/ MDF plok\u0161t\u0117 Korpuso med\u017eiaga: Laminuota plok\u0161t\u0117 Korpuso spalva: Alyvuotas \u0105\u017euolas Priekio med\u017eiaga: MDF plok\u0161t\u0117 Priekio spalva: Matin\u0117 juoda Priekio konstrukcija: Frezuotas ra\u0161tas Reikalingas surinkimas: Taip Tvirtinimo kai\u0161\u010diai \u012ftraukti: Taip \u012etraukta Tvirtinimo pakuot\u0117 \u012ftraukta: Taip Montavimo viduje b\u016bdas: Pakabinimui ant sienos Stal\u010di\u0173 skai\u010dius: 2 stal\u010diai 1 stal\u010diaus konstrukcija: Pilnas dugnas su i\u0161pjova galin\u0117je juostoje \u2013 Rekomenduojamas \u017eemas sifono montavimas \u2013 Sifonas ne\u012ftrauktas 1 stal\u010diaus prailginimas: 3\/4 prailginimo 2 stal\u010diaus prailginimas: Pilnas prailginimas Vir\u0161utinio stal\u010diaus organizatorius: Ne 1 stal\u010diaus apkrova: 5 Dur\u0173 skai\u010dius: Universal\u016bs Vyriai: \u0160velniai u\u017esidarantys Rankenos: Integruoti Rankenos med\u017eiaga: MDF Rankenos spalva: Matin\u0117 juoda Fiksuot\u0173 lentyn\u0173 med\u017eiaga: N\/A Fiksuot\u0173 lentyn\u0173 spalva: N\/A Fiksuot\u0173 lentyn\u0173 apkrova (kg): 0 Reguliuojam\u0173 lentyn\u0173 med\u017eiaga: Reguliuojamos lentynos spalva: N\/A Reguliuojamos lentynos apkrova (kg): 0 \u201eComad\u201c praustuvo spintel\u0117 \u201eOCEAN BLACK\u201c yra eleganti\u0161kas bet kurio modernaus vonios kambario elementas. Matin\u0117s juodos spalvos priekis, pagamintas i\u0161 MDF, suteikia interjerui rafinuoto ir prabangaus charakterio, kuris puikiai dera su \u012fvairiais interjero stiliais. \u012edomus, frezuotas ra\u0161tas fasaduose suteikia unikalaus \u017eavesio, tod\u0117l spintel\u0117 yra unikali. Dar vienas \u201eOCEAN BLACK\u201c spintel\u0117s privalumas \u2013 funkcionalumas. D\u0117l dviej\u0173 erdvi\u0173 stal\u010di\u0173 galite lengvai laikyti visus savo vonios kambario aksesuarus. Pilno i\u0161traukimo stal\u010dius ir kitas su 3\/4 i\u0161traukimo stal\u010diumi suteikia patogi\u0105 prieig\u0105 prie laikom\u0173 daikt\u0173, o \u0161velnaus u\u017edarymo mechanizmas garantuoja patog\u0173 naudojim\u0105 be nereikalingo triuk\u0161mo. Spintel\u0117s korpusas, pagamintas i\u0161 alyvuoto \u0105\u017euolo spalvos laminuotos plok\u0161t\u0117s, sukuria harmoning\u0105 kontrast\u0105 su juodais fasadais, pabr\u0117\u017edamas modern\u0173 ir stiling\u0105 vaizd\u0105. Be to, integruotos rankenos, taip pat juodos, dera prie minimalistin\u0117s estetikos, suteikdamos baldui subtilios elegancijos. \u201eOCEAN BLACK\u201c praustuvo spintel\u0117 sukurta taip, kad j\u0105 b\u016bt\u0173 lengva montuoti prie sienos, tod\u0117l galima maksimaliai i\u0161naudoti erdv\u0119 vonios kambaryje. Tvirta konstrukcija ir auk\u0161tos kokyb\u0117s gamyboje naudojamos med\u017eiagos garantuoja ilgaam\u017ei\u0161kum\u0105 ir patvarum\u0105, tod\u0117l tai yra investicija ateinantiems metams.<\/p>","protected":false},"excerpt":{"rendered":"<p>Plotis (cm): 120<br \/>\nGylis (cm): 46<br \/>\n\u016agis (cm): 57<\/p>","protected":false},"featured_media":243982,"comment_status":"open","ping_status":"open","template":"","meta":[],"product_brand":[],"product_cat":[9117,2015,9187],"product_tag":[],"class_list":{"0":"post-243981","1":"product","2":"type-product","3":"status-publish","4":"has-post-thumbnail","6":"product_cat-bathroom","7":"product_cat-comad","8":"product_cat-washbasin-cabinet-comad","10":"first","11":"instock","12":"purchasable","13":"product-type-simple"},"_links":{"self":[{"href":"https:\/\/baldumarket.lt\/lt\/wp-json\/wp\/v2\/product\/243981","targetHints":{"allow":["GET"]}}],"collection":[{"href":"https:\/\/baldumarket.lt\/lt\/wp-json\/wp\/v2\/product"}],"about":[{"href":"https:\/\/baldumarket.lt\/lt\/wp-json\/wp\/v2\/types\/product"}],"replies":[{"embeddable":true,"href":"https:\/\/baldumarket.lt\/lt\/wp-json\/wp\/v2\/comments?post=243981"}],"wp:featuredmedia":[{"embeddable":true,"href":"https:\/\/baldumarket.lt\/lt\/wp-json\/wp\/v2\/media\/243982"}],"wp:attachment":[{"href":"https:\/\/baldumarket.lt\/lt\/wp-json\/wp\/v2\/media?parent=243981"}],"wp:term":[{"taxonomy":"product_brand","embeddable":true,"href":"https:\/\/baldumarket.lt\/lt\/wp-json\/wp\/v2\/product_brand?post=243981"},{"taxonomy":"product_cat","embeddable":true,"href":"https:\/\/baldumarket.lt\/lt\/wp-json\/wp\/v2\/product_cat?post=243981"},{"taxonomy":"product_tag","embeddable":true,"href":"https:\/\/baldumarket.lt\/lt\/wp-json\/wp\/v2\/product_tag?post=243981"}],"curies":[{"name":"wp","href":"https:\/\/api.w.org\/{rel}","templated":true}]}}