{"id":243971,"date":"2026-01-02T23:01:27","date_gmt":"2026-01-02T20:01:27","guid":{"rendered":"https:\/\/baldumarket.lt\/product\/szafka-pod-umywalke-120-cm-luxor-beige\/"},"modified":"2026-02-11T18:33:36","modified_gmt":"2026-02-11T15:33:36","slug":"szafka-pod-umywalke-120-cm-luxor-beige","status":"publish","type":"product","link":"https:\/\/baldumarket.lt\/lt\/product\/szafka-pod-umywalke-120-cm-luxor-beige\/","title":{"rendered":"Praustuvo spintel\u0117 120 cm, \u201eLuxor\u201c sm\u0117lio spalvos"},"content":{"rendered":"<p>\u201eLuxor Beige\u201c 120 cm kriaukl\u0117s spintel\u0117. Stilinga \u201eLuxor Beige\u201c kriaukl\u0117s spintel\u0117 i\u0161 \u201eComad\u201c. Joje derinami sm\u0117lio spalvos MDF fasadai su alyvuoto \u0105\u017euolo korpusu. Ji turi tris \u0161velniai u\u017esidaran\u010dias dureles su frezuotomis rankenomis. Puikiai tinka moderniam interjerui. Surenkama savaranki\u0161kai. Matmenys: Plotis (cm): 120 Gylis (cm): 46 Auk\u0161tis (cm): 57 Techniniai duomenys: Spalva: Alyvuotas \u0105\u017euolas, sm\u0117lio spalvos Med\u017eiaga: LAMINUOTA LENTA \/ MDF Fasadai: MDF Priekin\u0117s dalies spalva: Sm\u0117lio spalvos Korpusas: Laminuota plok\u0161t\u0117 Korpuso spalva: Alyvuotas \u0105\u017euolas Dureli\u0173 skai\u010dius: 3 Vyriai: Metaliniai, \u0161velnaus u\u017edarymo Rankenos: Frezuotos priekyje Surinkimo b\u016bdas: Surenkama savaranki\u0161kai 120 cm \u201eComad Luxor Beige\u201c praustuvo spintel\u0117 yra elegancijos ir funkcionalumo kvintesencija j\u016bs\u0173 vonios kambaryje. Unikalus dizainas, derinamas su \u0161ilta alyvuoto \u0105\u017euolo ir subtilia sm\u0117lio spalva, sukuria harmoning\u0105 atmosfer\u0105. Ji puikiai dera tiek su moderniu, tiek su klasikiniu interjeru, suteikdama unikalaus charakterio. D\u0117l frezuot\u0173 ranken\u0117li\u0173 ir trij\u0173 erdvi\u0173 dureli\u0173 spintel\u0117 suteikia patogi\u0105 viet\u0105 visiems svarbiausiems vonios kambario aksesuarams. \u0160velniai u\u017esidarantys metaliniai vyriai u\u017etikrina patog\u0173 ir tyl\u0173 naudojim\u0105, \u017eymiai padidindami naudotojo komfort\u0105. \u201eLuxor\u201c spintel\u0117 praustuvui \u2013 puikus pasirinkimas tiems, kurie vertina estetik\u0105 ir prakti\u0161kum\u0105.<\/p>\n<p>Pagaminta i\u0161 patvarios laminuotos plok\u0161t\u0117s ir MDF, \u201eLuxor\u201c spintel\u0117 praustuvui yra ilgalaik\u0117 ir atspari dr\u0117gmei bei mechaniniams pa\u017eeidimams. Tai u\u017etikrina, kad ji daugel\u012f met\u0173 i\u0161laikys nepriekai\u0161ting\u0105 i\u0161vaizd\u0105 ir taps tikru j\u016bs\u0173 vonios kambario akcentu. Kruop\u0161tus meistri\u0161kumas ir d\u0117mesys detal\u0117ms pabr\u0117\u017eia auk\u0161t\u0105 \u0161io baldo kokyb\u0119, tod\u0117l tai ilgalaik\u0117 investicija.<\/p>\n<p>Savaranki\u0161ko surinkimo galimyb\u0117 leid\u017eia visi\u0161kai kontroliuoti montavimo proces\u0105, pritaikant \u012frengin\u012f pagal j\u016bs\u0173 poreikius ir erdv\u0119. \u201eLuxor Beige\u201c modelis puikiai atitinka dabartines interjero dizaino tendencijas, si\u016blydamas estetikos ir funkcionalumo pusiausvyr\u0105. Pasirinkdami \u201eLuxor\u201c praustuvo spintel\u0119, investuojate \u012f savo vonios kambario komfort\u0105 ir stili\u0173.<\/p>","protected":false},"excerpt":{"rendered":"<p>Plotis (cm): 120<br \/>\n\u016agis (cm): 57<br \/>\nGylis (cm): 46<\/p>","protected":false},"featured_media":243972,"comment_status":"open","ping_status":"open","template":"","meta":[],"product_brand":[],"product_cat":[9117,2015,9187],"product_tag":[],"class_list":{"0":"post-243971","1":"product","2":"type-product","3":"status-publish","4":"has-post-thumbnail","6":"product_cat-bathroom","7":"product_cat-comad","8":"product_cat-washbasin-cabinet-comad","10":"first","11":"instock","12":"purchasable","13":"product-type-simple"},"_links":{"self":[{"href":"https:\/\/baldumarket.lt\/lt\/wp-json\/wp\/v2\/product\/243971","targetHints":{"allow":["GET"]}}],"collection":[{"href":"https:\/\/baldumarket.lt\/lt\/wp-json\/wp\/v2\/product"}],"about":[{"href":"https:\/\/baldumarket.lt\/lt\/wp-json\/wp\/v2\/types\/product"}],"replies":[{"embeddable":true,"href":"https:\/\/baldumarket.lt\/lt\/wp-json\/wp\/v2\/comments?post=243971"}],"wp:featuredmedia":[{"embeddable":true,"href":"https:\/\/baldumarket.lt\/lt\/wp-json\/wp\/v2\/media\/243972"}],"wp:attachment":[{"href":"https:\/\/baldumarket.lt\/lt\/wp-json\/wp\/v2\/media?parent=243971"}],"wp:term":[{"taxonomy":"product_brand","embeddable":true,"href":"https:\/\/baldumarket.lt\/lt\/wp-json\/wp\/v2\/product_brand?post=243971"},{"taxonomy":"product_cat","embeddable":true,"href":"https:\/\/baldumarket.lt\/lt\/wp-json\/wp\/v2\/product_cat?post=243971"},{"taxonomy":"product_tag","embeddable":true,"href":"https:\/\/baldumarket.lt\/lt\/wp-json\/wp\/v2\/product_tag?post=243971"}],"curies":[{"name":"wp","href":"https:\/\/api.w.org\/{rel}","templated":true}]}}