{"id":243964,"date":"2026-01-02T23:01:24","date_gmt":"2026-01-02T20:01:24","guid":{"rendered":"https:\/\/baldumarket.lt\/product\/szafka-pod-umywalke-120-cm-fiji-white\/"},"modified":"2026-02-11T18:33:36","modified_gmt":"2026-02-11T15:33:36","slug":"szafka-pod-umywalke-120-cm-fiji-white","status":"publish","type":"product","link":"https:\/\/baldumarket.lt\/lt\/product\/szafka-pod-umywalke-120-cm-fiji-white\/","title":{"rendered":"Praustuvo spintel\u0117 120 cm FIJI WHITE"},"content":{"rendered":"<p>FIJI WHITE 120 cm praustuvo spintel\u0117 FIJI WHITE \u2013 eleganti\u0161kas 120 cm plo\u010dio baldas, pagamintas i\u0161 Alpi\u0173 baltos spalvos. Pagaminta i\u0161 laminuotos plok\u0161t\u0117s ir MDF fasad\u0173, turi 2 \u0161velniai u\u017esidaran\u010dius stal\u010dius ir integruot\u0105 ranken\u0105. Matmenys: Plotis (cm): 120 Gylis (cm): 45,8 Auk\u0161tis (cm): 62 Techniniai duomenys: Korpuso spalva: Alpi\u0173 balta Priekio spalva: Alpi\u0173 balta Korpuso med\u017eiaga: laminuota plok\u0161t\u0117 Priekio med\u017eiaga: MDF Baldo tipas: Pakabinamas ant sienos \/ pastatomas, pastatomai versijai reik\u0117s \u201eCoast Evoke Oak\u201c kojeli\u0173 Rankenos: Integruota traukimo ranken\u0117l\u0117 Stal\u010di\u0173 skai\u010dius: 2 B\u0117geliai: \u0160velniai u\u017esidaro Vyriai: \u0160velniai u\u017esidaro \u201eComad\u201c praustuvo spintel\u0117 FIJI WHITE yra eleganti\u0161kas ir funkcionalus bet kurio modernaus vonios kambario elementas. 120 cm plo\u010dio, 62 cm auk\u0161\u010dio ir 45,8 cm gylio, ji si\u016blo daug vietos daiktams susid\u0117ti ir gali pasigirti stilinga Alpi\u0173 baltos spalvos apdaila. Spintel\u0117s korpusas pagamintas i\u0161 patvarios laminuotos plok\u0161t\u0117s, o fasadai \u2013 i\u0161 patvarios MDF plok\u0161t\u0117s, u\u017etikrinan\u010dios ilgaam\u017ei\u0161kum\u0105 ir atsparum\u0105 dr\u0117gmei. Sieninio arba laisvai pastatomo montavimo galimyb\u0117 suteikia lankstumo interjero dizainui. Jei pasirinksite laisvai pastatom\u0105 variant\u0105, jums reik\u0117s papildom\u0173 kojeli\u0173 i\u0161 \u201eCoast Evoke Oak\u201c. Spintel\u0117 turi du erdvius stal\u010dius su \u0161velnaus u\u017edarymo funkcija, kuri padidina komfort\u0105 ir pa\u0161alina triuk\u0161m\u0105. Integruotos rankenos suteikia estetinio patrauklumo ir palengvina kasdien\u012f naudojim\u0105. FIJI WHITE praustuvo spintel\u0117 yra puikus sprendimas tiems, kurie vertina modern\u0173 dizain\u0105, funkcionalum\u0105 ir auk\u0161t\u0105 meistri\u0161kumo kokyb\u0119. Investuokite \u012f j\u0105, kad j\u016bs\u0173 vonios kambarys b\u016bt\u0173 dar stilingesnis ir prakti\u0161kesnis.<\/p>","protected":false},"excerpt":{"rendered":"<p>Plotis (cm): 120<br \/>\n\u016agis (cm): 62<br \/>\nGylis (cm): 45,8<\/p>","protected":false},"featured_media":243965,"comment_status":"open","ping_status":"open","template":"","meta":[],"product_brand":[],"product_cat":[9117,2015,9187],"product_tag":[],"class_list":{"0":"post-243964","1":"product","2":"type-product","3":"status-publish","4":"has-post-thumbnail","6":"product_cat-bathroom","7":"product_cat-comad","8":"product_cat-washbasin-cabinet-comad","10":"first","11":"instock","12":"purchasable","13":"product-type-simple"},"_links":{"self":[{"href":"https:\/\/baldumarket.lt\/lt\/wp-json\/wp\/v2\/product\/243964","targetHints":{"allow":["GET"]}}],"collection":[{"href":"https:\/\/baldumarket.lt\/lt\/wp-json\/wp\/v2\/product"}],"about":[{"href":"https:\/\/baldumarket.lt\/lt\/wp-json\/wp\/v2\/types\/product"}],"replies":[{"embeddable":true,"href":"https:\/\/baldumarket.lt\/lt\/wp-json\/wp\/v2\/comments?post=243964"}],"wp:featuredmedia":[{"embeddable":true,"href":"https:\/\/baldumarket.lt\/lt\/wp-json\/wp\/v2\/media\/243965"}],"wp:attachment":[{"href":"https:\/\/baldumarket.lt\/lt\/wp-json\/wp\/v2\/media?parent=243964"}],"wp:term":[{"taxonomy":"product_brand","embeddable":true,"href":"https:\/\/baldumarket.lt\/lt\/wp-json\/wp\/v2\/product_brand?post=243964"},{"taxonomy":"product_cat","embeddable":true,"href":"https:\/\/baldumarket.lt\/lt\/wp-json\/wp\/v2\/product_cat?post=243964"},{"taxonomy":"product_tag","embeddable":true,"href":"https:\/\/baldumarket.lt\/lt\/wp-json\/wp\/v2\/product_tag?post=243964"}],"curies":[{"name":"wp","href":"https:\/\/api.w.org\/{rel}","templated":true}]}}