{"id":243925,"date":"2026-01-02T23:01:09","date_gmt":"2026-01-02T20:01:09","guid":{"rendered":"https:\/\/baldumarket.lt\/product\/szafka-pod-umywalke-100-cm-fiji-white\/"},"modified":"2026-02-11T18:33:37","modified_gmt":"2026-02-11T15:33:37","slug":"szafka-pod-umywalke-100-cm-fiji-white","status":"publish","type":"product","link":"https:\/\/baldumarket.lt\/lt\/product\/szafka-pod-umywalke-100-cm-fiji-white\/","title":{"rendered":"Praustuvo spintel\u0117 100 cm FIJI WHITE"},"content":{"rendered":"<p>FIJI WHITE 100 cm praustuvo spintel\u0117. \u201eComad\u201c FIJI WHITE praustuvo spintel\u0117 \u2013 eleganti\u0161kas pasirinkimas bet kokiam vonios kambariui. Baltos laminuotos plok\u0161t\u0117s ir MDF fasadai suteikia jai modern\u0173 vaizd\u0105, o du \u0161velniai u\u017esidarantys stal\u010diai u\u017etikrina patogum\u0105 ir funkcionalum\u0105. Puikiai tinka montuoti ant sienos. Matmenys: Plotis (cm): 100 Gylis (cm): 45,8 Auk\u0161tis (cm): 62 Techniniai duomenys: Korpuso spalva: Alpi\u0173 balta Priekin\u0117s dalies spalva: Alpi\u0173 balta Korpuso med\u017eiaga: laminuota plok\u0161t\u0117 Priekin\u0117s dalies med\u017eiaga: MDF Baldo tipas: Pakabinamas ant sienos \/ pastatomas, pastatomai versijai reik\u0117s \u201eCoast Evoke Oak\u201c kojeli\u0173 Rankenos: Integruota traukimo ranken\u0117l\u0117 Stal\u010di\u0173 skai\u010dius: 2 B\u0117geliai: \u0160velniai u\u017esidarantys Vyriai: \u0160velniai u\u017esidarantys \u201eComad\u201c FIJI WHITE praustuvo spintel\u0117 \u2013 puikus sprendimas tiems, kurie vertina elegancij\u0105 ir modernum\u0105. Pagaminta i\u0161 baltos laminuotos plok\u0161t\u0117s ir MDF, ji puikiai tinka bet kokiam vonios kambariui, suteikdama jam minimalistin\u0119, ta\u010diau eleganti\u0161k\u0105 i\u0161vaizd\u0105. Alpi\u0173 balta spalva suteikia spintelei i\u0161skirtinai \u0161varios ir erdvios i\u0161vaizdos, o tai ypa\u010d svarbu interjero dizaine. \u0160ios spintel\u0117s funkcionalumas per\u017eengia estetikos ribas. Galima rinktis pakabinam\u0105 arba laisvai pastatom\u0105 variant\u0105, tod\u0117l j\u012f galima lengvai pritaikyti individualiems poreikiams ir erdv\u0117s reikalavimams. Laisvai pastatomoje versijoje \u201eCoast Evoke\u201c \u0105\u017euolin\u0117s kojel\u0117s suteikia interjerui i\u0161skirtinio charakterio ir nat\u016bralaus \u0161ilumos, dar labiau pabr\u0117\u017edamos jo universalum\u0105. Prakti\u0161kumas taip pat kyla i\u0161 sumanaus interjero dizaino. Du erdv\u016bs stal\u010diai su \u0161velnaus u\u017edarymo sistema leid\u017eia ne tik lengvai, bet ir patogiai pasiekti laikomus daiktus. Tai puikus pasirinkimas tiems, kurie nori, kad visi b\u016btini vonios kambario aksesuarai b\u016bt\u0173 lengvai pasiekiami, tuo pa\u010diu i\u0161laikant tvarking\u0105 i\u0161vaizd\u0105. FIJI WHITE praustuvo spintel\u0117 taip pat yra funkcionalus sprendimas \u0161eimoms. Integruotos traukimo ranken\u0117l\u0117s u\u017etikrina patog\u0173 naudojim\u0105 ir suteikia spintelei modernumo. Auk\u0161tos kokyb\u0117s apdaila ir med\u017eiagos, pasi\u017eymin\u010dios puikiais techniniais parametrais, garantuoja patvarum\u0105 ir atsparum\u0105 dr\u0117gmei. FIJI WHITE spintel\u0117s \u012frengimas j\u016bs\u0173 vonios kambaryje yra \u017eingsnis link modernios elegancijos ir prakti\u0161kumo. D\u0117l unikali\u0173 savybi\u0173 ir d\u0117mesio detal\u0117ms ji tampa ne tik funkciniu, bet ir estetiniu elementu, raginan\u010diu kasdieniame gyvenime suteikti harmonijos ir komforto. Rinkit\u0117s FIJI WHITE ir m\u0117gaukit\u0117s i\u0161skirtiniu dizainu savo vonios kambaryje.<\/p>","protected":false},"excerpt":{"rendered":"<p>Plotis (cm): 100<br \/>\n\u016agis (cm): 62<br \/>\nGylis (cm): 45,8<\/p>","protected":false},"featured_media":243591,"comment_status":"open","ping_status":"open","template":"","meta":[],"product_brand":[],"product_cat":[9117,2015,9187],"product_tag":[],"class_list":{"0":"post-243925","1":"product","2":"type-product","3":"status-publish","4":"has-post-thumbnail","6":"product_cat-bathroom","7":"product_cat-comad","8":"product_cat-washbasin-cabinet-comad","10":"first","11":"instock","12":"purchasable","13":"product-type-simple"},"_links":{"self":[{"href":"https:\/\/baldumarket.lt\/lt\/wp-json\/wp\/v2\/product\/243925","targetHints":{"allow":["GET"]}}],"collection":[{"href":"https:\/\/baldumarket.lt\/lt\/wp-json\/wp\/v2\/product"}],"about":[{"href":"https:\/\/baldumarket.lt\/lt\/wp-json\/wp\/v2\/types\/product"}],"replies":[{"embeddable":true,"href":"https:\/\/baldumarket.lt\/lt\/wp-json\/wp\/v2\/comments?post=243925"}],"wp:featuredmedia":[{"embeddable":true,"href":"https:\/\/baldumarket.lt\/lt\/wp-json\/wp\/v2\/media\/243591"}],"wp:attachment":[{"href":"https:\/\/baldumarket.lt\/lt\/wp-json\/wp\/v2\/media?parent=243925"}],"wp:term":[{"taxonomy":"product_brand","embeddable":true,"href":"https:\/\/baldumarket.lt\/lt\/wp-json\/wp\/v2\/product_brand?post=243925"},{"taxonomy":"product_cat","embeddable":true,"href":"https:\/\/baldumarket.lt\/lt\/wp-json\/wp\/v2\/product_cat?post=243925"},{"taxonomy":"product_tag","embeddable":true,"href":"https:\/\/baldumarket.lt\/lt\/wp-json\/wp\/v2\/product_tag?post=243925"}],"curies":[{"name":"wp","href":"https:\/\/api.w.org\/{rel}","templated":true}]}}