{"id":243911,"date":"2026-01-02T23:01:03","date_gmt":"2026-01-02T20:01:03","guid":{"rendered":"https:\/\/baldumarket.lt\/product\/szafka-pod-blat-z-koszem-na-pranie-40-cm-dab-coast-evoke\/"},"modified":"2026-04-25T23:24:54","modified_gmt":"2026-04-25T20:24:54","slug":"szafka-pod-blat-z-koszem-na-pranie-40-cm-dab-coast-evoke","status":"publish","type":"product","link":"https:\/\/baldumarket.lt\/lt\/product\/szafka-pod-blat-z-koszem-na-pranie-40-cm-dab-coast-evoke\/","title":{"rendered":"\u201eCoast Evoke\u201c \u0105\u017euolin\u0117 spintel\u0117 po stalvir\u0161iu su skalbini\u0173 krep\u0161iu, 40 cm"},"content":{"rendered":"<p>Po stalvir\u0161iu montuojama spintel\u0117 su skalbini\u0173 krep\u0161iu 40 cm Coast Oak EvokePo stalvir\u0161iu montuojama spintel\u0117 su skalbini\u0173 krep\u0161iu i\u0161 \u201eNova Oak\u201c kolekcijos \u2013 tai funkcionalumo ir modernaus dizaino derinys. \u201eCoast Evoke\u201c \u0105\u017euolo dekoras suteikia jai \u0161ilt\u0105, nat\u016bral\u0173 charakter\u012f, o chromuotos rankenos pabr\u0117\u017eia eleganti\u0161k\u0105 stili\u0173. Matmenys: Plotis (cm): 40 Gylis (cm): 57 Auk\u0161tis (cm): 39 Svoris (kg): 11 Techniniai duomenys: Korpuso med\u017eiaga: Laminuota plok\u0161t\u0117 Korpuso spalva: \u201eCoast Evoke Oak\u201c Priekio med\u017eiaga: Laminuota plok\u0161t\u0117 Priekio spalva: \u201eCoast Evoke Oak\u201c Priekio konstrukcija: Lygi Rankenos: Su briaunomis Vyriai: \u0160velniai u\u017esidaro Rankenos med\u017eiaga: Aliuminis Rankenos spalva: Blizgus chromas Dur\u0173 kiekis: 1 Reikalingas surinkimas: Taip Tvirtinimo kai\u0161\u010diai pridedami: Taip Tvirtinimo pakuot\u0117 \u012ftraukta: Taip Montavimo viduje b\u016bdas: Tvirtinimui prie sienos Atraskite tobul\u0105 stiliaus ir funkcionalumo harmonij\u0105 su po stalvir\u0161iu montuojama spintele i\u0161 \u201eNova Oak\u201c kolekcijos. D\u0117l eleganti\u0161kos \u201eCoast Evoke\u201c \u0105\u017euolo apdailos j\u016bs\u0173 vonios kambario interjeras \u012fgaus \u0161ilt\u0105 ir nat\u016bral\u0173 atspalv\u012f. Minimalistiniai fasadai ir chromuotos ranken\u0117l\u0117s suteikia modernumo, sukurdamos darni\u0105 ir eleganti\u0161k\u0105 erdv\u0119. Spintel\u0117 sukurta atsi\u017evelgiant \u012f maksimal\u0173 naudojimo patogum\u0105. 39 litr\u0173 talpos skalbini\u0173 krep\u0161ys diskreti\u0161kai paslepia kasdienius skalbinius ir padeda palaikyti tvark\u0105. \u0160velnaus u\u017edarymo dureli\u0173 sistema u\u017etikrina komfort\u0105, pa\u0161alindama nereikaling\u0105 triuk\u0161m\u0105. \u0160is sprendimas leid\u017eia naudotis spintele itin maloniai ir be r\u016bpes\u010di\u0173. Spintel\u0117 pagaminta i\u0161 auk\u0161tos kokyb\u0117s laminuotos plok\u0161t\u0117s, yra patvari ir atspari dr\u0117gmei, tod\u0117l idealiai tinka vonios kambariui. Ergonomi\u0161kas 40 cm gylis leid\u017eia j\u0105 puikiai pritaikyti net ir ma\u017eesniuose interjeruose, kartu u\u017etikrinant daug vietos daiktams susid\u0117ti. Tikslus meistri\u0161kumas ir d\u0117mesys detal\u0117ms yra \u201eComad\u201c vonios bald\u0173 skiriamieji bruo\u017eai. 2 met\u0173 garantija patvirtina j\u0173 patvarum\u0105, o paprastas surinkimas leid\u017eia greitai ir be vargo pastatyti baldus bet kurioje vietoje. Rinkit\u0117s \u201eNova Oak\u201c po stalvir\u0161iu montuojam\u0105 spintel\u0119 su skalbini\u0173 krep\u0161iu ir m\u0117gaukit\u0117s vonios kambariu, kuris daugel\u012f met\u0173 derina stili\u0173, funkcionalum\u0105 ir patikimum\u0105!<\/p>","protected":false},"excerpt":{"rendered":"<p>Plotis (cm): 40<br \/>\n\u016agis (cm): 39<br \/>\nGylis (cm): 57<\/p>","protected":false},"featured_media":243912,"comment_status":"open","ping_status":"open","template":"","meta":[],"product_brand":[],"product_cat":[9117,2015,9187],"product_tag":[],"class_list":{"0":"post-243911","1":"product","2":"type-product","3":"status-publish","4":"has-post-thumbnail","6":"product_cat-bathroom","7":"product_cat-comad","8":"product_cat-washbasin-cabinet-comad","10":"first","11":"instock","12":"purchasable","13":"product-type-simple"},"_links":{"self":[{"href":"https:\/\/baldumarket.lt\/lt\/wp-json\/wp\/v2\/product\/243911","targetHints":{"allow":["GET"]}}],"collection":[{"href":"https:\/\/baldumarket.lt\/lt\/wp-json\/wp\/v2\/product"}],"about":[{"href":"https:\/\/baldumarket.lt\/lt\/wp-json\/wp\/v2\/types\/product"}],"replies":[{"embeddable":true,"href":"https:\/\/baldumarket.lt\/lt\/wp-json\/wp\/v2\/comments?post=243911"}],"wp:featuredmedia":[{"embeddable":true,"href":"https:\/\/baldumarket.lt\/lt\/wp-json\/wp\/v2\/media\/243912"}],"wp:attachment":[{"href":"https:\/\/baldumarket.lt\/lt\/wp-json\/wp\/v2\/media?parent=243911"}],"wp:term":[{"taxonomy":"product_brand","embeddable":true,"href":"https:\/\/baldumarket.lt\/lt\/wp-json\/wp\/v2\/product_brand?post=243911"},{"taxonomy":"product_cat","embeddable":true,"href":"https:\/\/baldumarket.lt\/lt\/wp-json\/wp\/v2\/product_cat?post=243911"},{"taxonomy":"product_tag","embeddable":true,"href":"https:\/\/baldumarket.lt\/lt\/wp-json\/wp\/v2\/product_tag?post=243911"}],"curies":[{"name":"wp","href":"https:\/\/api.w.org\/{rel}","templated":true}]}}