{"id":243903,"date":"2026-01-02T23:00:58","date_gmt":"2026-01-02T20:00:58","guid":{"rendered":"https:\/\/baldumarket.lt\/product\/szafka-pod-blat-40-cm-luxor-beige\/"},"modified":"2026-02-11T18:33:37","modified_gmt":"2026-02-11T15:33:37","slug":"szafka-pod-blat-40-cm-luxor-beige","status":"publish","type":"product","link":"https:\/\/baldumarket.lt\/lt\/product\/szafka-pod-blat-40-cm-luxor-beige\/","title":{"rendered":"Stalvir\u0161io spintel\u0117, 40 cm, \u201eLuxor\u201c sm\u0117lio spalvos"},"content":{"rendered":"<p>\u201eLuxor Beige\u201c spintel\u0117 po stalvir\u0161iu, 40 cm. \u201eLuxor\u201c spintel\u0117 po stalvir\u0161iu, sm\u0117lio ir alyvuoto \u0105\u017euolo spalvos, yra eleganti\u0161kas bet kokio interjero papildymas. Pagaminta i\u0161 laminuotos plok\u0161t\u0117s ir MDF, turi stiklin\u0119 lentyn\u0105 ir \u0161velnaus u\u017edarymo mechanizm\u0105. Frezuotos rankenos ir metaliniai vyriai pabr\u0117\u017eia auk\u0161t\u0105 kokyb\u0119. Matmenys: Plotis (cm): 40 Gylis (cm): 46 Auk\u0161tis (cm): 57 Techniniai duomenys: Spalva: Alyvuotas \u0105\u017euolas, sm\u0117lio spalvos Med\u017eiaga: LAMINUOTA PLOk\u0161t\u0117 \/ MDF Priekin\u0117s dalys: MDF Priekin\u0117s dalies spalva: Sm\u0117lio spalvos Korpusas: Laminuota plok\u0161t\u0117 Korpuso spalva: Alyvuotas \u0105\u017euolas Lentynos: Stiklas Lentyn\u0173 skai\u010dius: 1 Dureli\u0173 skai\u010dius: 1 Vyriai: Metaliniai, \u0161velnaus u\u017edarymo Rankenos: Frezuoti priekyje Surinkimo b\u016bdas: Savaranki\u0161kas surinkimas \u201eComad\u201c \u201eLuxor Beige\u201c spintel\u0117 po stalvir\u0161iu yra puikus sprendimas tiems, kurie vertina elegancij\u0105 ir funkcionalum\u0105 viename. D\u0117l nesenstan\u010dio dizaino ir subtili\u0173 spalv\u0173 \u0161is modelis puikiai der\u0117s prie bet kokio interjero, suteikdamas unikal\u0173 charakter\u012f. Sm\u0117lio spalvos MDF fasadai ir alyvuotas \u0105\u017euolo korpusas sukuria harmoning\u0105 visum\u0105, tod\u0117l \u0161i spintel\u0117 puikiai tinka tiek virtuvei, tiek vonios kambariui.<\/p>\n<p>Vienas i\u0161 \u201eLuxor Beige\u201c spintel\u0117s privalum\u0173 yra jos prakti\u0161kumas kasdieniame naudojime. Kompakti\u0161ki matmenys leid\u017eia jai tilpti net ma\u017eose erdv\u0117se ir kartu u\u017etikrinti daug vietos daiktams susid\u0117ti. Stiklin\u0117 lentyna suteikia elegancijos ir leid\u017eia lengvai sutvarkyti spintel\u0117s vid\u0173. Tai ne tik suteikia papildomos vietos daiktams susid\u0117ti, bet ir suteikia tvarkos bei tvarkingumo j\u016bs\u0173 interjerui.<\/p>\n<p>Eleganti\u0161k\u0105 spintel\u0117s i\u0161vaizd\u0105 pabr\u0117\u017eia modernios, priekin\u0117je dalyje \u012ffrezuotos ranken\u0117l\u0117s, suteikian\u010dios jai minimalistin\u0119, ta\u010diau \u012fsp\u016bding\u0105 i\u0161vaizd\u0105. Metaliniai vyriai su \u0161velnaus u\u017edarymo mechanizmu dar labiau padidina jos funkcionalum\u0105, u\u017etikrindami komfort\u0105 ir patogum\u0105 kasdien naudojantis. Auk\u0161tos kokyb\u0117s gamyba ir d\u0117mesys detal\u0117ms u\u017etikrina, kad \u201eLuxor Beige\u201c spintel\u0117 tarnaus daugel\u012f met\u0173, i\u0161laikydama nepakitusi\u0105 i\u0161vaizd\u0105.<\/p>\n<p>Taip pat verta pamin\u0117ti lengv\u0105 surinkim\u0105, kur\u012f galite atlikti patys, nereikalaujant profesionalios pagalbos. \u201eLuxor Beige\u201c spintel\u0117 \u2013 tai puikus estetikos ir funkcionalumo derinys, patenkinsiantis net ir reikliausius vartotojus. Investuokite \u012f \u0161i\u0105 eleganti\u0161k\u0105 ir prakti\u0161k\u0105 spintel\u0119, kad suteiktum\u0117te savo interjerui gaiv\u0173, nauj\u0105 vaizd\u0105, kuris d\u017eiugins visus.<\/p>","protected":false},"excerpt":{"rendered":"<p>Plotis (cm): 40<br \/>\n\u016agis (cm): 57<br \/>\nGylis (cm): 46<\/p>","protected":false},"featured_media":243904,"comment_status":"open","ping_status":"open","template":"","meta":[],"product_brand":[],"product_cat":[9117,2015,9187],"product_tag":[],"class_list":{"0":"post-243903","1":"product","2":"type-product","3":"status-publish","4":"has-post-thumbnail","6":"product_cat-bathroom","7":"product_cat-comad","8":"product_cat-washbasin-cabinet-comad","10":"first","11":"instock","12":"purchasable","13":"product-type-simple"},"_links":{"self":[{"href":"https:\/\/baldumarket.lt\/lt\/wp-json\/wp\/v2\/product\/243903","targetHints":{"allow":["GET"]}}],"collection":[{"href":"https:\/\/baldumarket.lt\/lt\/wp-json\/wp\/v2\/product"}],"about":[{"href":"https:\/\/baldumarket.lt\/lt\/wp-json\/wp\/v2\/types\/product"}],"replies":[{"embeddable":true,"href":"https:\/\/baldumarket.lt\/lt\/wp-json\/wp\/v2\/comments?post=243903"}],"wp:featuredmedia":[{"embeddable":true,"href":"https:\/\/baldumarket.lt\/lt\/wp-json\/wp\/v2\/media\/243904"}],"wp:attachment":[{"href":"https:\/\/baldumarket.lt\/lt\/wp-json\/wp\/v2\/media?parent=243903"}],"wp:term":[{"taxonomy":"product_brand","embeddable":true,"href":"https:\/\/baldumarket.lt\/lt\/wp-json\/wp\/v2\/product_brand?post=243903"},{"taxonomy":"product_cat","embeddable":true,"href":"https:\/\/baldumarket.lt\/lt\/wp-json\/wp\/v2\/product_cat?post=243903"},{"taxonomy":"product_tag","embeddable":true,"href":"https:\/\/baldumarket.lt\/lt\/wp-json\/wp\/v2\/product_tag?post=243903"}],"curies":[{"name":"wp","href":"https:\/\/api.w.org\/{rel}","templated":true}]}}