{"id":243894,"date":"2026-01-02T23:00:55","date_gmt":"2026-01-02T20:00:55","guid":{"rendered":"https:\/\/baldumarket.lt\/product\/szafka-pod-blat-30-cm-luxor-beige\/"},"modified":"2026-02-11T18:33:38","modified_gmt":"2026-02-11T15:33:38","slug":"szafka-pod-blat-30-cm-luxor-beige","status":"publish","type":"product","link":"https:\/\/baldumarket.lt\/lt\/product\/szafka-pod-blat-30-cm-luxor-beige\/","title":{"rendered":"Stalvir\u0161io spintel\u0117, 30 cm, \u201eLuxor\u201c sm\u0117lio spalvos"},"content":{"rendered":"<p>\u201eLuxor Beige\u201c 30 cm stalvir\u0161io spintel\u0117. \u201eLuxor Beige\u201c stalvir\u0161io spintel\u0117 i\u0161 \u201eComad\u201c. Eleganti\u0161kas alyvuoto \u0105\u017euolo ir sm\u0117lio spalvos derinys. MDF fasadai su frezuotomis rankenomis ir \u0161velnaus u\u017edarymo mechanizmu. Idealiai tinka virtuvei, suteikia vietos daiktams susid\u0117ti su viena lentyna. Surenkama savaranki\u0161kai. Matmenys: Plotis (cm): 30 Gylis (cm): 46 Auk\u0161tis (cm): 57 Techniniai duomenys: Spalva: Alyvuotas \u0105\u017euolas, sm\u0117lio spalvos Med\u017eiaga: Laminuota plok\u0161t\u0117, MDF Fassadai: MDF Priekin\u0117s dalies spalva: Sm\u0117lio spalvos Korpusas: Laminuota plok\u0161t\u0117 Korpuso spalva: Alyvuotas \u0105\u017euolas Lentynos: Laminuota plok\u0161t\u0117 Lentyn\u0173 skai\u010dius: 1 Dur\u0173 skai\u010dius: 1 Vyriai: Metaliniai, \u0161velnaus u\u017edarymo Rankenos: Frezuotos priekyje Surinkimo b\u016bdas: Surenkama savaranki\u0161kai Pristatome unikali\u0105 30 cm \u201eLuxor Beige\u201c po stalvir\u0161iu statom\u0105 \u201eComad\u201c spintel\u0119, kurioje harmoningai derinamas elegancija ir funkcionalumas. Jos dizainas buvo sukurtas galvojant apie modern\u0173 interjer\u0105, suteikiant \u0161ilumos alyvuoto \u0105\u017euolo spalvos ir subtilios sm\u0117lio spalvos fasado d\u0117ka. Visas spintel\u0117 yra kruop\u0161\u010diai apdirbta, tod\u0117l \u0161i spintel\u0117 puikiai papildys j\u016bs\u0173 virtuv\u0119. D\u0117l gerai apgalvoto dizaino \u0161i spintel\u0117 puikiai tinka ma\u017eoms erdv\u0117ms ir si\u016blo prakti\u0161kus daikt\u0173 laikymo sprendimus. Viduje laminuotos lentos lentynos padeda palaikyti tvark\u0105 ir organizuotum\u0105. Frezuotos rankenos priekyje suteikia elegancijos ir palengvina kasdien\u012f naudojim\u0105.<\/p>\n<p>Pati spintel\u0117, pagaminta i\u0161 auk\u0161tos kokyb\u0117s med\u017eiag\u0173, pasi\u017eymi patvarumu ir atsparumu pa\u017eeidimams. Med\u017eiag\u0173 kokyb\u0117 ir tikslus meistri\u0161kumas u\u017etikrina, kad \u0161is baldas tarnaus ilgus metus, i\u0161laikydamas estetin\u012f patrauklum\u0105. Surinkimas paprastas ir lengvas, tod\u0117l spintel\u0119 galite greitai integruoti \u012f savo interjer\u0105.<\/p>\n<p>Jei ie\u0161kote bald\u0173, kurie derint\u0173 modern\u0173 stili\u0173 ir funkcionalum\u0105, \u201eLuxor Beige\u201c spalvos stalvir\u0161io spintel\u0117 yra puikus pasirinkimas. Universalus dizainas puikiai tiks tiek klasikin\u0117je, tiek modernioje virtuv\u0117je, suteikdamas j\u016bs\u0173 interjerui \u0161ilumos ir elegancijos. Rinkit\u0117s kokyb\u0119 ir stili\u0173, kurie pagerins j\u016bs\u0173 kasdienio gyvenimo komfort\u0105.<\/p>","protected":false},"excerpt":{"rendered":"<p>Plotis (cm): 30<br \/>\n\u016agis (cm): 57<br \/>\nGylis (cm): 46<\/p>","protected":false},"featured_media":243895,"comment_status":"open","ping_status":"open","template":"","meta":[],"product_brand":[],"product_cat":[9117,2015,9187],"product_tag":[],"class_list":{"0":"post-243894","1":"product","2":"type-product","3":"status-publish","4":"has-post-thumbnail","6":"product_cat-bathroom","7":"product_cat-comad","8":"product_cat-washbasin-cabinet-comad","10":"first","11":"instock","12":"purchasable","13":"product-type-simple"},"_links":{"self":[{"href":"https:\/\/baldumarket.lt\/lt\/wp-json\/wp\/v2\/product\/243894","targetHints":{"allow":["GET"]}}],"collection":[{"href":"https:\/\/baldumarket.lt\/lt\/wp-json\/wp\/v2\/product"}],"about":[{"href":"https:\/\/baldumarket.lt\/lt\/wp-json\/wp\/v2\/types\/product"}],"replies":[{"embeddable":true,"href":"https:\/\/baldumarket.lt\/lt\/wp-json\/wp\/v2\/comments?post=243894"}],"wp:featuredmedia":[{"embeddable":true,"href":"https:\/\/baldumarket.lt\/lt\/wp-json\/wp\/v2\/media\/243895"}],"wp:attachment":[{"href":"https:\/\/baldumarket.lt\/lt\/wp-json\/wp\/v2\/media?parent=243894"}],"wp:term":[{"taxonomy":"product_brand","embeddable":true,"href":"https:\/\/baldumarket.lt\/lt\/wp-json\/wp\/v2\/product_brand?post=243894"},{"taxonomy":"product_cat","embeddable":true,"href":"https:\/\/baldumarket.lt\/lt\/wp-json\/wp\/v2\/product_cat?post=243894"},{"taxonomy":"product_tag","embeddable":true,"href":"https:\/\/baldumarket.lt\/lt\/wp-json\/wp\/v2\/product_tag?post=243894"}],"curies":[{"name":"wp","href":"https:\/\/api.w.org\/{rel}","templated":true}]}}