{"id":243878,"date":"2026-01-02T23:00:50","date_gmt":"2026-01-02T20:00:50","guid":{"rendered":"https:\/\/baldumarket.lt\/product\/szafka-niska-z-koszem-capri-bialy-811\/"},"modified":"2026-02-11T18:33:38","modified_gmt":"2026-02-11T15:33:38","slug":"szafka-niska-z-koszem-capri-bialy-811","status":"publish","type":"product","link":"https:\/\/baldumarket.lt\/lt\/product\/szafka-niska-z-koszem-capri-bialy-811\/","title":{"rendered":"\u017dema spintel\u0117 su krep\u0161iu Capri white 811"},"content":{"rendered":"<p>CAPRI WHITE kolekcijos unikalumas pirmiausia kyla i\u0161 paprast\u0173, sant\u016bri\u0173 form\u0173 ir gra\u017eaus dekoro derinio, sukurian\u010dio harmoning\u0105 ir eleganti\u0161k\u0105 interjer\u0105. Balt\u0173 korpus\u0173 ir fasad\u0173 derinys kartu su \u0105\u017euolin\u0117mis spinteli\u0173 vidin\u0117mis dalimis suteikia kolekcijai unikal\u0173 charakter\u012f. Geometrin\u0119 bald\u0173 form\u0105 pabr\u0117\u017eia apvadais puo\u0161tos ranken\u0117l\u0117s. Kolekcijoje si\u016blomas platus form\u0173 pasirinkimas, \u012fskaitant funkcionali\u0105 spintel\u0119 su stalvir\u0161iu, suteikian\u010di\u0105 papildomos naudingos erdv\u0117s. Komfort\u0105 didina \u0161velniai u\u017esidaran\u010dios stal\u010di\u0173 b\u0117gel\u0117s ir vyriai, u\u017etikrinantys tyl\u0173 ir \u0161veln\u0173 u\u017edarym\u0105. Modernus \u0161ios kolekcijos akcentas \u2013 galimyb\u0117 ap\u0161viesti stal\u010dius praustuv\u0173 spintel\u0117se.<\/p>","protected":false},"excerpt":{"rendered":"<p>Plotis (cm): 35<br \/>\n\u016agis (cm): 80<br \/>\nGylis (cm): 35<\/p>","protected":false},"featured_media":243879,"comment_status":"open","ping_status":"open","template":"","meta":[],"product_brand":[],"product_cat":[9117,2015,9187],"product_tag":[],"class_list":{"0":"post-243878","1":"product","2":"type-product","3":"status-publish","4":"has-post-thumbnail","6":"product_cat-bathroom","7":"product_cat-comad","8":"product_cat-washbasin-cabinet-comad","10":"first","11":"instock","12":"purchasable","13":"product-type-simple"},"_links":{"self":[{"href":"https:\/\/baldumarket.lt\/lt\/wp-json\/wp\/v2\/product\/243878","targetHints":{"allow":["GET"]}}],"collection":[{"href":"https:\/\/baldumarket.lt\/lt\/wp-json\/wp\/v2\/product"}],"about":[{"href":"https:\/\/baldumarket.lt\/lt\/wp-json\/wp\/v2\/types\/product"}],"replies":[{"embeddable":true,"href":"https:\/\/baldumarket.lt\/lt\/wp-json\/wp\/v2\/comments?post=243878"}],"wp:featuredmedia":[{"embeddable":true,"href":"https:\/\/baldumarket.lt\/lt\/wp-json\/wp\/v2\/media\/243879"}],"wp:attachment":[{"href":"https:\/\/baldumarket.lt\/lt\/wp-json\/wp\/v2\/media?parent=243878"}],"wp:term":[{"taxonomy":"product_brand","embeddable":true,"href":"https:\/\/baldumarket.lt\/lt\/wp-json\/wp\/v2\/product_brand?post=243878"},{"taxonomy":"product_cat","embeddable":true,"href":"https:\/\/baldumarket.lt\/lt\/wp-json\/wp\/v2\/product_cat?post=243878"},{"taxonomy":"product_tag","embeddable":true,"href":"https:\/\/baldumarket.lt\/lt\/wp-json\/wp\/v2\/product_tag?post=243878"}],"curies":[{"name":"wp","href":"https:\/\/api.w.org\/{rel}","templated":true}]}}