{"id":243827,"date":"2026-01-02T23:00:29","date_gmt":"2026-01-02T20:00:29","guid":{"rendered":"https:\/\/baldumarket.lt\/product\/szafka-iconic-white-82-80-d-1s-z-umywalka-smile-i-blatem\/"},"modified":"2026-02-11T18:33:38","modified_gmt":"2026-02-11T15:33:38","slug":"szafka-iconic-white-82-80-d-1s-z-umywalka-smile-i-blatem","status":"publish","type":"product","link":"https:\/\/baldumarket.lt\/lt\/product\/szafka-iconic-white-82-80-d-1s-z-umywalka-smile-i-blatem\/","title":{"rendered":"ICONIC WHITE 82-80-D-1S spintel\u0117 su praustuvu \u201eSmile\u201c ir stalvir\u0161iu"},"content":{"rendered":"","protected":false},"excerpt":{"rendered":"<p>Modernus keraminis stalvir\u0161inis kriaukl\u0117 Smile 1 (42 | 42 | 14) SANTA FE \u0104\u017dUOLAS 89-80-A Stalvir\u0161is 80 cm ICONIC WHITE 82-80-D-1S Spintel\u0117 praustuvui (80 | 45 | 46)<\/p>","protected":false},"featured_media":243828,"comment_status":"open","ping_status":"open","template":"","meta":[],"product_brand":[],"product_cat":[9117,2015,9186],"product_tag":[],"class_list":{"0":"post-243827","1":"product","2":"type-product","3":"status-publish","4":"has-post-thumbnail","6":"product_cat-bathroom","7":"product_cat-comad","8":"product_cat-szafka-z-umywalka-comad","10":"first","11":"instock","12":"purchasable","13":"product-type-simple"},"_links":{"self":[{"href":"https:\/\/baldumarket.lt\/lt\/wp-json\/wp\/v2\/product\/243827","targetHints":{"allow":["GET"]}}],"collection":[{"href":"https:\/\/baldumarket.lt\/lt\/wp-json\/wp\/v2\/product"}],"about":[{"href":"https:\/\/baldumarket.lt\/lt\/wp-json\/wp\/v2\/types\/product"}],"replies":[{"embeddable":true,"href":"https:\/\/baldumarket.lt\/lt\/wp-json\/wp\/v2\/comments?post=243827"}],"wp:featuredmedia":[{"embeddable":true,"href":"https:\/\/baldumarket.lt\/lt\/wp-json\/wp\/v2\/media\/243828"}],"wp:attachment":[{"href":"https:\/\/baldumarket.lt\/lt\/wp-json\/wp\/v2\/media?parent=243827"}],"wp:term":[{"taxonomy":"product_brand","embeddable":true,"href":"https:\/\/baldumarket.lt\/lt\/wp-json\/wp\/v2\/product_brand?post=243827"},{"taxonomy":"product_cat","embeddable":true,"href":"https:\/\/baldumarket.lt\/lt\/wp-json\/wp\/v2\/product_cat?post=243827"},{"taxonomy":"product_tag","embeddable":true,"href":"https:\/\/baldumarket.lt\/lt\/wp-json\/wp\/v2\/product_tag?post=243827"}],"curies":[{"name":"wp","href":"https:\/\/api.w.org\/{rel}","templated":true}]}}