{"id":243819,"date":"2026-01-02T23:00:27","date_gmt":"2026-01-02T20:00:27","guid":{"rendered":"https:\/\/baldumarket.lt\/product\/szafka-iconic-white-82-80-d-1s-z-umywalka-sky\/"},"modified":"2026-02-11T18:33:39","modified_gmt":"2026-02-11T15:33:39","slug":"szafka-iconic-white-82-80-d-1s-z-umywalka-sky","status":"publish","type":"product","link":"https:\/\/baldumarket.lt\/lt\/product\/szafka-iconic-white-82-80-d-1s-z-umywalka-sky\/","title":{"rendered":"ICONIC WHITE 82-80-D-1S spintel\u0117 su Sky praustuvu"},"content":{"rendered":"","protected":false},"excerpt":{"rendered":"<p>SKY 80-8099 Bald\u0173 tipo praustuvas 81 x 46 cm (81 | 46 | 17) ICONIC WHITE 82-80-D-1S Spintel\u0117 praustuvui (80 | 45 | 46)<\/p>","protected":false},"featured_media":243820,"comment_status":"open","ping_status":"open","template":"","meta":[],"product_brand":[],"product_cat":[9117,2015,9186],"product_tag":[],"class_list":{"0":"post-243819","1":"product","2":"type-product","3":"status-publish","4":"has-post-thumbnail","6":"product_cat-bathroom","7":"product_cat-comad","8":"product_cat-szafka-z-umywalka-comad","10":"first","11":"instock","12":"purchasable","13":"product-type-simple"},"_links":{"self":[{"href":"https:\/\/baldumarket.lt\/lt\/wp-json\/wp\/v2\/product\/243819","targetHints":{"allow":["GET"]}}],"collection":[{"href":"https:\/\/baldumarket.lt\/lt\/wp-json\/wp\/v2\/product"}],"about":[{"href":"https:\/\/baldumarket.lt\/lt\/wp-json\/wp\/v2\/types\/product"}],"replies":[{"embeddable":true,"href":"https:\/\/baldumarket.lt\/lt\/wp-json\/wp\/v2\/comments?post=243819"}],"wp:featuredmedia":[{"embeddable":true,"href":"https:\/\/baldumarket.lt\/lt\/wp-json\/wp\/v2\/media\/243820"}],"wp:attachment":[{"href":"https:\/\/baldumarket.lt\/lt\/wp-json\/wp\/v2\/media?parent=243819"}],"wp:term":[{"taxonomy":"product_brand","embeddable":true,"href":"https:\/\/baldumarket.lt\/lt\/wp-json\/wp\/v2\/product_brand?post=243819"},{"taxonomy":"product_cat","embeddable":true,"href":"https:\/\/baldumarket.lt\/lt\/wp-json\/wp\/v2\/product_cat?post=243819"},{"taxonomy":"product_tag","embeddable":true,"href":"https:\/\/baldumarket.lt\/lt\/wp-json\/wp\/v2\/product_tag?post=243819"}],"curies":[{"name":"wp","href":"https:\/\/api.w.org\/{rel}","templated":true}]}}