{"id":243775,"date":"2026-01-02T23:00:06","date_gmt":"2026-01-02T20:00:06","guid":{"rendered":"https:\/\/baldumarket.lt\/product\/szafka-gorna-35-cm-luxor-beige\/"},"modified":"2026-02-11T18:33:39","modified_gmt":"2026-02-11T15:33:39","slug":"szafka-gorna-35-cm-luxor-beige","status":"publish","type":"product","link":"https:\/\/baldumarket.lt\/lt\/product\/szafka-gorna-35-cm-luxor-beige\/","title":{"rendered":"Vir\u0161utin\u0117 spintel\u0117 35 cm Luxor Beige"},"content":{"rendered":"<p>\u201eLuxor Beige\u201c vir\u0161utin\u0117 spintel\u0117, 35 cm. \u201eComad Luxor Beige\u201c vir\u0161utin\u0117 spintel\u0117 spinduliuoja elegancija kiekvienoje detal\u0117je. \u0160iltos sm\u0117lio spalvos MDF fasadai ir alyvuoto \u0105\u017euolo spalvos laminuotos plok\u0161t\u0117s korpusas. Lentyna ir \u0161velniai u\u017esidaran\u010dios durys garantuoja funkcionalum\u0105. Puikiai tinka modernioms virtuv\u0117ms. Matmenys: Plotis (cm): 35 Gylis (cm): 17 Auk\u0161tis (cm): 75 Techniniai duomenys: Spalva: Alyvuotas \u0105\u017euolas, sm\u0117lio spalvos; Med\u017eiaga: LAMINUOTA LENTA \/ MDF; Fasadai: MDF; Priekin\u0117s dalies spalva: Sm\u0117lio spalvos; Korpusas: Laminuota plok\u0161t\u0117; Korpuso spalva: Alyvuotas \u0105\u017euolas; Lentynos: Laminuota plok\u0161t\u0117; Lentyn\u0173 skai\u010dius: 1; Dur\u0173 skai\u010dius: 1; Vyriai: \u0160velniai u\u017esidaro; Rankenos: Frezuotos priekyje; Dur\u0173 tvirtinimo kryptis: De\u0161in\u0117 \/ Kair\u0117; Surinkimo b\u016bdas: Savaranki\u0161kas surinkimas. Suteikite savo virtuvei elegancijos ir modernumo su \u201eComad Luxor Beige\u201c vir\u0161utine spintele. \u0160i stilinga 35 cm plo\u010dio spintel\u0117 puikiai dera prie \u012fvairi\u0173 spalv\u0173 interjero d\u0117l savo prislopint\u0173 sm\u0117lio spalvos fasad\u0173 ir alyvuoto \u0105\u017euolo korpuso. Subtiliai frezuotos ranken\u0117l\u0117s priekyje suteikia jai unikal\u0173 charakter\u012f, kuris patraukia ak\u012f i\u0161 pirmo \u017evilgsnio. \u0160ios spintel\u0117s gerai apgalvotas dizainas daro j\u0105 ne tik gra\u017ei\u0105, bet ir ne\u012ftik\u0117tinai funkcionali\u0105. Viena erdvi lentyna viduje leid\u017eia patogiai laikyti \u012fvairius virtuv\u0117s reikmenis \u2013 nuo l\u0117k\u0161\u010di\u0173 iki prieskoni\u0173. Tinkami matmenys ir kompakti\u0161kas dydis leid\u017eia puikiai tinka net ir ma\u017eesn\u0117ms virtuv\u0117ms, maksimaliai i\u0161naudojant erdv\u0119. \u012evair\u016bs tvirtinimo variantai, \u012fskaitant galimyb\u0119 atidaryti dureles \u012f de\u0161in\u0119 arba \u012f kair\u0119, suteikia lankstumo prisitaikyti prie individuali\u0173 poreiki\u0173. \u0160velniai u\u017esidarantys vyriai u\u017etikrina, kad spintele naudotis b\u016bt\u0173 ne tik malonu, bet ir tylu, o tai ypa\u010d svarbu namuose su atviro plano virtuv\u0117mis. Laminuotos plok\u0161t\u0117s korpusas ir MDF fasadai garantuoja patvarum\u0105 ir lengv\u0105 valym\u0105, tod\u0117l \u201eLuxor Beige\u201c spintel\u0117 tarnaus jums daugel\u012f met\u0173. Investuodami \u012f \u0161i\u0105 spintel\u0119, renkat\u0117s auk\u0161t\u0105 kokyb\u0119 ir eleganti\u0161k\u0105 dizain\u0105, kuris suteiks j\u016bs\u0173 virtuvei unikalaus \u017eavesio.<\/p>","protected":false},"excerpt":{"rendered":"<p>Plotis (cm): 35<br \/>\n\u016agis (cm): 75<br \/>\nGylis (cm): 17<\/p>","protected":false},"featured_media":243776,"comment_status":"open","ping_status":"open","template":"","meta":[],"product_brand":[],"product_cat":[9117,2015,9187],"product_tag":[],"class_list":{"0":"post-243775","1":"product","2":"type-product","3":"status-publish","4":"has-post-thumbnail","6":"product_cat-bathroom","7":"product_cat-comad","8":"product_cat-washbasin-cabinet-comad","10":"first","11":"instock","12":"purchasable","13":"product-type-simple"},"_links":{"self":[{"href":"https:\/\/baldumarket.lt\/lt\/wp-json\/wp\/v2\/product\/243775","targetHints":{"allow":["GET"]}}],"collection":[{"href":"https:\/\/baldumarket.lt\/lt\/wp-json\/wp\/v2\/product"}],"about":[{"href":"https:\/\/baldumarket.lt\/lt\/wp-json\/wp\/v2\/types\/product"}],"replies":[{"embeddable":true,"href":"https:\/\/baldumarket.lt\/lt\/wp-json\/wp\/v2\/comments?post=243775"}],"wp:featuredmedia":[{"embeddable":true,"href":"https:\/\/baldumarket.lt\/lt\/wp-json\/wp\/v2\/media\/243776"}],"wp:attachment":[{"href":"https:\/\/baldumarket.lt\/lt\/wp-json\/wp\/v2\/media?parent=243775"}],"wp:term":[{"taxonomy":"product_brand","embeddable":true,"href":"https:\/\/baldumarket.lt\/lt\/wp-json\/wp\/v2\/product_brand?post=243775"},{"taxonomy":"product_cat","embeddable":true,"href":"https:\/\/baldumarket.lt\/lt\/wp-json\/wp\/v2\/product_cat?post=243775"},{"taxonomy":"product_tag","embeddable":true,"href":"https:\/\/baldumarket.lt\/lt\/wp-json\/wp\/v2\/product_tag?post=243775"}],"curies":[{"name":"wp","href":"https:\/\/api.w.org\/{rel}","templated":true}]}}