{"id":243769,"date":"2026-01-02T23:00:02","date_gmt":"2026-01-02T20:00:02","guid":{"rendered":"https:\/\/baldumarket.lt\/product\/szafka-dolna-wiszaca-cosmo\/"},"modified":"2026-02-11T18:33:40","modified_gmt":"2026-02-11T15:33:40","slug":"szafka-dolna-wiszaca-cosmo","status":"publish","type":"product","link":"https:\/\/baldumarket.lt\/lt\/product\/szafka-dolna-wiszaca-cosmo\/","title":{"rendered":"Cosmo apatin\u0117 pakabinama spintel\u0117"},"content":{"rendered":"<p>\u201eCosmo\u201c kolekcija sukurta tiems, kurie m\u0117gsta nesuvar\u017eyt\u0105 ir harmoning\u0105 interjer\u0105. \u0160ios kolekcijos vonios kambario baldai pasi\u017eymi vienodais korpusais ir fasadais i\u0161 Avola pu\u0161ies su subtiliais \u012fbr\u0117\u017eimais ir atvira medienos tekst\u016bra. Kolekcij\u0105 sudaro \u012fvairios paskirties ir dyd\u017ei\u0173 spintel\u0117s. Galite rinktis i\u0161 praustuv\u0173 spinteli\u0173 su stal\u010diais, apr\u016bpint\u0173 \u0161velnaus u\u017edarymo sistema, taip pat i\u0161 apatini\u0173 spinteli\u0173: auk\u0161t\u0173 ir \u017eem\u0173. Serij\u0105 puikiai papildo pakabinamos spintel\u0117s su veidrod\u017eiais ir prakti\u0161ku LED ap\u0161vietimu, kurios yra dviej\u0173 dyd\u017ei\u0173: 60 ir 80 cm. \u201eCosmo\u201c kolekcijos baldai i\u0161siskiria ne tik puikiu dizainu, bet ir auk\u0161ta meistri\u0161kumo kokybe.<\/p>","protected":false},"excerpt":{"rendered":"<p>Plotis (cm): 30<br \/>\n\u016agis (cm): 67<br \/>\nGylis (cm): 33<\/p>","protected":false},"featured_media":243770,"comment_status":"open","ping_status":"open","template":"","meta":[],"product_brand":[],"product_cat":[9117,2015,9187],"product_tag":[],"class_list":{"0":"post-243769","1":"product","2":"type-product","3":"status-publish","4":"has-post-thumbnail","6":"product_cat-bathroom","7":"product_cat-comad","8":"product_cat-washbasin-cabinet-comad","10":"first","11":"instock","12":"purchasable","13":"product-type-simple"},"_links":{"self":[{"href":"https:\/\/baldumarket.lt\/lt\/wp-json\/wp\/v2\/product\/243769","targetHints":{"allow":["GET"]}}],"collection":[{"href":"https:\/\/baldumarket.lt\/lt\/wp-json\/wp\/v2\/product"}],"about":[{"href":"https:\/\/baldumarket.lt\/lt\/wp-json\/wp\/v2\/types\/product"}],"replies":[{"embeddable":true,"href":"https:\/\/baldumarket.lt\/lt\/wp-json\/wp\/v2\/comments?post=243769"}],"wp:featuredmedia":[{"embeddable":true,"href":"https:\/\/baldumarket.lt\/lt\/wp-json\/wp\/v2\/media\/243770"}],"wp:attachment":[{"href":"https:\/\/baldumarket.lt\/lt\/wp-json\/wp\/v2\/media?parent=243769"}],"wp:term":[{"taxonomy":"product_brand","embeddable":true,"href":"https:\/\/baldumarket.lt\/lt\/wp-json\/wp\/v2\/product_brand?post=243769"},{"taxonomy":"product_cat","embeddable":true,"href":"https:\/\/baldumarket.lt\/lt\/wp-json\/wp\/v2\/product_cat?post=243769"},{"taxonomy":"product_tag","embeddable":true,"href":"https:\/\/baldumarket.lt\/lt\/wp-json\/wp\/v2\/product_tag?post=243769"}],"curies":[{"name":"wp","href":"https:\/\/api.w.org\/{rel}","templated":true}]}}